{"id":8574,"date":"2021-11-01T16:15:49","date_gmt":"2021-11-01T15:15:49","guid":{"rendered":"http:\/\/violmax.pl\/?post_type=product&#038;p=8574"},"modified":"2025-12-02T13:10:51","modified_gmt":"2025-12-02T12:10:51","slug":"myslistwo-karafka-caro-1000-ml-mysliwska-grzyb-szron","status":"publish","type":"product","link":"https:\/\/violmax.pl\/index.php\/produkt\/myslistwo-karafka-caro-1000-ml-mysliwska-grzyb-szron\/","title":{"rendered":"MY\u015aLISTWO, KARAFKA KROSNO &#8220;CARO&#8221; 1 LITR, MY\u015aLIWSKA SZRON"},"content":{"rendered":"<p><img loading=\"lazy\" class=\"alignnone size-medium wp-image-8568\" src=\"http:\/\/violmax.pl\/wp-content\/uploads\/2021\/11\/Mysliwskie_karafka_krosno_caro_1000_grzyb_mysliwy_4-240x300.png\" alt=\"\" width=\"240\" height=\"300\" srcset=\"https:\/\/violmax.pl\/wp-content\/uploads\/2021\/11\/Mysliwskie_karafka_krosno_caro_1000_grzyb_mysliwy_4-240x300.png 240w, https:\/\/violmax.pl\/wp-content\/uploads\/2021\/11\/Mysliwskie_karafka_krosno_caro_1000_grzyb_mysliwy_4-680x850.png 680w, https:\/\/violmax.pl\/wp-content\/uploads\/2021\/11\/Mysliwskie_karafka_krosno_caro_1000_grzyb_mysliwy_4.png 720w\" sizes=\"(max-width: 240px) 100vw, 240px\" \/><img loading=\"lazy\" class=\"alignnone size-medium wp-image-8567\" src=\"http:\/\/violmax.pl\/wp-content\/uploads\/2021\/11\/Mysliwskie_karafka_krosno_caro_1000_grzyb_mysliwy_3-240x300.png\" alt=\"\" width=\"240\" height=\"300\" srcset=\"https:\/\/violmax.pl\/wp-content\/uploads\/2021\/11\/Mysliwskie_karafka_krosno_caro_1000_grzyb_mysliwy_3-240x300.png 240w, https:\/\/violmax.pl\/wp-content\/uploads\/2021\/11\/Mysliwskie_karafka_krosno_caro_1000_grzyb_mysliwy_3-680x850.png 680w, https:\/\/violmax.pl\/wp-content\/uploads\/2021\/11\/Mysliwskie_karafka_krosno_caro_1000_grzyb_mysliwy_3.png 720w\" sizes=\"(max-width: 240px) 100vw, 240px\" \/><img loading=\"lazy\" class=\"alignnone size-medium wp-image-8566\" src=\"http:\/\/violmax.pl\/wp-content\/uploads\/2021\/11\/Mysliwskie_karafka_krosno_caro_1000_grzyb_mysliwy_2-240x300.png\" alt=\"\" width=\"240\" height=\"300\" srcset=\"https:\/\/violmax.pl\/wp-content\/uploads\/2021\/11\/Mysliwskie_karafka_krosno_caro_1000_grzyb_mysliwy_2-240x300.png 240w, https:\/\/violmax.pl\/wp-content\/uploads\/2021\/11\/Mysliwskie_karafka_krosno_caro_1000_grzyb_mysliwy_2-680x850.png 680w, https:\/\/violmax.pl\/wp-content\/uploads\/2021\/11\/Mysliwskie_karafka_krosno_caro_1000_grzyb_mysliwy_2.png 720w\" sizes=\"(max-width: 240px) 100vw, 240px\" \/><img loading=\"lazy\" class=\"alignnone size-medium wp-image-8565\" src=\"http:\/\/violmax.pl\/wp-content\/uploads\/2021\/11\/Mysliwskie_karafka_krosno_caro_1000_grzyb_mysliwy_1-240x300.png\" alt=\"\" width=\"240\" height=\"300\" srcset=\"https:\/\/violmax.pl\/wp-content\/uploads\/2021\/11\/Mysliwskie_karafka_krosno_caro_1000_grzyb_mysliwy_1-240x300.png 240w, https:\/\/violmax.pl\/wp-content\/uploads\/2021\/11\/Mysliwskie_karafka_krosno_caro_1000_grzyb_mysliwy_1-680x850.png 680w, https:\/\/violmax.pl\/wp-content\/uploads\/2021\/11\/Mysliwskie_karafka_krosno_caro_1000_grzyb_mysliwy_1.png 720w\" sizes=\"(max-width: 240px) 100vw, 240px\" \/><\/p>\n<p>&nbsp;<\/p>\n<p>Karafka do whisky Krosno &#8220;CARO&#8221; o litra\u017cu 1,00 litra \u2013 wypiaskowana z ka\u017cdej strony w motywy my\u015bliwskie, w tym przypadku w my\u015bliwych oraz dzika i jelenia. Wypiaskowana jest na oko\u0142o, co sprawia \u017ce wygl\u0105da jak by by\u0142a zmro\u017cona. Karafka mo\u017ce s\u0142u\u017cy\u0107 jako nietuzinkowy prezent dla my\u015bliwego. Karafka jest wykonana r\u0119cznie. Pi\u0119kny, okaza\u0142y prezent kt\u00f3ra zachwyci ka\u017cdego. Nadaje si\u0119 do mycia w zmywarce.<\/p>\n","protected":false},"excerpt":{"rendered":"<div class=\"woocommerce-product-details__short-description\">\n<p><img loading=\"lazy\" class=\"alignnone size-medium wp-image-3492\" src=\"http:\/\/violmax.pl\/wp-content\/uploads\/2020\/05\/VIOLMAX_POLSKA-300x28.jpg\" alt=\"\" width=\"300\" height=\"28\" \/><\/p>\n<p>&nbsp;<\/p>\n<p>Karafka do whisky Krosno &#8220;CARO&#8221; o litra\u017cu 1,00 litra \u2013 wypiaskowana z ka\u017cdej strony w motywy my\u015bliwskie, w tym przypadku w my\u015bliwych oraz dzika i jelenia. Wypiaskowana jest na oko\u0142o, co sprawia \u017ce wygl\u0105da jak by by\u0142a zmro\u017cona. Karafka mo\u017ce s\u0142u\u017cy\u0107 jako nietuzinkowy prezent dla my\u015bliwego. Karafka jest wykonana r\u0119cznie. Pi\u0119kny, okaza\u0142y prezent kt\u00f3ra zachwyci ka\u017cdego. Nadaje si\u0119 do mycia w zmywarce.<\/p>\n<p><strong><em>Minimalna ilo\u015b\u0107 zam\u00f3wienia \u2013 1 sztuka (1 opakowanie)<\/em><br \/>\n<\/strong><\/p>\n<p><strong><em>\u00a0<\/em><\/strong><\/p>\n<h3><strong>CENA ZA SZTUK\u0118.<\/strong><\/h3>\n<h2><strong>\u00a0<\/strong><\/h2>\n<\/div>\n","protected":false},"featured_media":8568,"comment_status":"open","ping_status":"closed","template":"","meta":[],"_links":{"self":[{"href":"https:\/\/violmax.pl\/index.php\/wp-json\/wp\/v2\/product\/8574"}],"collection":[{"href":"https:\/\/violmax.pl\/index.php\/wp-json\/wp\/v2\/product"}],"about":[{"href":"https:\/\/violmax.pl\/index.php\/wp-json\/wp\/v2\/types\/product"}],"replies":[{"embeddable":true,"href":"https:\/\/violmax.pl\/index.php\/wp-json\/wp\/v2\/comments?post=8574"}],"wp:featuredmedia":[{"embeddable":true,"href":"https:\/\/violmax.pl\/index.php\/wp-json\/wp\/v2\/media\/8568"}],"wp:attachment":[{"href":"https:\/\/violmax.pl\/index.php\/wp-json\/wp\/v2\/media?parent=8574"}],"curies":[{"name":"wp","href":"https:\/\/api.w.org\/{rel}","templated":true}]}}