{"id":856,"date":"2019-09-04T13:04:13","date_gmt":"2019-09-04T11:04:13","guid":{"rendered":"http:\/\/violmax.wroclaw.pl\/?post_type=product&#038;p=856"},"modified":"2025-12-02T13:30:05","modified_gmt":"2025-12-02T12:30:05","slug":"polska-orzel-magnez-metal","status":"publish","type":"product","link":"https:\/\/violmax.pl\/index.php\/produkt\/polska-orzel-magnez-metal\/","title":{"rendered":"POLSKA, ORZE\u0141 MAGNEZ METAL"},"content":{"rendered":"<p><img loading=\"lazy\" class=\"alignnone size-medium wp-image-858\" src=\"http:\/\/violmax.pl\/wp-content\/uploads\/2019\/09\/MAGNEZ-300x183.jpg\" alt=\"\" width=\"300\" height=\"183\" \/><\/p>\n<p>Oryginalny magnez z metalu, z elementami kolorowymi. Magnez ma wymiar oko\u0142o 5 cm x 5cm. Doskona\u0142y jako pami\u0105tka, ma\u0142y prezent, dodatek do upominku. Porz\u0105dnie wykonany, nie du\u017cy aczkolwiek wyrazisty. Idealna pami\u0105tka z Polski, podarunek dla ka\u017cdego.<\/p>\n","protected":false},"excerpt":{"rendered":"<p><img loading=\"lazy\" class=\"alignnone size-medium wp-image-3492\" src=\"http:\/\/violmax.pl\/wp-content\/uploads\/2020\/05\/VIOLMAX_POLSKA-300x28.jpg\" alt=\"\" width=\"300\" height=\"28\" \/><\/p>\n<p>&nbsp;<\/p>\n<p>Oryginalny magnez z metalu, z elementami kolorowymi. Magnez ma wymiar oko\u0142o 5 cm x 5cm. Doskona\u0142y jako pami\u0105tka, ma\u0142y prezent, dodatek do upominku. Porz\u0105dnie wykonany, nie du\u017cy aczkolwiek wyrazisty. Idealna pami\u0105tka z Polski, podarunek dla ka\u017cdego.<\/p>\n<p><strong><em>Minimalna ilo\u015b\u0107 zam\u00f3wienia &#8211; 6 sztuk\u00a0 (1 opakowanie)<\/em><br \/>\n<\/strong><\/p>\n<p><strong><em>Towar sprzedawany na opakowania<\/em><\/strong><\/p>\n<h3><span style=\"color: #ff0000;\">PRZY DODAWANIU DO KOSZYKA, NALE\u017bY DODAWA\u0106 KROTNO\u015a\u0106\u00a0 LICZBY 6 &#8211; (1 opak)\u00a0 np: 6 ; 12 ; 18 itd<\/span><\/h3>\n<h3><strong>CENA ZA SZTUK\u0118.<\/strong><\/h3>\n","protected":false},"featured_media":858,"comment_status":"open","ping_status":"closed","template":"","meta":[],"_links":{"self":[{"href":"https:\/\/violmax.pl\/index.php\/wp-json\/wp\/v2\/product\/856"}],"collection":[{"href":"https:\/\/violmax.pl\/index.php\/wp-json\/wp\/v2\/product"}],"about":[{"href":"https:\/\/violmax.pl\/index.php\/wp-json\/wp\/v2\/types\/product"}],"replies":[{"embeddable":true,"href":"https:\/\/violmax.pl\/index.php\/wp-json\/wp\/v2\/comments?post=856"}],"wp:featuredmedia":[{"embeddable":true,"href":"https:\/\/violmax.pl\/index.php\/wp-json\/wp\/v2\/media\/858"}],"wp:attachment":[{"href":"https:\/\/violmax.pl\/index.php\/wp-json\/wp\/v2\/media?parent=856"}],"curies":[{"name":"wp","href":"https:\/\/api.w.org\/{rel}","templated":true}]}}