{"id":8558,"date":"2021-10-25T21:51:14","date_gmt":"2021-10-25T19:51:14","guid":{"rendered":"http:\/\/violmax.pl\/?post_type=product&#038;p=8558"},"modified":"2025-12-02T13:10:52","modified_gmt":"2025-12-02T12:10:52","slug":"myslistwo-szklanka-do-whisky-truva-250-ml-komplet","status":"publish","type":"product","link":"https:\/\/violmax.pl\/index.php\/produkt\/myslistwo-szklanka-do-whisky-truva-250-ml-komplet\/","title":{"rendered":"MY\u015aLISTWO, SZKLANKA DO WHISKY  &#8220;TRUVA&#8221; 250 ML, MY\u015aLIWI I ZWIERZ\u0118TA \u0141OWNE SZRON"},"content":{"rendered":"<p><img loading=\"lazy\" class=\"alignnone size-medium wp-image-8554\" src=\"http:\/\/violmax.pl\/wp-content\/uploads\/2021\/10\/Mysliwskie_szklanka_do_whisky_truva_250_ml_mysliwy_jelen-300x240.png\" alt=\"\" width=\"300\" height=\"240\" srcset=\"https:\/\/violmax.pl\/wp-content\/uploads\/2021\/10\/Mysliwskie_szklanka_do_whisky_truva_250_ml_mysliwy_jelen-300x240.png 300w, https:\/\/violmax.pl\/wp-content\/uploads\/2021\/10\/Mysliwskie_szklanka_do_whisky_truva_250_ml_mysliwy_jelen-768x614.png 768w, https:\/\/violmax.pl\/wp-content\/uploads\/2021\/10\/Mysliwskie_szklanka_do_whisky_truva_250_ml_mysliwy_jelen-320x256.png 320w, https:\/\/violmax.pl\/wp-content\/uploads\/2021\/10\/Mysliwskie_szklanka_do_whisky_truva_250_ml_mysliwy_jelen-680x544.png 680w, https:\/\/violmax.pl\/wp-content\/uploads\/2021\/10\/Mysliwskie_szklanka_do_whisky_truva_250_ml_mysliwy_jelen.png 900w\" sizes=\"(max-width: 300px) 100vw, 300px\" \/><img loading=\"lazy\" class=\"alignnone size-medium wp-image-8556\" src=\"http:\/\/violmax.pl\/wp-content\/uploads\/2021\/10\/Mysliwskie_szklanka_do_whisky_truva_250_ml_mysliwy_lis-300x240.png\" alt=\"\" width=\"300\" height=\"240\" srcset=\"https:\/\/violmax.pl\/wp-content\/uploads\/2021\/10\/Mysliwskie_szklanka_do_whisky_truva_250_ml_mysliwy_lis-300x240.png 300w, https:\/\/violmax.pl\/wp-content\/uploads\/2021\/10\/Mysliwskie_szklanka_do_whisky_truva_250_ml_mysliwy_lis-768x614.png 768w, https:\/\/violmax.pl\/wp-content\/uploads\/2021\/10\/Mysliwskie_szklanka_do_whisky_truva_250_ml_mysliwy_lis-320x256.png 320w, https:\/\/violmax.pl\/wp-content\/uploads\/2021\/10\/Mysliwskie_szklanka_do_whisky_truva_250_ml_mysliwy_lis-680x544.png 680w, https:\/\/violmax.pl\/wp-content\/uploads\/2021\/10\/Mysliwskie_szklanka_do_whisky_truva_250_ml_mysliwy_lis.png 900w\" sizes=\"(max-width: 300px) 100vw, 300px\" \/><img loading=\"lazy\" class=\"alignnone size-medium wp-image-8555\" src=\"http:\/\/violmax.pl\/wp-content\/uploads\/2021\/10\/Mysliwskie_szklanka_do_whisky_truva_250_ml_mysliwy_kaczki-300x240.png\" alt=\"\" width=\"300\" height=\"240\" srcset=\"https:\/\/violmax.pl\/wp-content\/uploads\/2021\/10\/Mysliwskie_szklanka_do_whisky_truva_250_ml_mysliwy_kaczki-300x240.png 300w, https:\/\/violmax.pl\/wp-content\/uploads\/2021\/10\/Mysliwskie_szklanka_do_whisky_truva_250_ml_mysliwy_kaczki-768x614.png 768w, https:\/\/violmax.pl\/wp-content\/uploads\/2021\/10\/Mysliwskie_szklanka_do_whisky_truva_250_ml_mysliwy_kaczki-320x256.png 320w, https:\/\/violmax.pl\/wp-content\/uploads\/2021\/10\/Mysliwskie_szklanka_do_whisky_truva_250_ml_mysliwy_kaczki-680x544.png 680w, https:\/\/violmax.pl\/wp-content\/uploads\/2021\/10\/Mysliwskie_szklanka_do_whisky_truva_250_ml_mysliwy_kaczki.png 900w\" sizes=\"(max-width: 300px) 100vw, 300px\" \/><img loading=\"lazy\" class=\"alignnone size-medium wp-image-8553\" src=\"http:\/\/violmax.pl\/wp-content\/uploads\/2021\/10\/Mysliwskie_szklanka_do_whisky_truva_250_ml_mysliwy_dzik-300x240.png\" alt=\"\" width=\"300\" height=\"240\" srcset=\"https:\/\/violmax.pl\/wp-content\/uploads\/2021\/10\/Mysliwskie_szklanka_do_whisky_truva_250_ml_mysliwy_dzik-300x240.png 300w, https:\/\/violmax.pl\/wp-content\/uploads\/2021\/10\/Mysliwskie_szklanka_do_whisky_truva_250_ml_mysliwy_dzik-768x614.png 768w, https:\/\/violmax.pl\/wp-content\/uploads\/2021\/10\/Mysliwskie_szklanka_do_whisky_truva_250_ml_mysliwy_dzik-320x256.png 320w, https:\/\/violmax.pl\/wp-content\/uploads\/2021\/10\/Mysliwskie_szklanka_do_whisky_truva_250_ml_mysliwy_dzik-680x544.png 680w, https:\/\/violmax.pl\/wp-content\/uploads\/2021\/10\/Mysliwskie_szklanka_do_whisky_truva_250_ml_mysliwy_dzik.png 900w\" sizes=\"(max-width: 300px) 100vw, 300px\" \/><img loading=\"lazy\" class=\"alignnone size-medium wp-image-8552\" src=\"http:\/\/violmax.pl\/wp-content\/uploads\/2021\/10\/Mysliwskie_szklanka_do_whisky_truva_250_ml_mysliwy_bazanty-300x240.png\" alt=\"\" width=\"300\" height=\"240\" srcset=\"https:\/\/violmax.pl\/wp-content\/uploads\/2021\/10\/Mysliwskie_szklanka_do_whisky_truva_250_ml_mysliwy_bazanty-300x240.png 300w, https:\/\/violmax.pl\/wp-content\/uploads\/2021\/10\/Mysliwskie_szklanka_do_whisky_truva_250_ml_mysliwy_bazanty-768x614.png 768w, https:\/\/violmax.pl\/wp-content\/uploads\/2021\/10\/Mysliwskie_szklanka_do_whisky_truva_250_ml_mysliwy_bazanty-320x256.png 320w, https:\/\/violmax.pl\/wp-content\/uploads\/2021\/10\/Mysliwskie_szklanka_do_whisky_truva_250_ml_mysliwy_bazanty-680x544.png 680w, https:\/\/violmax.pl\/wp-content\/uploads\/2021\/10\/Mysliwskie_szklanka_do_whisky_truva_250_ml_mysliwy_bazanty.png 900w\" sizes=\"(max-width: 300px) 100vw, 300px\" \/><img loading=\"lazy\" class=\"alignnone size-medium wp-image-8557\" src=\"http:\/\/violmax.pl\/wp-content\/uploads\/2021\/10\/Mysliwskie_szklanka_do_whisky_truva_280_ml_dno-300x300.png\" alt=\"\" width=\"300\" height=\"300\" srcset=\"https:\/\/violmax.pl\/wp-content\/uploads\/2021\/10\/Mysliwskie_szklanka_do_whisky_truva_280_ml_dno-300x300.png 300w, https:\/\/violmax.pl\/wp-content\/uploads\/2021\/10\/Mysliwskie_szklanka_do_whisky_truva_280_ml_dno-150x150.png 150w, https:\/\/violmax.pl\/wp-content\/uploads\/2021\/10\/Mysliwskie_szklanka_do_whisky_truva_280_ml_dno-768x768.png 768w, https:\/\/violmax.pl\/wp-content\/uploads\/2021\/10\/Mysliwskie_szklanka_do_whisky_truva_280_ml_dno-680x680.png 680w, https:\/\/violmax.pl\/wp-content\/uploads\/2021\/10\/Mysliwskie_szklanka_do_whisky_truva_280_ml_dno-100x100.png 100w, https:\/\/violmax.pl\/wp-content\/uploads\/2021\/10\/Mysliwskie_szklanka_do_whisky_truva_280_ml_dno.png 900w\" sizes=\"(max-width: 300px) 100vw, 300px\" \/><\/p>\n<p>&nbsp;<\/p>\n<p>Szklanka do whisky &#8220;TRUVA&#8221; o pojemno\u015bci 250 ml. Elegancki upominek dla my\u015bliwego. Szklanka jest wypiaskowana , co sprawia \u017ce wygl\u0105da jak by by\u0142a zmro\u017cona. Ozdobiona jest motywem my\u015bliwego oraz zwierz\u0119tami \u0142ownymi. Jej dno jest ozdobione o kszta\u0142cie skoszonego kwadratu a boki kwadratu id\u0105 do samej g\u00f3ry szklanki w kszta\u0142cie spirali.Wygodna szklanka o du\u017cej pojemno\u015bci, dobrze trzyma si\u0119 w d\u0142oni. W komplecie znajduj\u0119 si\u0119 6 szklanek , z motywami ba\u017canta, kaczki, dzika, lisa oraz dwa razy jelenia. Nadaje si\u0119 do mycia w zmywarce.<\/p>\n","protected":false},"excerpt":{"rendered":"<p><img loading=\"lazy\" class=\"alignnone size-medium wp-image-3492\" src=\"http:\/\/violmax.pl\/wp-content\/uploads\/2020\/05\/VIOLMAX_POLSKA-300x28.jpg\" alt=\"\" width=\"300\" height=\"28\" \/><\/p>\n<p>&nbsp;<\/p>\n<p>Szklanka do whisky &#8220;TRUVA&#8221; o pojemno\u015bci 250 ml. Elegancki upominek dla my\u015bliwego. Szklanka jest wypiaskowana , co sprawia \u017ce wygl\u0105da jak by by\u0142a zmro\u017cona. Ozdobiona jest motywem my\u015bliwego oraz zwierz\u0119tami \u0142ownymi. Jej dno jest ozdobione o kszta\u0142cie skoszonego kwadratu a boki kwadratu id\u0105 do samej g\u00f3ry szklanki w kszta\u0142cie spirali.Wygodna szklanka o du\u017cej pojemno\u015bci, dobrze trzyma si\u0119 w d\u0142oni. W komplecie znajduj\u0119 si\u0119 6 szklanek , z motywami ba\u017canta, kaczki, dzika, lisa oraz dwa razy jelenia. Nadaje si\u0119 do mycia w zmywarce.<\/p>\n<p><em><strong>Minimalna ilo\u015b\u0107 zam\u00f3wienia &#8211; 6 sztuk (1 opakowanie)<br \/>\n<\/strong><\/em><\/p>\n<p><strong><em>Towar sprzedawany na opakowania<\/em><\/strong><\/p>\n<h3><span style=\"color: #ff0000;\">PRZY DODAWANIU DO KOSZYKA, NALE\u017bY DODAWA\u0106 KROTNO\u015a\u0106\u00a0 LICZBY 6 &#8211; (1 opak)\u00a0 np: 6 ; 12 ; 18 itd<\/span><\/h3>\n<h3><strong>CENA ZA SZTUK\u0118.<\/strong><\/h3>\n<h2><strong>\u00a0<\/strong><\/h2>\n","protected":false},"featured_media":8551,"comment_status":"open","ping_status":"closed","template":"","meta":[],"_links":{"self":[{"href":"https:\/\/violmax.pl\/index.php\/wp-json\/wp\/v2\/product\/8558"}],"collection":[{"href":"https:\/\/violmax.pl\/index.php\/wp-json\/wp\/v2\/product"}],"about":[{"href":"https:\/\/violmax.pl\/index.php\/wp-json\/wp\/v2\/types\/product"}],"replies":[{"embeddable":true,"href":"https:\/\/violmax.pl\/index.php\/wp-json\/wp\/v2\/comments?post=8558"}],"wp:featuredmedia":[{"embeddable":true,"href":"https:\/\/violmax.pl\/index.php\/wp-json\/wp\/v2\/media\/8551"}],"wp:attachment":[{"href":"https:\/\/violmax.pl\/index.php\/wp-json\/wp\/v2\/media?parent=8558"}],"curies":[{"name":"wp","href":"https:\/\/api.w.org\/{rel}","templated":true}]}}