{"id":8548,"date":"2021-10-22T20:49:52","date_gmt":"2021-10-22T18:49:52","guid":{"rendered":"http:\/\/violmax.pl\/?post_type=product&#038;p=8548"},"modified":"2025-12-02T13:10:52","modified_gmt":"2025-12-02T12:10:52","slug":"myslistwo-kieliszek-do-wina-bialego-krosno-krysta-komplet-szron","status":"publish","type":"product","link":"https:\/\/violmax.pl\/index.php\/produkt\/myslistwo-kieliszek-do-wina-bialego-krosno-krysta-komplet-szron\/","title":{"rendered":"MY\u015aLISTWO, KIELISZEK DO WINA BIA\u0141EGO KROSNO &#8220;KRYSTA&#8221; 150 ML, MY\u015aLIWI I ZWIERZ\u0118TA \u0141OWNE SZRON"},"content":{"rendered":"<p><img loading=\"lazy\" class=\"alignnone size-medium wp-image-8535\" src=\"http:\/\/violmax.pl\/wp-content\/uploads\/2021\/10\/Mysliwskie_kieliszek_do_wina_czerwonego_krista_220_ml_mysliwy_jelen2_szron-300x300.png\" alt=\"\" width=\"300\" height=\"300\" srcset=\"https:\/\/violmax.pl\/wp-content\/uploads\/2021\/10\/Mysliwskie_kieliszek_do_wina_czerwonego_krista_220_ml_mysliwy_jelen2_szron-300x300.png 300w, https:\/\/violmax.pl\/wp-content\/uploads\/2021\/10\/Mysliwskie_kieliszek_do_wina_czerwonego_krista_220_ml_mysliwy_jelen2_szron-150x150.png 150w, https:\/\/violmax.pl\/wp-content\/uploads\/2021\/10\/Mysliwskie_kieliszek_do_wina_czerwonego_krista_220_ml_mysliwy_jelen2_szron-768x768.png 768w, https:\/\/violmax.pl\/wp-content\/uploads\/2021\/10\/Mysliwskie_kieliszek_do_wina_czerwonego_krista_220_ml_mysliwy_jelen2_szron-680x680.png 680w, https:\/\/violmax.pl\/wp-content\/uploads\/2021\/10\/Mysliwskie_kieliszek_do_wina_czerwonego_krista_220_ml_mysliwy_jelen2_szron-100x100.png 100w, https:\/\/violmax.pl\/wp-content\/uploads\/2021\/10\/Mysliwskie_kieliszek_do_wina_czerwonego_krista_220_ml_mysliwy_jelen2_szron.png 900w\" sizes=\"(max-width: 300px) 100vw, 300px\" \/><img loading=\"lazy\" class=\"alignnone size-medium wp-image-8537\" src=\"http:\/\/violmax.pl\/wp-content\/uploads\/2021\/10\/Mysliwskie_kieliszek_do_wina_czerwonego_krista_220_ml_mysliwy_lis_szron-300x300.png\" alt=\"\" width=\"300\" height=\"300\" srcset=\"https:\/\/violmax.pl\/wp-content\/uploads\/2021\/10\/Mysliwskie_kieliszek_do_wina_czerwonego_krista_220_ml_mysliwy_lis_szron-300x300.png 300w, https:\/\/violmax.pl\/wp-content\/uploads\/2021\/10\/Mysliwskie_kieliszek_do_wina_czerwonego_krista_220_ml_mysliwy_lis_szron-150x150.png 150w, https:\/\/violmax.pl\/wp-content\/uploads\/2021\/10\/Mysliwskie_kieliszek_do_wina_czerwonego_krista_220_ml_mysliwy_lis_szron-768x768.png 768w, https:\/\/violmax.pl\/wp-content\/uploads\/2021\/10\/Mysliwskie_kieliszek_do_wina_czerwonego_krista_220_ml_mysliwy_lis_szron-680x680.png 680w, https:\/\/violmax.pl\/wp-content\/uploads\/2021\/10\/Mysliwskie_kieliszek_do_wina_czerwonego_krista_220_ml_mysliwy_lis_szron-100x100.png 100w, https:\/\/violmax.pl\/wp-content\/uploads\/2021\/10\/Mysliwskie_kieliszek_do_wina_czerwonego_krista_220_ml_mysliwy_lis_szron.png 900w\" sizes=\"(max-width: 300px) 100vw, 300px\" \/><img loading=\"lazy\" class=\"alignnone size-medium wp-image-8536\" src=\"http:\/\/violmax.pl\/wp-content\/uploads\/2021\/10\/Mysliwskie_kieliszek_do_wina_czerwonego_krista_220_ml_mysliwy_kaczki_szron-300x300.png\" alt=\"\" width=\"300\" height=\"300\" srcset=\"https:\/\/violmax.pl\/wp-content\/uploads\/2021\/10\/Mysliwskie_kieliszek_do_wina_czerwonego_krista_220_ml_mysliwy_kaczki_szron-300x300.png 300w, https:\/\/violmax.pl\/wp-content\/uploads\/2021\/10\/Mysliwskie_kieliszek_do_wina_czerwonego_krista_220_ml_mysliwy_kaczki_szron-150x150.png 150w, https:\/\/violmax.pl\/wp-content\/uploads\/2021\/10\/Mysliwskie_kieliszek_do_wina_czerwonego_krista_220_ml_mysliwy_kaczki_szron-768x768.png 768w, https:\/\/violmax.pl\/wp-content\/uploads\/2021\/10\/Mysliwskie_kieliszek_do_wina_czerwonego_krista_220_ml_mysliwy_kaczki_szron-680x680.png 680w, https:\/\/violmax.pl\/wp-content\/uploads\/2021\/10\/Mysliwskie_kieliszek_do_wina_czerwonego_krista_220_ml_mysliwy_kaczki_szron-100x100.png 100w, https:\/\/violmax.pl\/wp-content\/uploads\/2021\/10\/Mysliwskie_kieliszek_do_wina_czerwonego_krista_220_ml_mysliwy_kaczki_szron.png 900w\" sizes=\"(max-width: 300px) 100vw, 300px\" \/><img loading=\"lazy\" class=\"alignnone size-medium wp-image-8534\" src=\"http:\/\/violmax.pl\/wp-content\/uploads\/2021\/10\/Mysliwskie_kieliszek_do_wina_czerwonego_krista_220_ml_mysliwy_jelen1_szron-300x300.png\" alt=\"\" width=\"300\" height=\"300\" srcset=\"https:\/\/violmax.pl\/wp-content\/uploads\/2021\/10\/Mysliwskie_kieliszek_do_wina_czerwonego_krista_220_ml_mysliwy_jelen1_szron-300x300.png 300w, https:\/\/violmax.pl\/wp-content\/uploads\/2021\/10\/Mysliwskie_kieliszek_do_wina_czerwonego_krista_220_ml_mysliwy_jelen1_szron-150x150.png 150w, https:\/\/violmax.pl\/wp-content\/uploads\/2021\/10\/Mysliwskie_kieliszek_do_wina_czerwonego_krista_220_ml_mysliwy_jelen1_szron-768x768.png 768w, https:\/\/violmax.pl\/wp-content\/uploads\/2021\/10\/Mysliwskie_kieliszek_do_wina_czerwonego_krista_220_ml_mysliwy_jelen1_szron-680x680.png 680w, https:\/\/violmax.pl\/wp-content\/uploads\/2021\/10\/Mysliwskie_kieliszek_do_wina_czerwonego_krista_220_ml_mysliwy_jelen1_szron-100x100.png 100w, https:\/\/violmax.pl\/wp-content\/uploads\/2021\/10\/Mysliwskie_kieliszek_do_wina_czerwonego_krista_220_ml_mysliwy_jelen1_szron.png 900w\" sizes=\"(max-width: 300px) 100vw, 300px\" \/><img loading=\"lazy\" class=\"alignnone size-medium wp-image-8533\" src=\"http:\/\/violmax.pl\/wp-content\/uploads\/2021\/10\/Mysliwskie_kieliszek_do_wina_czerwonego_krista_220_ml_mysliwy_dzik_szron-300x300.png\" alt=\"\" width=\"300\" height=\"300\" srcset=\"https:\/\/violmax.pl\/wp-content\/uploads\/2021\/10\/Mysliwskie_kieliszek_do_wina_czerwonego_krista_220_ml_mysliwy_dzik_szron-300x300.png 300w, https:\/\/violmax.pl\/wp-content\/uploads\/2021\/10\/Mysliwskie_kieliszek_do_wina_czerwonego_krista_220_ml_mysliwy_dzik_szron-150x150.png 150w, https:\/\/violmax.pl\/wp-content\/uploads\/2021\/10\/Mysliwskie_kieliszek_do_wina_czerwonego_krista_220_ml_mysliwy_dzik_szron-768x768.png 768w, https:\/\/violmax.pl\/wp-content\/uploads\/2021\/10\/Mysliwskie_kieliszek_do_wina_czerwonego_krista_220_ml_mysliwy_dzik_szron-680x680.png 680w, https:\/\/violmax.pl\/wp-content\/uploads\/2021\/10\/Mysliwskie_kieliszek_do_wina_czerwonego_krista_220_ml_mysliwy_dzik_szron-100x100.png 100w, https:\/\/violmax.pl\/wp-content\/uploads\/2021\/10\/Mysliwskie_kieliszek_do_wina_czerwonego_krista_220_ml_mysliwy_dzik_szron.png 900w\" sizes=\"(max-width: 300px) 100vw, 300px\" \/><img loading=\"lazy\" class=\"alignnone size-medium wp-image-8532\" src=\"http:\/\/violmax.pl\/wp-content\/uploads\/2021\/10\/Mysliwskie_kieliszek_do_wina_czerwonego_krista_220_ml_mysliwy_bazant_szron-300x300.png\" alt=\"\" width=\"300\" height=\"300\" srcset=\"https:\/\/violmax.pl\/wp-content\/uploads\/2021\/10\/Mysliwskie_kieliszek_do_wina_czerwonego_krista_220_ml_mysliwy_bazant_szron-300x300.png 300w, https:\/\/violmax.pl\/wp-content\/uploads\/2021\/10\/Mysliwskie_kieliszek_do_wina_czerwonego_krista_220_ml_mysliwy_bazant_szron-150x150.png 150w, https:\/\/violmax.pl\/wp-content\/uploads\/2021\/10\/Mysliwskie_kieliszek_do_wina_czerwonego_krista_220_ml_mysliwy_bazant_szron-768x768.png 768w, https:\/\/violmax.pl\/wp-content\/uploads\/2021\/10\/Mysliwskie_kieliszek_do_wina_czerwonego_krista_220_ml_mysliwy_bazant_szron-680x680.png 680w, https:\/\/violmax.pl\/wp-content\/uploads\/2021\/10\/Mysliwskie_kieliszek_do_wina_czerwonego_krista_220_ml_mysliwy_bazant_szron-100x100.png 100w, https:\/\/violmax.pl\/wp-content\/uploads\/2021\/10\/Mysliwskie_kieliszek_do_wina_czerwonego_krista_220_ml_mysliwy_bazant_szron.png 900w\" sizes=\"(max-width: 300px) 100vw, 300px\" \/><\/p>\n<p>&nbsp;<\/p>\n<p>Kieliszek do wina bia\u0142ego Krosno &#8220;KRISTA&#8221; o pojemno\u015bci 150 ml. Elegancki upominek dla my\u015bliwego. Kieliszek jest wypiaskowany na oko\u0142o , co sprawia \u017ce wygl\u0105da jak by by\u0142 zmro\u017cony. Ozdobiony jest motywem my\u015bliwego oraz zwierz\u0119tami \u0142ownymi. W komplecie znajduj\u0119 si\u0119 6 kieliszk\u00f3w, ozdobionych motywem ba\u017canta, kaczki, lisa i dwa razy jelenia. Wygodny kieliszek o du\u017cej pojemno\u015bci, dobrze trzyma si\u0119 w d\u0142oni.\u00a0 Nadaje si\u0119 do mycia w zmywarce.<\/p>\n","protected":false},"excerpt":{"rendered":"<p><img loading=\"lazy\" class=\"alignnone size-medium wp-image-3492\" src=\"http:\/\/violmax.pl\/wp-content\/uploads\/2020\/05\/VIOLMAX_POLSKA-300x28.jpg\" alt=\"\" width=\"300\" height=\"28\" \/><\/p>\n<p>&nbsp;<\/p>\n<p>Kieliszek do wina bia\u0142ego Krosno &#8220;KRISTA&#8221; o pojemno\u015bci 150 ml. Elegancki upominek dla my\u015bliwego. Kieliszek jest wypiaskowany na oko\u0142o , co sprawia \u017ce wygl\u0105da jak by by\u0142 zmro\u017cony. Ozdobiony jest motywem my\u015bliwego oraz zwierz\u0119tami \u0142ownymi. W komplecie znajduj\u0119 si\u0119 6 kieliszk\u00f3w, ozdobionych motywem ba\u017canta, kaczki, lisa i dwa razy jelenia. Wygodny kieliszek o du\u017cej pojemno\u015bci, dobrze trzyma si\u0119 w d\u0142oni.\u00a0 Nadaje si\u0119 do mycia w zmywarce.<\/p>\n<p><em><strong>Minimalna ilo\u015b\u0107 zam\u00f3wienia &#8211; 6 sztuk (1 opakowanie)<br \/>\n<\/strong><\/em><\/p>\n<p><strong><em>Towar sprzedawany na opakowania<\/em><\/strong><\/p>\n<h3><span style=\"color: #ff0000;\">PRZY DODAWANIU DO KOSZYKA, NALE\u017bY DODAWA\u0106 KROTNO\u015a\u0106\u00a0 LICZBY 6 &#8211; (1 opak)\u00a0 np: 6 ; 12 ; 18 itd<\/span><\/h3>\n<h3><strong>CENA ZA SZTUK\u0118.<\/strong><\/h3>\n<h2><strong>\u00a0<\/strong><\/h2>\n","protected":false},"featured_media":8550,"comment_status":"open","ping_status":"closed","template":"","meta":[],"_links":{"self":[{"href":"https:\/\/violmax.pl\/index.php\/wp-json\/wp\/v2\/product\/8548"}],"collection":[{"href":"https:\/\/violmax.pl\/index.php\/wp-json\/wp\/v2\/product"}],"about":[{"href":"https:\/\/violmax.pl\/index.php\/wp-json\/wp\/v2\/types\/product"}],"replies":[{"embeddable":true,"href":"https:\/\/violmax.pl\/index.php\/wp-json\/wp\/v2\/comments?post=8548"}],"wp:featuredmedia":[{"embeddable":true,"href":"https:\/\/violmax.pl\/index.php\/wp-json\/wp\/v2\/media\/8550"}],"wp:attachment":[{"href":"https:\/\/violmax.pl\/index.php\/wp-json\/wp\/v2\/media?parent=8548"}],"curies":[{"name":"wp","href":"https:\/\/api.w.org\/{rel}","templated":true}]}}