{"id":8544,"date":"2021-10-22T20:10:32","date_gmt":"2021-10-22T18:10:32","guid":{"rendered":"http:\/\/violmax.pl\/?post_type=product&#038;p=8544"},"modified":"2025-12-02T13:10:53","modified_gmt":"2025-12-02T12:10:53","slug":"myslistwo-szklanka-do-whisky-fjors-300-ml-mysliwy-jelen-szron","status":"publish","type":"product","link":"https:\/\/violmax.pl\/index.php\/produkt\/myslistwo-szklanka-do-whisky-fjors-300-ml-mysliwy-jelen-szron\/","title":{"rendered":"MY\u015aLISTWO, SZKLANKA DO WHISKY KROSNO &#8220;FJORD&#8221; 300 ML, MY\u015aLIWI I ZWIERZ\u0118TA \u0141OWNE SZRON"},"content":{"rendered":"<p><img loading=\"lazy\" class=\"alignnone size-medium wp-image-8540\" src=\"http:\/\/violmax.pl\/wp-content\/uploads\/2021\/10\/Mysliwskie_szklanka_do_whisky_fjord_300_ml_mysliwy_jelen1_szron-300x240.png\" alt=\"\" width=\"300\" height=\"240\" srcset=\"https:\/\/violmax.pl\/wp-content\/uploads\/2021\/10\/Mysliwskie_szklanka_do_whisky_fjord_300_ml_mysliwy_jelen1_szron-300x240.png 300w, https:\/\/violmax.pl\/wp-content\/uploads\/2021\/10\/Mysliwskie_szklanka_do_whisky_fjord_300_ml_mysliwy_jelen1_szron-768x614.png 768w, https:\/\/violmax.pl\/wp-content\/uploads\/2021\/10\/Mysliwskie_szklanka_do_whisky_fjord_300_ml_mysliwy_jelen1_szron-320x256.png 320w, https:\/\/violmax.pl\/wp-content\/uploads\/2021\/10\/Mysliwskie_szklanka_do_whisky_fjord_300_ml_mysliwy_jelen1_szron-680x544.png 680w, https:\/\/violmax.pl\/wp-content\/uploads\/2021\/10\/Mysliwskie_szklanka_do_whisky_fjord_300_ml_mysliwy_jelen1_szron.png 900w\" sizes=\"(max-width: 300px) 100vw, 300px\" \/><img loading=\"lazy\" class=\"alignnone size-medium wp-image-8543\" src=\"http:\/\/violmax.pl\/wp-content\/uploads\/2021\/10\/Mysliwskie_szklanka_do_whisky_fjord_300_ml_mysliwy_lis_szron-300x240.png\" alt=\"\" width=\"300\" height=\"240\" srcset=\"https:\/\/violmax.pl\/wp-content\/uploads\/2021\/10\/Mysliwskie_szklanka_do_whisky_fjord_300_ml_mysliwy_lis_szron-300x240.png 300w, https:\/\/violmax.pl\/wp-content\/uploads\/2021\/10\/Mysliwskie_szklanka_do_whisky_fjord_300_ml_mysliwy_lis_szron-768x614.png 768w, https:\/\/violmax.pl\/wp-content\/uploads\/2021\/10\/Mysliwskie_szklanka_do_whisky_fjord_300_ml_mysliwy_lis_szron-320x256.png 320w, https:\/\/violmax.pl\/wp-content\/uploads\/2021\/10\/Mysliwskie_szklanka_do_whisky_fjord_300_ml_mysliwy_lis_szron-680x544.png 680w, https:\/\/violmax.pl\/wp-content\/uploads\/2021\/10\/Mysliwskie_szklanka_do_whisky_fjord_300_ml_mysliwy_lis_szron.png 900w\" sizes=\"(max-width: 300px) 100vw, 300px\" \/><img loading=\"lazy\" class=\"alignnone size-medium wp-image-8542\" src=\"http:\/\/violmax.pl\/wp-content\/uploads\/2021\/10\/Mysliwskie_szklanka_do_whisky_fjord_300_ml_mysliwy_kaczki_szron-300x240.png\" alt=\"\" width=\"300\" height=\"240\" srcset=\"https:\/\/violmax.pl\/wp-content\/uploads\/2021\/10\/Mysliwskie_szklanka_do_whisky_fjord_300_ml_mysliwy_kaczki_szron-300x240.png 300w, https:\/\/violmax.pl\/wp-content\/uploads\/2021\/10\/Mysliwskie_szklanka_do_whisky_fjord_300_ml_mysliwy_kaczki_szron-768x614.png 768w, https:\/\/violmax.pl\/wp-content\/uploads\/2021\/10\/Mysliwskie_szklanka_do_whisky_fjord_300_ml_mysliwy_kaczki_szron-320x256.png 320w, https:\/\/violmax.pl\/wp-content\/uploads\/2021\/10\/Mysliwskie_szklanka_do_whisky_fjord_300_ml_mysliwy_kaczki_szron-680x544.png 680w, https:\/\/violmax.pl\/wp-content\/uploads\/2021\/10\/Mysliwskie_szklanka_do_whisky_fjord_300_ml_mysliwy_kaczki_szron.png 900w\" sizes=\"(max-width: 300px) 100vw, 300px\" \/><img loading=\"lazy\" class=\"alignnone size-medium wp-image-8541\" src=\"http:\/\/violmax.pl\/wp-content\/uploads\/2021\/10\/Mysliwskie_szklanka_do_whisky_fjord_300_ml_mysliwy_jelen2_szron-300x240.png\" alt=\"\" width=\"300\" height=\"240\" srcset=\"https:\/\/violmax.pl\/wp-content\/uploads\/2021\/10\/Mysliwskie_szklanka_do_whisky_fjord_300_ml_mysliwy_jelen2_szron-300x240.png 300w, https:\/\/violmax.pl\/wp-content\/uploads\/2021\/10\/Mysliwskie_szklanka_do_whisky_fjord_300_ml_mysliwy_jelen2_szron-768x614.png 768w, https:\/\/violmax.pl\/wp-content\/uploads\/2021\/10\/Mysliwskie_szklanka_do_whisky_fjord_300_ml_mysliwy_jelen2_szron-320x256.png 320w, https:\/\/violmax.pl\/wp-content\/uploads\/2021\/10\/Mysliwskie_szklanka_do_whisky_fjord_300_ml_mysliwy_jelen2_szron-680x544.png 680w, https:\/\/violmax.pl\/wp-content\/uploads\/2021\/10\/Mysliwskie_szklanka_do_whisky_fjord_300_ml_mysliwy_jelen2_szron.png 900w\" sizes=\"(max-width: 300px) 100vw, 300px\" \/><img loading=\"lazy\" class=\"alignnone size-medium wp-image-8539\" src=\"http:\/\/violmax.pl\/wp-content\/uploads\/2021\/10\/Mysliwskie_szklanka_do_whisky_fjord_300_ml_mysliwy_dziki_szron-300x240.png\" alt=\"\" width=\"300\" height=\"240\" srcset=\"https:\/\/violmax.pl\/wp-content\/uploads\/2021\/10\/Mysliwskie_szklanka_do_whisky_fjord_300_ml_mysliwy_dziki_szron-300x240.png 300w, https:\/\/violmax.pl\/wp-content\/uploads\/2021\/10\/Mysliwskie_szklanka_do_whisky_fjord_300_ml_mysliwy_dziki_szron-768x614.png 768w, https:\/\/violmax.pl\/wp-content\/uploads\/2021\/10\/Mysliwskie_szklanka_do_whisky_fjord_300_ml_mysliwy_dziki_szron-320x256.png 320w, https:\/\/violmax.pl\/wp-content\/uploads\/2021\/10\/Mysliwskie_szklanka_do_whisky_fjord_300_ml_mysliwy_dziki_szron-680x544.png 680w, https:\/\/violmax.pl\/wp-content\/uploads\/2021\/10\/Mysliwskie_szklanka_do_whisky_fjord_300_ml_mysliwy_dziki_szron.png 900w\" sizes=\"(max-width: 300px) 100vw, 300px\" \/><img loading=\"lazy\" class=\"alignnone size-medium wp-image-8538\" src=\"http:\/\/violmax.pl\/wp-content\/uploads\/2021\/10\/Mysliwskie_szklanka_do_whisky_fjord_300_ml_mysliwy_bazanty_szron-300x240.png\" alt=\"\" width=\"300\" height=\"240\" srcset=\"https:\/\/violmax.pl\/wp-content\/uploads\/2021\/10\/Mysliwskie_szklanka_do_whisky_fjord_300_ml_mysliwy_bazanty_szron-300x240.png 300w, https:\/\/violmax.pl\/wp-content\/uploads\/2021\/10\/Mysliwskie_szklanka_do_whisky_fjord_300_ml_mysliwy_bazanty_szron-768x614.png 768w, https:\/\/violmax.pl\/wp-content\/uploads\/2021\/10\/Mysliwskie_szklanka_do_whisky_fjord_300_ml_mysliwy_bazanty_szron-320x256.png 320w, https:\/\/violmax.pl\/wp-content\/uploads\/2021\/10\/Mysliwskie_szklanka_do_whisky_fjord_300_ml_mysliwy_bazanty_szron-680x544.png 680w, https:\/\/violmax.pl\/wp-content\/uploads\/2021\/10\/Mysliwskie_szklanka_do_whisky_fjord_300_ml_mysliwy_bazanty_szron.png 900w\" sizes=\"(max-width: 300px) 100vw, 300px\" \/><img loading=\"lazy\" class=\"alignnone size-medium wp-image-8644\" src=\"http:\/\/violmax.pl\/wp-content\/uploads\/2021\/11\/Mysliwskie_szklanka_do_whisky_krosno_fjord_300ml_mysliwy_zwierzeta_szron_3-300x240.png\" alt=\"\" width=\"300\" height=\"240\" srcset=\"https:\/\/violmax.pl\/wp-content\/uploads\/2021\/11\/Mysliwskie_szklanka_do_whisky_krosno_fjord_300ml_mysliwy_zwierzeta_szron_3-300x240.png 300w, https:\/\/violmax.pl\/wp-content\/uploads\/2021\/11\/Mysliwskie_szklanka_do_whisky_krosno_fjord_300ml_mysliwy_zwierzeta_szron_3-768x614.png 768w, https:\/\/violmax.pl\/wp-content\/uploads\/2021\/11\/Mysliwskie_szklanka_do_whisky_krosno_fjord_300ml_mysliwy_zwierzeta_szron_3-320x256.png 320w, https:\/\/violmax.pl\/wp-content\/uploads\/2021\/11\/Mysliwskie_szklanka_do_whisky_krosno_fjord_300ml_mysliwy_zwierzeta_szron_3-680x544.png 680w, https:\/\/violmax.pl\/wp-content\/uploads\/2021\/11\/Mysliwskie_szklanka_do_whisky_krosno_fjord_300ml_mysliwy_zwierzeta_szron_3.png 900w\" sizes=\"(max-width: 300px) 100vw, 300px\" \/><\/p>\n<p>&nbsp;<\/p>\n<p>Szklanka do whisky Krosno &#8220;FJORD&#8221; o pojemno\u015bci 300 ml. Elegancki upominek dla my\u015bliwego. Szklanka jest wypiaskowana , co sprawia \u017ce wygl\u0105da jak by by\u0142a zmro\u017cona. Ozdobiona jest motywem my\u015bliwego oraz zwierz\u0119tami \u0142ownymi. Jej dno jest ozdobione regularnymi wg\u0142\u0119bieniami , co sprawia pi\u0119kne za\u0142amywanie si\u0119 \u015bwiat\u0142a.Wygodna szklanka o du\u017cej pojemno\u015bci, dobrze trzyma si\u0119 w d\u0142oni. W komplecie znajduj\u0119 si\u0119 6 szklanek , z motywami ba\u017canta, kaczki, dzika, lisa oraz dwa razy jelenia. Nadaje si\u0119 do mycia w zmywarce.<\/p>\n","protected":false},"excerpt":{"rendered":"<p><img loading=\"lazy\" class=\"alignnone size-medium wp-image-3492\" src=\"http:\/\/violmax.pl\/wp-content\/uploads\/2020\/05\/VIOLMAX_POLSKA-300x28.jpg\" alt=\"\" width=\"300\" height=\"28\" \/><\/p>\n<p>&nbsp;<\/p>\n<p>&nbsp;<\/p>\n<p>Szklanka do whisky Krosno &#8220;FJORD&#8221; o pojemno\u015bci 300 ml. Elegancki upominek dla my\u015bliwego. Szklanka jest wypiaskowana , co sprawia \u017ce wygl\u0105da jak by by\u0142a zmro\u017cona. Ozdobiona jest motywem my\u015bliwego oraz zwierz\u0119tami \u0142ownymi. Jej dno jest ozdobione regularnymi wg\u0142\u0119bieniami , co sprawia pi\u0119kne za\u0142amywanie si\u0119 \u015bwiat\u0142a.Wygodna szklanka o du\u017cej pojemno\u015bci, dobrze trzyma si\u0119 w d\u0142oni. W komplecie znajduj\u0119 si\u0119 6 szklanek , z motywami ba\u017canta, kaczki, dzika, lisa oraz dwa razy jelenia. Nadaje si\u0119 do mycia w zmywarce.<\/p>\n<p><em><strong>Minimalna ilo\u015b\u0107 zam\u00f3wienia &#8211; 6 sztuk (1 opakowanie)<br \/>\n<\/strong><\/em><\/p>\n<p><strong><em>Towar sprzedawany na opakowania<\/em><\/strong><\/p>\n<h3><span style=\"color: #ff0000;\">PRZY DODAWANIU DO KOSZYKA, NALE\u017bY DODAWA\u0106 KROTNO\u015a\u0106\u00a0 LICZBY 6 &#8211; (1 opak)\u00a0 np: 6 ; 12 ; 18 itd<\/span><\/h3>\n<h3><strong>CENA ZA SZTUK\u0118.<\/strong><\/h3>\n<h2><strong>\u00a0<\/strong><\/h2>\n","protected":false},"featured_media":8540,"comment_status":"open","ping_status":"closed","template":"","meta":[],"_links":{"self":[{"href":"https:\/\/violmax.pl\/index.php\/wp-json\/wp\/v2\/product\/8544"}],"collection":[{"href":"https:\/\/violmax.pl\/index.php\/wp-json\/wp\/v2\/product"}],"about":[{"href":"https:\/\/violmax.pl\/index.php\/wp-json\/wp\/v2\/types\/product"}],"replies":[{"embeddable":true,"href":"https:\/\/violmax.pl\/index.php\/wp-json\/wp\/v2\/comments?post=8544"}],"wp:featuredmedia":[{"embeddable":true,"href":"https:\/\/violmax.pl\/index.php\/wp-json\/wp\/v2\/media\/8540"}],"wp:attachment":[{"href":"https:\/\/violmax.pl\/index.php\/wp-json\/wp\/v2\/media?parent=8544"}],"curies":[{"name":"wp","href":"https:\/\/api.w.org\/{rel}","templated":true}]}}