{"id":8527,"date":"2021-10-12T21:55:35","date_gmt":"2021-10-12T19:55:35","guid":{"rendered":"http:\/\/violmax.pl\/?post_type=product&#038;p=8527"},"modified":"2025-12-02T13:10:54","modified_gmt":"2025-12-02T12:10:54","slug":"malbork-kufel-do-piwa-berna-500-ml-rycerz-2d-kolor","status":"publish","type":"product","link":"https:\/\/violmax.pl\/index.php\/produkt\/malbork-kufel-do-piwa-berna-500-ml-rycerz-2d-kolor\/","title":{"rendered":"MALBORK, KUFEL DO PIWA &#8220;BERNA&#8221; 500 ML, RYCERZ 2D KOLOR"},"content":{"rendered":"<p><img loading=\"lazy\" class=\"alignnone size-medium wp-image-8514\" src=\"http:\/\/violmax.pl\/wp-content\/uploads\/2021\/10\/Malbork_kufel_do_piwa_berna_500_ml_rycerz_2d_kolor-240x300.png\" alt=\"\" width=\"240\" height=\"300\" srcset=\"https:\/\/violmax.pl\/wp-content\/uploads\/2021\/10\/Malbork_kufel_do_piwa_berna_500_ml_rycerz_2d_kolor-240x300.png 240w, https:\/\/violmax.pl\/wp-content\/uploads\/2021\/10\/Malbork_kufel_do_piwa_berna_500_ml_rycerz_2d_kolor-680x850.png 680w, https:\/\/violmax.pl\/wp-content\/uploads\/2021\/10\/Malbork_kufel_do_piwa_berna_500_ml_rycerz_2d_kolor.png 720w\" sizes=\"(max-width: 240px) 100vw, 240px\" \/><\/p>\n<p>Kufel do piwa &#8220;BERNA&#8221; o pojemno\u015bci 500 ml o oryginalnym kszta\u0142cie . Kufel ozdobiony jest metalowym odlewem rycerza w kolorze oraz metalow\u0105 szarf\u0105 z napisem &#8220;Malbork&#8221;. Wewn\u0119trzna\u00a0 p\u0142aszczyzna kufla ozdobiona jest regularnymi za\u0142amaniami p\u0142aszczyzny- Kufel wykonany jest z wysokiej jako\u015bci szk\u0142a. Idealna pami\u0105tka z Malborka.<\/p>\n","protected":false},"excerpt":{"rendered":"<p>Kufel do piwa &#8220;BERNA&#8221; o pojemno\u015bci 500 ml o oryginalnym kszta\u0142cie . Kufel ozdobiony jest metalowym odlewem rycerza w kolorze oraz metalow\u0105 szarf\u0105 z napisem &#8220;Malbork&#8221;. Wewn\u0119trzna\u00a0 p\u0142aszczyzna kufla ozdobiona jest regularnymi za\u0142amaniami p\u0142aszczyzny- Kufel wykonany jest z wysokiej jako\u015bci szk\u0142a. Idealna pami\u0105tka z Malborka.<\/p>\n<p><strong><em>Minimalne zam\u00f3wienie &#8211; 6 sztuk (1 opakowanie)<\/em><br \/>\n<\/strong><\/p>\n<p><strong><em>Towar sprzedawany na opakowania<\/em><\/strong><\/p>\n<h3><span style=\"color: #ff0000;\">PRZY DODAWANIU DO KOSZYKA, NALE\u017bY DODAWA\u0106 KROTNO\u015a\u0106\u00a0 LICZBY 6 &#8211; (1 opak)\u00a0 np: 6 ; 12 ; 18 itd<\/span><\/h3>\n<h3><strong>CENA ZA SZTUK\u0118.<\/strong><\/h3>\n<h2><strong>\u00a0<\/strong><\/h2>\n","protected":false},"featured_media":8514,"comment_status":"open","ping_status":"closed","template":"","meta":[],"_links":{"self":[{"href":"https:\/\/violmax.pl\/index.php\/wp-json\/wp\/v2\/product\/8527"}],"collection":[{"href":"https:\/\/violmax.pl\/index.php\/wp-json\/wp\/v2\/product"}],"about":[{"href":"https:\/\/violmax.pl\/index.php\/wp-json\/wp\/v2\/types\/product"}],"replies":[{"embeddable":true,"href":"https:\/\/violmax.pl\/index.php\/wp-json\/wp\/v2\/comments?post=8527"}],"wp:featuredmedia":[{"embeddable":true,"href":"https:\/\/violmax.pl\/index.php\/wp-json\/wp\/v2\/media\/8514"}],"wp:attachment":[{"href":"https:\/\/violmax.pl\/index.php\/wp-json\/wp\/v2\/media?parent=8527"}],"curies":[{"name":"wp","href":"https:\/\/api.w.org\/{rel}","templated":true}]}}