{"id":8523,"date":"2021-10-12T21:42:02","date_gmt":"2021-10-12T19:42:02","guid":{"rendered":"http:\/\/violmax.pl\/?post_type=product&#038;p=8523"},"modified":"2025-12-02T13:10:54","modified_gmt":"2025-12-02T12:10:54","slug":"malbork-kufel-do-piwa-miodzio-3-500-ml-blacha-zamek","status":"publish","type":"product","link":"https:\/\/violmax.pl\/index.php\/produkt\/malbork-kufel-do-piwa-miodzio-3-500-ml-blacha-zamek\/","title":{"rendered":"MALBORK, KUFEL DO PIWA &#8220;MIODZIO 3&#8221; 500 ML, BLACHA ZAMEK"},"content":{"rendered":"<p><img loading=\"lazy\" class=\"alignnone size-medium wp-image-8516\" src=\"http:\/\/violmax.pl\/wp-content\/uploads\/2021\/10\/Malbork_kufel_do_piwa_miodzio_3_500_ml_blacha_zamek-300x240.png\" alt=\"\" width=\"300\" height=\"240\" srcset=\"https:\/\/violmax.pl\/wp-content\/uploads\/2021\/10\/Malbork_kufel_do_piwa_miodzio_3_500_ml_blacha_zamek-300x240.png 300w, https:\/\/violmax.pl\/wp-content\/uploads\/2021\/10\/Malbork_kufel_do_piwa_miodzio_3_500_ml_blacha_zamek-768x614.png 768w, https:\/\/violmax.pl\/wp-content\/uploads\/2021\/10\/Malbork_kufel_do_piwa_miodzio_3_500_ml_blacha_zamek-320x256.png 320w, https:\/\/violmax.pl\/wp-content\/uploads\/2021\/10\/Malbork_kufel_do_piwa_miodzio_3_500_ml_blacha_zamek-680x544.png 680w, https:\/\/violmax.pl\/wp-content\/uploads\/2021\/10\/Malbork_kufel_do_piwa_miodzio_3_500_ml_blacha_zamek.png 900w\" sizes=\"(max-width: 300px) 100vw, 300px\" \/><\/p>\n<p>Kufel do piwa &#8220;MIODZIO 3&#8221; o pojemno\u015bci 500 ml o oryginalnym kszta\u0142cie . Kufel ozdobiony jest metalowym odlewem z widokiem zamku krzy\u017cackiego oraz metalow\u0105 szarf\u0105 z napisem &#8220;Malbork&#8221;. Zewn\u0119trzna p\u0142aszczyzna kufla ozdobiona jest wg\u0142\u0119bieniami przypominaj\u0105cymi wz\u00f3r plastra miodu. Idealna pami\u0105tka z Malborka.<\/p>\n","protected":false},"excerpt":{"rendered":"<p>Kufel do piwa &#8220;MIODZIO 3&#8221; o pojemno\u015bci 500 ml o oryginalnym kszta\u0142cie . Kufel ozdobiony jest metalowym odlewem z widokiem zamku krzy\u017cackiego oraz metalow\u0105 szarf\u0105 z napisem &#8220;Malbork&#8221;. Zewn\u0119trzna p\u0142aszczyzna kufla ozdobiona jest wg\u0142\u0119bieniami przypominaj\u0105cymi wz\u00f3r plastra miodu. Idealna pami\u0105tka z Malborka.<\/p>\n<p><strong><em>Minimalne zam\u00f3wienie &#8211; 6 sztuk (1 opakowanie)<\/em><br \/>\n<\/strong><\/p>\n<p><strong><em>Towar sprzedawany na opakowania<\/em><\/strong><\/p>\n<h3><span style=\"color: #ff0000;\">PRZY DODAWANIU DO KOSZYKA, NALE\u017bY DODAWA\u0106 KROTNO\u015a\u0106\u00a0 LICZBY 6 &#8211; (1 opak)\u00a0 np: 6 ; 12 ; 18 itd<\/span><\/h3>\n<h3><strong>CENA ZA SZTUK\u0118.<\/strong><\/h3>\n<h2><strong>\u00a0<\/strong><\/h2>\n","protected":false},"featured_media":8516,"comment_status":"open","ping_status":"closed","template":"","meta":[],"_links":{"self":[{"href":"https:\/\/violmax.pl\/index.php\/wp-json\/wp\/v2\/product\/8523"}],"collection":[{"href":"https:\/\/violmax.pl\/index.php\/wp-json\/wp\/v2\/product"}],"about":[{"href":"https:\/\/violmax.pl\/index.php\/wp-json\/wp\/v2\/types\/product"}],"replies":[{"embeddable":true,"href":"https:\/\/violmax.pl\/index.php\/wp-json\/wp\/v2\/comments?post=8523"}],"wp:featuredmedia":[{"embeddable":true,"href":"https:\/\/violmax.pl\/index.php\/wp-json\/wp\/v2\/media\/8516"}],"wp:attachment":[{"href":"https:\/\/violmax.pl\/index.php\/wp-json\/wp\/v2\/media?parent=8523"}],"curies":[{"name":"wp","href":"https:\/\/api.w.org\/{rel}","templated":true}]}}