{"id":8507,"date":"2021-10-09T22:16:25","date_gmt":"2021-10-09T20:16:25","guid":{"rendered":"http:\/\/violmax.pl\/?post_type=product&#038;p=8507"},"modified":"2025-12-02T13:10:55","modified_gmt":"2025-12-02T12:10:55","slug":"malbork-szklanka-do-whisky-ola-310-ml-zamek-szron","status":"publish","type":"product","link":"https:\/\/violmax.pl\/index.php\/produkt\/malbork-szklanka-do-whisky-ola-310-ml-zamek-szron\/","title":{"rendered":"MALBORK, SZKLANKA DO WHISKY &#8220;OLA&#8221; 310 ML, ZAMEK KRZY\u017bACKI, SZRON"},"content":{"rendered":"<p><img loading=\"lazy\" class=\"alignnone size-medium wp-image-8479\" src=\"http:\/\/violmax.pl\/wp-content\/uploads\/2021\/10\/Malbork_szklanka_do_whisky_ola_310_ml_zamek_szron-300x240.png\" alt=\"\" width=\"300\" height=\"240\" srcset=\"https:\/\/violmax.pl\/wp-content\/uploads\/2021\/10\/Malbork_szklanka_do_whisky_ola_310_ml_zamek_szron-300x240.png 300w, https:\/\/violmax.pl\/wp-content\/uploads\/2021\/10\/Malbork_szklanka_do_whisky_ola_310_ml_zamek_szron-768x614.png 768w, https:\/\/violmax.pl\/wp-content\/uploads\/2021\/10\/Malbork_szklanka_do_whisky_ola_310_ml_zamek_szron-320x256.png 320w, https:\/\/violmax.pl\/wp-content\/uploads\/2021\/10\/Malbork_szklanka_do_whisky_ola_310_ml_zamek_szron-680x544.png 680w, https:\/\/violmax.pl\/wp-content\/uploads\/2021\/10\/Malbork_szklanka_do_whisky_ola_310_ml_zamek_szron.png 900w\" sizes=\"(max-width: 300px) 100vw, 300px\" \/><\/p>\n<p>&nbsp;<\/p>\n<p>Szklanka do whisky &#8220;OLA&#8221; o pojemno\u015b\u0107 250 ml. Szklanka jest wypiaskowana w ko\u0142o , co sprawia \u017ce wygl\u0105da jak by by\u0142a zmro\u017cona. Ozdobiona jest motywem zamku krzy\u017cackiego w Malborku oraz z ty\u0142u napisem &#8220;Malbork&#8221;. Wygodna szklanka o du\u017cej pojemno\u015bci, dobrze trzyma si\u0119 w d\u0142oni. Wykonana jest z wysokiej jako\u015bci szk\u0142a. Nadaje si\u0119 do mycia w zmywarce.<\/p>\n","protected":false},"excerpt":{"rendered":"<p><img loading=\"lazy\" class=\"alignnone size-medium wp-image-3492\" src=\"http:\/\/violmax.pl\/wp-content\/uploads\/2020\/05\/VIOLMAX_POLSKA-300x28.jpg\" alt=\"\" width=\"300\" height=\"28\" \/><\/p>\n<p>&nbsp;<\/p>\n<p>Szklanka do whisky &#8220;OLA&#8221; o pojemno\u015b\u0107 250 ml. Szklanka jest wypiaskowana w ko\u0142o , co sprawia \u017ce wygl\u0105da jak by by\u0142a zmro\u017cona. Ozdobiona jest motywem zamku krzy\u017cackiego w Malborku oraz z ty\u0142u napisem &#8220;Malbork&#8221;. Wygodna szklanka o du\u017cej pojemno\u015bci, dobrze trzyma si\u0119 w d\u0142oni. Wykonana jest z wysokiej jako\u015bci szk\u0142a. Nadaje si\u0119 do mycia w zmywarce.<\/p>\n<p><em><strong>Minimalna ilo\u015b\u0107 zam\u00f3wienia &#8211; 6 sztuk (1 opakowanie)<br \/>\n<\/strong><\/em><\/p>\n<p><strong><em>Towar sprzedawany na opakowania<\/em><\/strong><\/p>\n<h3><span style=\"color: #ff0000;\">PRZY DODAWANIU DO KOSZYKA, NALE\u017bY DODAWA\u0106 KROTNO\u015a\u0106\u00a0 LICZBY 6 &#8211; (1 opak)\u00a0 np: 6 ; 12 ; 18 itd<\/span><\/h3>\n<h3><strong>CENA ZA SZTUK\u0118.<\/strong><\/h3>\n<h2><strong>\u00a0<\/strong><\/h2>\n","protected":false},"featured_media":8479,"comment_status":"open","ping_status":"closed","template":"","meta":[],"_links":{"self":[{"href":"https:\/\/violmax.pl\/index.php\/wp-json\/wp\/v2\/product\/8507"}],"collection":[{"href":"https:\/\/violmax.pl\/index.php\/wp-json\/wp\/v2\/product"}],"about":[{"href":"https:\/\/violmax.pl\/index.php\/wp-json\/wp\/v2\/types\/product"}],"replies":[{"embeddable":true,"href":"https:\/\/violmax.pl\/index.php\/wp-json\/wp\/v2\/comments?post=8507"}],"wp:featuredmedia":[{"embeddable":true,"href":"https:\/\/violmax.pl\/index.php\/wp-json\/wp\/v2\/media\/8479"}],"wp:attachment":[{"href":"https:\/\/violmax.pl\/index.php\/wp-json\/wp\/v2\/media?parent=8507"}],"curies":[{"name":"wp","href":"https:\/\/api.w.org\/{rel}","templated":true}]}}