{"id":8501,"date":"2021-10-09T21:38:28","date_gmt":"2021-10-09T19:38:28","guid":{"rendered":"http:\/\/violmax.pl\/?post_type=product&#038;p=8501"},"modified":"2025-12-02T13:10:56","modified_gmt":"2025-12-02T12:10:56","slug":"malbork-kubek-leo-400-ml-zamek-szron","status":"publish","type":"product","link":"https:\/\/violmax.pl\/index.php\/produkt\/malbork-kubek-leo-400-ml-zamek-szron\/","title":{"rendered":"MALBORK, KUBEK &#8220;LEO&#8221; 400 ML, ZAMEK KRZY\u017bACKI, SZRON"},"content":{"rendered":"<p><img loading=\"lazy\" class=\"alignnone size-medium wp-image-8467\" src=\"http:\/\/violmax.pl\/wp-content\/uploads\/2021\/10\/Malbork_kubek_leo_400_ml_zamek_szron-300x240.png\" alt=\"\" width=\"300\" height=\"240\" srcset=\"https:\/\/violmax.pl\/wp-content\/uploads\/2021\/10\/Malbork_kubek_leo_400_ml_zamek_szron-300x240.png 300w, https:\/\/violmax.pl\/wp-content\/uploads\/2021\/10\/Malbork_kubek_leo_400_ml_zamek_szron-768x614.png 768w, https:\/\/violmax.pl\/wp-content\/uploads\/2021\/10\/Malbork_kubek_leo_400_ml_zamek_szron-320x256.png 320w, https:\/\/violmax.pl\/wp-content\/uploads\/2021\/10\/Malbork_kubek_leo_400_ml_zamek_szron-680x544.png 680w, https:\/\/violmax.pl\/wp-content\/uploads\/2021\/10\/Malbork_kubek_leo_400_ml_zamek_szron.png 900w\" sizes=\"(max-width: 300px) 100vw, 300px\" \/><\/p>\n<p>Kubek &#8220;LEO&#8221; o litra\u017cu 400 ml z wypiaskowanym motywem zamku krzy\u017cackiego w Malborku wraz z napisem z ty\u0142u kubka &#8220;Malbork&#8221;. Kubek wykonany z wysokiej jako\u015bci szk\u0142a, jest bardzo wygodny w u\u017cyciu. Sprawdzi si\u0119 jako kubek do gor\u0105cych napoj\u00f3w, grzanego wina lub jako pami\u0105tka z Malborka. Kubek pozwoli na delektowanie si\u0119 wybranym trunkiem i wspomnienie o pobycie na zamku w Malborku. Nadaje si\u0119 do mycia w zmywarce.<\/p>\n","protected":false},"excerpt":{"rendered":"<p><img loading=\"lazy\" class=\"alignnone size-medium wp-image-3492\" src=\"http:\/\/violmax.pl\/wp-content\/uploads\/2020\/05\/VIOLMAX_POLSKA-300x28.jpg\" alt=\"\" width=\"300\" height=\"28\" \/><\/p>\n<p>&nbsp;<\/p>\n<p>Kubek &#8220;LEO&#8221; o litra\u017cu 400 ml z wypiaskowanym motywem zamku krzy\u017cackiego w Malborku wraz z napisem z ty\u0142u kubka &#8220;Malbork&#8221;. Kubek wykonany z wysokiej jako\u015bci szk\u0142a, jest bardzo wygodny w u\u017cyciu. Sprawdzi si\u0119 jako kubek do gor\u0105cych napoj\u00f3w, grzanego wina lub jako pami\u0105tka z Malborka. Kubek pozwoli na delektowanie si\u0119 wybranym trunkiem i wspomnienie o pobycie na zamku w Malborku. Nadaje si\u0119 do mycia w zmywarce.<\/p>\n<p><strong><em>Minimalna ilo\u015b\u0107 zam\u00f3wienia &#8211; 6 sztuk (1 opakowanie)<\/em><br \/>\n<\/strong><\/p>\n<p><strong><em>Towar sprzedawany na opakowania<\/em><\/strong><\/p>\n<h3><span style=\"color: #ff0000;\">PRZY DODAWANIU DO KOSZYKA, NALE\u017bY DODAWA\u0106 KROTNO\u015a\u0106\u00a0 LICZBY 6 &#8211; (1 opak)\u00a0 np: 6 ; 12 ; 18 itd<\/span><\/h3>\n<h3><strong>CENA ZA SZTUK\u0118.<\/strong><\/h3>\n","protected":false},"featured_media":8467,"comment_status":"open","ping_status":"closed","template":"","meta":[],"_links":{"self":[{"href":"https:\/\/violmax.pl\/index.php\/wp-json\/wp\/v2\/product\/8501"}],"collection":[{"href":"https:\/\/violmax.pl\/index.php\/wp-json\/wp\/v2\/product"}],"about":[{"href":"https:\/\/violmax.pl\/index.php\/wp-json\/wp\/v2\/types\/product"}],"replies":[{"embeddable":true,"href":"https:\/\/violmax.pl\/index.php\/wp-json\/wp\/v2\/comments?post=8501"}],"wp:featuredmedia":[{"embeddable":true,"href":"https:\/\/violmax.pl\/index.php\/wp-json\/wp\/v2\/media\/8467"}],"wp:attachment":[{"href":"https:\/\/violmax.pl\/index.php\/wp-json\/wp\/v2\/media?parent=8501"}],"curies":[{"name":"wp","href":"https:\/\/api.w.org\/{rel}","templated":true}]}}