{"id":8493,"date":"2021-10-09T21:01:24","date_gmt":"2021-10-09T19:01:24","guid":{"rendered":"http:\/\/violmax.pl\/?post_type=product&#038;p=8493"},"modified":"2025-12-02T13:10:57","modified_gmt":"2025-12-02T12:10:57","slug":"malbork-szklanka-do-napoi-luna-wysoka-380-ml-zamek-szron","status":"publish","type":"product","link":"https:\/\/violmax.pl\/index.php\/produkt\/malbork-szklanka-do-napoi-luna-wysoka-380-ml-zamek-szron\/","title":{"rendered":"MALBORK, SZKLANKA DO NAPOJ\u00d3W &#8220;LUNA&#8221; WYSOKA 380 ML, ZAMEK KRZY\u017bACKI, SZRON"},"content":{"rendered":"<p><img loading=\"lazy\" class=\"alignnone size-medium wp-image-8478\" src=\"http:\/\/violmax.pl\/wp-content\/uploads\/2021\/10\/Malbork_szklanka_do_whisky_luna_wysoka_380_ml_zamek_szron-300x300.png\" alt=\"\" width=\"300\" height=\"300\" srcset=\"https:\/\/violmax.pl\/wp-content\/uploads\/2021\/10\/Malbork_szklanka_do_whisky_luna_wysoka_380_ml_zamek_szron-300x300.png 300w, https:\/\/violmax.pl\/wp-content\/uploads\/2021\/10\/Malbork_szklanka_do_whisky_luna_wysoka_380_ml_zamek_szron-150x150.png 150w, https:\/\/violmax.pl\/wp-content\/uploads\/2021\/10\/Malbork_szklanka_do_whisky_luna_wysoka_380_ml_zamek_szron-768x768.png 768w, https:\/\/violmax.pl\/wp-content\/uploads\/2021\/10\/Malbork_szklanka_do_whisky_luna_wysoka_380_ml_zamek_szron-680x680.png 680w, https:\/\/violmax.pl\/wp-content\/uploads\/2021\/10\/Malbork_szklanka_do_whisky_luna_wysoka_380_ml_zamek_szron-100x100.png 100w, https:\/\/violmax.pl\/wp-content\/uploads\/2021\/10\/Malbork_szklanka_do_whisky_luna_wysoka_380_ml_zamek_szron.png 900w\" sizes=\"(max-width: 300px) 100vw, 300px\" \/><\/p>\n<p>Szklanka do napoj\u00f3w &#8220;LUNA&#8221; o pojemno\u015bci 380 ml o oryginalnym kszta\u0142cie . Szklanka wypiaskowana jest ca\u0142a z motywem zamku krzy\u017cackiego wraz z napisem &#8220;Malbork&#8221; oraz z ty\u0142u rycerzem zakonu krzy\u017cackiego na koniu. Ka\u017cdy detal jest zachowany. Dzi\u0119ki pe\u0142nemu piaskowaniu, szklanka trzyma si\u0119 pewnie w d\u0142oni oraz sprawia wra\u017cenie jak by by\u0142a zmro\u017cona. Idealna pami\u0105tka z Malborka. Nadaje si\u0119 do mycia w zmywarce.<\/p>\n","protected":false},"excerpt":{"rendered":"<p><img loading=\"lazy\" class=\"alignnone size-medium wp-image-4666\" src=\"http:\/\/violmax.pl\/wp-content\/uploads\/2020\/06\/VIOLMAX_POLSKA-5-300x28.jpg\" alt=\"\" width=\"300\" height=\"28\" \/><\/p>\n<p>Szklanka do napoj\u00f3w &#8220;LUNA&#8221; o pojemno\u015bci 380 ml o oryginalnym kszta\u0142cie . Szklanka wypiaskowana jest ca\u0142a z motywem zamku krzy\u017cackiego wraz z napisem &#8220;Malbork&#8221; oraz z ty\u0142u rycerzem zakonu krzy\u017cackiego na koniu. Ka\u017cdy detal jest zachowany. Dzi\u0119ki pe\u0142nemu piaskowaniu, szklanka trzyma si\u0119 pewnie w d\u0142oni oraz sprawia wra\u017cenie jak by by\u0142a zmro\u017cona. Idealna pami\u0105tka z Malborka. Nadaje si\u0119 do mycia w zmywarce.<\/p>\n<p><strong><em>Minimalne zam\u00f3wienie &#8211; 6 sztuk (1 opakowanie)<\/em><br \/>\n<\/strong><\/p>\n<p><strong><em>Towar sprzedawany na opakowania<\/em><\/strong><\/p>\n<h3><span style=\"color: #ff0000;\">PRZY DODAWANIU DO KOSZYKA, NALE\u017bY DODAWA\u0106 KROTNO\u015a\u0106\u00a0 LICZBY 6 &#8211; (1 opak)\u00a0 np: 6 ; 12 ; 18 itd<\/span><\/h3>\n<h3><strong>CENA ZA SZTUK\u0118.<\/strong><\/h3>\n<h2><strong>\u00a0<\/strong><\/h2>\n","protected":false},"featured_media":8478,"comment_status":"open","ping_status":"closed","template":"","meta":[],"_links":{"self":[{"href":"https:\/\/violmax.pl\/index.php\/wp-json\/wp\/v2\/product\/8493"}],"collection":[{"href":"https:\/\/violmax.pl\/index.php\/wp-json\/wp\/v2\/product"}],"about":[{"href":"https:\/\/violmax.pl\/index.php\/wp-json\/wp\/v2\/types\/product"}],"replies":[{"embeddable":true,"href":"https:\/\/violmax.pl\/index.php\/wp-json\/wp\/v2\/comments?post=8493"}],"wp:featuredmedia":[{"embeddable":true,"href":"https:\/\/violmax.pl\/index.php\/wp-json\/wp\/v2\/media\/8478"}],"wp:attachment":[{"href":"https:\/\/violmax.pl\/index.php\/wp-json\/wp\/v2\/media?parent=8493"}],"curies":[{"name":"wp","href":"https:\/\/api.w.org\/{rel}","templated":true}]}}