{"id":8413,"date":"2021-06-22T22:00:03","date_gmt":"2021-06-22T20:00:03","guid":{"rendered":"http:\/\/violmax.pl\/?post_type=product&#038;p=8413"},"modified":"2025-12-02T13:10:58","modified_gmt":"2025-12-02T12:10:58","slug":"solina-szklanka-do-piwa-viola-568-ml-zapora-szron","status":"publish","type":"product","link":"https:\/\/violmax.pl\/index.php\/produkt\/solina-szklanka-do-piwa-viola-568-ml-zapora-szron\/","title":{"rendered":"SOLINA, SZKLANKA DO PIWA &#8220;VIOLA&#8221; 568 ML, ZAPORA SZRON"},"content":{"rendered":"<p><img loading=\"lazy\" class=\"alignnone size-medium wp-image-8408\" src=\"http:\/\/violmax.pl\/wp-content\/uploads\/2021\/06\/Solina_szklanka_do_piwa_viola_568_ml_zapora_szron-300x300.png\" alt=\"\" width=\"300\" height=\"300\" srcset=\"https:\/\/violmax.pl\/wp-content\/uploads\/2021\/06\/Solina_szklanka_do_piwa_viola_568_ml_zapora_szron-300x300.png 300w, https:\/\/violmax.pl\/wp-content\/uploads\/2021\/06\/Solina_szklanka_do_piwa_viola_568_ml_zapora_szron-150x150.png 150w, https:\/\/violmax.pl\/wp-content\/uploads\/2021\/06\/Solina_szklanka_do_piwa_viola_568_ml_zapora_szron-768x768.png 768w, https:\/\/violmax.pl\/wp-content\/uploads\/2021\/06\/Solina_szklanka_do_piwa_viola_568_ml_zapora_szron-680x680.png 680w, https:\/\/violmax.pl\/wp-content\/uploads\/2021\/06\/Solina_szklanka_do_piwa_viola_568_ml_zapora_szron-100x100.png 100w, https:\/\/violmax.pl\/wp-content\/uploads\/2021\/06\/Solina_szklanka_do_piwa_viola_568_ml_zapora_szron.png 900w\" sizes=\"(max-width: 300px) 100vw, 300px\" \/><\/p>\n<p>Pokal do piwa o pojemno\u015bci 568 ml z wypiaskowanym motywem zapory na Solinie,\u00a0 oraz do po\u0142owy w szronie. Na szklance widnieje napis \u201dSolina\u201d. Szklanka dzi\u0119ki precyzyjnemu piaskowaniu nabra\u0142a oryginalno\u015bci a wypiaskowanie jej do po\u0142owy wysoko\u015bci, sprawia wra\u017cenia jak by by\u0142a zmro\u017cona. Idealna pami\u0105tka z Bieszczad. Nadaje si\u0119 do mycia w zmywarce.<\/p>\n","protected":false},"excerpt":{"rendered":"<div class=\"woocommerce-product-details__short-description\">\n<div class=\"woocommerce-product-details__short-description\">\n<div class=\"woocommerce-product-details__short-description\">\n<div class=\"woocommerce-product-details__short-description\">\n<div class=\"woocommerce-product-details__short-description\">\n<div class=\"woocommerce-product-details__short-description\">\n<p><img loading=\"lazy\" class=\"alignnone size-medium wp-image-3660\" src=\"http:\/\/violmax.pl\/wp-content\/uploads\/2020\/05\/VIOLMAX_POLSKA-2-300x28.jpg\" alt=\"\" width=\"300\" height=\"28\" \/><\/p>\n<p>&nbsp;<\/p>\n<p>Pokal do piwa o pojemno\u015bci 568 ml z wypiaskowanym motywem zapory na Solinie,\u00a0 oraz do po\u0142owy w szronie. Na szklance widnieje napis \u201dSolina\u201d. Szklanka dzi\u0119ki precyzyjnemu piaskowaniu nabra\u0142a oryginalno\u015bci a wypiaskowanie jej do po\u0142owy wysoko\u015bci, sprawia wra\u017cenia jak by by\u0142a zmro\u017cona. Idealna pami\u0105tka z Bieszczad. Nadaje si\u0119 do mycia w zmywarce.<\/p>\n<p><strong><em>Minimalna ilo\u015b\u0107 zam\u00f3wienia \u2013 6 sztuk (1 opakowanie)<\/em><br \/>\n<\/strong><\/p>\n<p><strong><em>Towar sprzedawany na opakowania<\/em><\/strong><\/p>\n<h3><span style=\"color: #ff0000;\">PRZY DODAWANIU DO KOSZYKA, NALE\u017bY DODAWA\u0106 KROTNO\u015a\u0106\u00a0 LICZBY 6 &#8211; (1 opak)\u00a0 np: 6 ; 12 ; 18 itd<\/span><\/h3>\n<h3><strong>CENA ZA SZTUK\u0118.<\/strong><\/h3>\n<\/div>\n<\/div>\n<\/div>\n<\/div>\n<\/div>\n<\/div>\n","protected":false},"featured_media":8408,"comment_status":"open","ping_status":"closed","template":"","meta":[],"_links":{"self":[{"href":"https:\/\/violmax.pl\/index.php\/wp-json\/wp\/v2\/product\/8413"}],"collection":[{"href":"https:\/\/violmax.pl\/index.php\/wp-json\/wp\/v2\/product"}],"about":[{"href":"https:\/\/violmax.pl\/index.php\/wp-json\/wp\/v2\/types\/product"}],"replies":[{"embeddable":true,"href":"https:\/\/violmax.pl\/index.php\/wp-json\/wp\/v2\/comments?post=8413"}],"wp:featuredmedia":[{"embeddable":true,"href":"https:\/\/violmax.pl\/index.php\/wp-json\/wp\/v2\/media\/8408"}],"wp:attachment":[{"href":"https:\/\/violmax.pl\/index.php\/wp-json\/wp\/v2\/media?parent=8413"}],"curies":[{"name":"wp","href":"https:\/\/api.w.org\/{rel}","templated":true}]}}