{"id":8409,"date":"2021-06-22T21:51:54","date_gmt":"2021-06-22T19:51:54","guid":{"rendered":"http:\/\/violmax.pl\/?post_type=product&#038;p=8409"},"modified":"2025-12-02T13:10:59","modified_gmt":"2025-12-02T12:10:59","slug":"solina-szklanka-do-piwa-ola-665-ml-zapora-szron","status":"publish","type":"product","link":"https:\/\/violmax.pl\/index.php\/produkt\/solina-szklanka-do-piwa-ola-665-ml-zapora-szron\/","title":{"rendered":"SOLINA, SZKLANKA DO PIWA &#8220;OLA&#8221; 665 ML, ZAPORA SZRON"},"content":{"rendered":"<p><img loading=\"lazy\" class=\"alignnone size-medium wp-image-8407\" src=\"http:\/\/violmax.pl\/wp-content\/uploads\/2021\/06\/Solina_szklanka_do_piwa_ola_665_ml_zapora_szron-240x300.png\" alt=\"\" width=\"240\" height=\"300\" srcset=\"https:\/\/violmax.pl\/wp-content\/uploads\/2021\/06\/Solina_szklanka_do_piwa_ola_665_ml_zapora_szron-240x300.png 240w, https:\/\/violmax.pl\/wp-content\/uploads\/2021\/06\/Solina_szklanka_do_piwa_ola_665_ml_zapora_szron-680x850.png 680w, https:\/\/violmax.pl\/wp-content\/uploads\/2021\/06\/Solina_szklanka_do_piwa_ola_665_ml_zapora_szron.png 720w\" sizes=\"(max-width: 240px) 100vw, 240px\" \/><\/p>\n<p>Szklanka do piwa o pojemno\u015bci 665 ml z wypiaskowanym motywem zapory na Solinie,\u00a0 oraz do po\u0142owy w szronie. Na szklance widnieje napis \u201dSolina\u201d. Szklanka dzi\u0119ki precyzyjnemu piaskowaniu nabra\u0142a oryginalno\u015bci a wypiaskowanie jej do po\u0142owy wysoko\u015bci, sprawia wra\u017cenia jak by by\u0142a zmro\u017cona. Idealna pami\u0105tka z Bieszczad. Nadaje si\u0119 do mycia w zmywarce.<\/p>\n","protected":false},"excerpt":{"rendered":"<div class=\"woocommerce-product-details__short-description\">\n<div class=\"woocommerce-product-details__short-description\">\n<div class=\"woocommerce-product-details__short-description\">\n<div class=\"woocommerce-product-details__short-description\">\n<div class=\"woocommerce-product-details__short-description\">\n<div class=\"woocommerce-product-details__short-description\">\n<p><img loading=\"lazy\" class=\"alignnone size-medium wp-image-3660\" src=\"http:\/\/violmax.pl\/wp-content\/uploads\/2020\/05\/VIOLMAX_POLSKA-2-300x28.jpg\" alt=\"\" width=\"300\" height=\"28\" \/><\/p>\n<p>&nbsp;<\/p>\n<p>Szklanka do piwa o pojemno\u015bci 665 ml z wypiaskowanym motywem zapory na Solinie,\u00a0 oraz do po\u0142owy w szronie. Na szklance widnieje napis \u201dSolina\u201d. Szklanka dzi\u0119ki precyzyjnemu piaskowaniu nabra\u0142a oryginalno\u015bci a wypiaskowanie jej do po\u0142owy wysoko\u015bci, sprawia wra\u017cenia jak by by\u0142a zmro\u017cona. Idealna pami\u0105tka z Bieszczad. Nadaje si\u0119 do mycia w zmywarce.<\/p>\n<p><strong><em>Minimalna ilo\u015b\u0107 zam\u00f3wienia \u2013 6 sztuk (1 opakowanie)<\/em><br \/>\n<\/strong><\/p>\n<p><strong><em>Towar sprzedawany na opakowania<\/em><\/strong><\/p>\n<h3><span style=\"color: #ff0000;\">PRZY DODAWANIU DO KOSZYKA, NALE\u017bY DODAWA\u0106 KROTNO\u015a\u0106\u00a0 LICZBY 6 &#8211; (1 opak)\u00a0 np: 6 ; 12 ; 18 itd<\/span><\/h3>\n<h3><strong>CENA ZA SZTUK\u0118.<\/strong><\/h3>\n<\/div>\n<\/div>\n<\/div>\n<\/div>\n<\/div>\n<\/div>\n","protected":false},"featured_media":8407,"comment_status":"open","ping_status":"closed","template":"","meta":[],"_links":{"self":[{"href":"https:\/\/violmax.pl\/index.php\/wp-json\/wp\/v2\/product\/8409"}],"collection":[{"href":"https:\/\/violmax.pl\/index.php\/wp-json\/wp\/v2\/product"}],"about":[{"href":"https:\/\/violmax.pl\/index.php\/wp-json\/wp\/v2\/types\/product"}],"replies":[{"embeddable":true,"href":"https:\/\/violmax.pl\/index.php\/wp-json\/wp\/v2\/comments?post=8409"}],"wp:featuredmedia":[{"embeddable":true,"href":"https:\/\/violmax.pl\/index.php\/wp-json\/wp\/v2\/media\/8407"}],"wp:attachment":[{"href":"https:\/\/violmax.pl\/index.php\/wp-json\/wp\/v2\/media?parent=8409"}],"curies":[{"name":"wp","href":"https:\/\/api.w.org\/{rel}","templated":true}]}}