{"id":8404,"date":"2021-06-22T21:47:42","date_gmt":"2021-06-22T19:47:42","guid":{"rendered":"http:\/\/violmax.pl\/?post_type=product&#038;p=8404"},"modified":"2025-12-02T13:10:59","modified_gmt":"2025-12-02T12:10:59","slug":"bieszczady-kubek-wysoki-270-ml-chata-szron","status":"publish","type":"product","link":"https:\/\/violmax.pl\/index.php\/produkt\/bieszczady-kubek-wysoki-270-ml-chata-szron\/","title":{"rendered":"BIESZCZADY, KUBEK WYSOKI &#8220;OLEK&#8221; 300 ML, CHATA SZRON"},"content":{"rendered":"<p><img loading=\"lazy\" class=\"alignnone size-medium wp-image-8357\" src=\"http:\/\/violmax.pl\/wp-content\/uploads\/2021\/06\/Bieszczady_kubek_wysoki_270_ml_chata_szron-300x240.png\" alt=\"\" width=\"300\" height=\"240\" srcset=\"https:\/\/violmax.pl\/wp-content\/uploads\/2021\/06\/Bieszczady_kubek_wysoki_270_ml_chata_szron-300x240.png 300w, https:\/\/violmax.pl\/wp-content\/uploads\/2021\/06\/Bieszczady_kubek_wysoki_270_ml_chata_szron-768x614.png 768w, https:\/\/violmax.pl\/wp-content\/uploads\/2021\/06\/Bieszczady_kubek_wysoki_270_ml_chata_szron-320x256.png 320w, https:\/\/violmax.pl\/wp-content\/uploads\/2021\/06\/Bieszczady_kubek_wysoki_270_ml_chata_szron-680x544.png 680w, https:\/\/violmax.pl\/wp-content\/uploads\/2021\/06\/Bieszczady_kubek_wysoki_270_ml_chata_szron.png 900w\" sizes=\"(max-width: 300px) 100vw, 300px\" \/><\/p>\n<p>Kubek &#8220;OLEK&#8221; o litra\u017cu 300 ml z wypiaskowanym motywem chaty typowej dla Bieszczad oraz z ty\u0142u napisem&#8221;Bieszczady&#8221;. Kubek wykonany z najwy\u017cszej jako\u015bci szk\u0142a, bardzo wygodny w u\u017cyciu. Sprawdzi si\u0119 jako kubek do gor\u0105cych napoj\u00f3w, grzanego wina lub jako pami\u0105tka z g\u00f3r. Kubek pozwoli na delektowanie si\u0119 wybranym trunkiem i wspomnienie o pobycie w Bieszczadach. Idealna pami\u0105tka z g\u00f3r. Nadaje si\u0119 do mycia w zmywarce.<\/p>\n","protected":false},"excerpt":{"rendered":"<p><img loading=\"lazy\" class=\"alignnone size-medium wp-image-3492\" src=\"http:\/\/violmax.pl\/wp-content\/uploads\/2020\/05\/VIOLMAX_POLSKA-300x28.jpg\" alt=\"\" width=\"300\" height=\"28\" \/><\/p>\n<p>&nbsp;<\/p>\n<p>Kubek &#8220;OLEK&#8221; o litra\u017cu 300 ml z wypiaskowanym motywem chaty typowej dla Bieszczad oraz z ty\u0142u napisem&#8221;Bieszczady&#8221;. Kubek wykonany z najwy\u017cszej jako\u015bci szk\u0142a, bardzo wygodny w u\u017cyciu. Sprawdzi si\u0119 jako kubek do gor\u0105cych napoj\u00f3w, grzanego wina lub jako pami\u0105tka z g\u00f3r. Kubek pozwoli na delektowanie si\u0119 wybranym trunkiem i wspomnienie o pobycie w Bieszczadach. Idealna pami\u0105tka z g\u00f3r. Nadaje si\u0119 do mycia w zmywarce.<\/p>\n<p><strong><em>Minimalna ilo\u015b\u0107 zam\u00f3wienia &#8211; 6 sztuk (1 opakowanie)<\/em><br \/>\n<\/strong><\/p>\n<p><strong><em>Towar sprzedawany na opakowania<\/em><\/strong><\/p>\n<h3><span style=\"color: #ff0000;\">PRZY DODAWANIU DO KOSZYKA, NALE\u017bY DODAWA\u0106 KROTNO\u015a\u0106\u00a0 LICZBY 6 &#8211; (1 opak)\u00a0 np: 6 ; 12 ; 18 itd<\/span><\/h3>\n<h3><strong>CENA ZA SZTUK\u0118.<\/strong><\/h3>\n","protected":false},"featured_media":8357,"comment_status":"open","ping_status":"closed","template":"","meta":[],"_links":{"self":[{"href":"https:\/\/violmax.pl\/index.php\/wp-json\/wp\/v2\/product\/8404"}],"collection":[{"href":"https:\/\/violmax.pl\/index.php\/wp-json\/wp\/v2\/product"}],"about":[{"href":"https:\/\/violmax.pl\/index.php\/wp-json\/wp\/v2\/types\/product"}],"replies":[{"embeddable":true,"href":"https:\/\/violmax.pl\/index.php\/wp-json\/wp\/v2\/comments?post=8404"}],"wp:featuredmedia":[{"embeddable":true,"href":"https:\/\/violmax.pl\/index.php\/wp-json\/wp\/v2\/media\/8357"}],"wp:attachment":[{"href":"https:\/\/violmax.pl\/index.php\/wp-json\/wp\/v2\/media?parent=8404"}],"curies":[{"name":"wp","href":"https:\/\/api.w.org\/{rel}","templated":true}]}}