{"id":8379,"date":"2021-06-22T21:16:15","date_gmt":"2021-06-22T19:16:15","guid":{"rendered":"http:\/\/violmax.pl\/?post_type=product&#038;p=8379"},"modified":"2025-12-02T13:16:59","modified_gmt":"2025-12-02T12:16:59","slug":"bieszczady-szklanka-do-piwa-viola-568-ml-niedzwiedz-szron","status":"publish","type":"product","link":"https:\/\/violmax.pl\/index.php\/produkt\/bieszczady-szklanka-do-piwa-viola-568-ml-niedzwiedz-szron\/","title":{"rendered":"BIESZCZADY, SZKLANKA DO PIWA &#8220;VIOLA&#8221; 568 ML, NIED\u0179WIED\u0179 NA SKALE SZRON"},"content":{"rendered":"<p><img loading=\"lazy\" class=\"alignnone size-medium wp-image-8370\" src=\"http:\/\/violmax.pl\/wp-content\/uploads\/2021\/06\/Bieszczady_szklanka_do_piwa_viola_568_ml_niedzwiedz_szron-300x300.png\" alt=\"\" width=\"300\" height=\"300\" srcset=\"https:\/\/violmax.pl\/wp-content\/uploads\/2021\/06\/Bieszczady_szklanka_do_piwa_viola_568_ml_niedzwiedz_szron-300x300.png 300w, https:\/\/violmax.pl\/wp-content\/uploads\/2021\/06\/Bieszczady_szklanka_do_piwa_viola_568_ml_niedzwiedz_szron-150x150.png 150w, https:\/\/violmax.pl\/wp-content\/uploads\/2021\/06\/Bieszczady_szklanka_do_piwa_viola_568_ml_niedzwiedz_szron-768x768.png 768w, https:\/\/violmax.pl\/wp-content\/uploads\/2021\/06\/Bieszczady_szklanka_do_piwa_viola_568_ml_niedzwiedz_szron-680x680.png 680w, https:\/\/violmax.pl\/wp-content\/uploads\/2021\/06\/Bieszczady_szklanka_do_piwa_viola_568_ml_niedzwiedz_szron-100x100.png 100w, https:\/\/violmax.pl\/wp-content\/uploads\/2021\/06\/Bieszczady_szklanka_do_piwa_viola_568_ml_niedzwiedz_szron.png 900w\" sizes=\"(max-width: 300px) 100vw, 300px\" \/><\/p>\n<p>&nbsp;<\/p>\n<p>Pokal do piwa o litra\u017cu 568 ml.\u00a0 Do po\u0142owy w szronie, z wypiaskowanymi motywami typowymi dla Bieszczad. Wypiaskowanie szklanki do po\u0142owy jej wysoko\u015bci, sprawia wra\u017cenia jak by by\u0142a ona zmro\u017cona. Przepi\u0119kna i dostojna pami\u0105tka z robi\u0105cymi wra\u017cenie zdobieniami. Idealna pami\u0105tka z Bieszczad. Nadaje si\u0119 do mycia w zmywarce.<\/p>\n<p>&nbsp;<\/p>\n","protected":false},"excerpt":{"rendered":"<div class=\"woocommerce-product-details__short-description\">\n<div class=\"woocommerce-product-details__short-description\">\n<div class=\"woocommerce-product-details__short-description\">\n<p><img loading=\"lazy\" class=\"alignnone size-medium wp-image-3492\" src=\"http:\/\/violmax.pl\/wp-content\/uploads\/2020\/05\/VIOLMAX_POLSKA-300x28.jpg\" alt=\"\" width=\"300\" height=\"28\" \/><\/p>\n<p>&nbsp;<\/p>\n<p>Pokal do piwa o litra\u017cu 568 ml.\u00a0 Do po\u0142owy w szronie, z wypiaskowanymi motywami typowymi dla Bieszczad. Wypiaskowanie szklanki do po\u0142owy jej wysoko\u015bci, sprawia wra\u017cenia jak by by\u0142a ona zmro\u017cona. Przepi\u0119kna i dostojna pami\u0105tka z robi\u0105cymi wra\u017cenie zdobieniami. Idealna pami\u0105tka z Bieszczad. Nadaje si\u0119 do mycia w zmywarce.<\/p>\n<p>&nbsp;<\/p>\n<p><strong><em>Minimalna ilo\u015b\u0107 zam\u00f3wienia \u2013 6 sztuk (1 opakowanie)<\/em><br \/>\n<\/strong><\/p>\n<p><strong><em>Towar sprzedawany na opakowania<\/em><\/strong><\/p>\n<h3><span style=\"color: #ff0000;\">PRZY DODAWANIU DO KOSZYKA, NALE\u017bY DODAWA\u0106 KROTNO\u015a\u0106\u00a0 LICZBY 6 &#8211; (1 opak)\u00a0 np: 6 ; 12 ; 18 itd<\/span><\/h3>\n<h3><strong>CENA ZA SZTUK\u0118.<\/strong><\/h3>\n<\/div>\n<\/div>\n<\/div>\n","protected":false},"featured_media":8370,"comment_status":"open","ping_status":"closed","template":"","meta":[],"_links":{"self":[{"href":"https:\/\/violmax.pl\/index.php\/wp-json\/wp\/v2\/product\/8379"}],"collection":[{"href":"https:\/\/violmax.pl\/index.php\/wp-json\/wp\/v2\/product"}],"about":[{"href":"https:\/\/violmax.pl\/index.php\/wp-json\/wp\/v2\/types\/product"}],"replies":[{"embeddable":true,"href":"https:\/\/violmax.pl\/index.php\/wp-json\/wp\/v2\/comments?post=8379"}],"wp:featuredmedia":[{"embeddable":true,"href":"https:\/\/violmax.pl\/index.php\/wp-json\/wp\/v2\/media\/8370"}],"wp:attachment":[{"href":"https:\/\/violmax.pl\/index.php\/wp-json\/wp\/v2\/media?parent=8379"}],"curies":[{"name":"wp","href":"https:\/\/api.w.org\/{rel}","templated":true}]}}