{"id":837,"date":"2019-09-04T12:15:23","date_gmt":"2019-09-04T10:15:23","guid":{"rendered":"http:\/\/violmax.wroclaw.pl\/?post_type=product&#038;p=837"},"modified":"2025-12-02T13:30:06","modified_gmt":"2025-12-02T12:30:06","slug":"polska-karafka-075-litra-szron","status":"publish","type":"product","link":"https:\/\/violmax.pl\/index.php\/produkt\/polska-karafka-075-litra-szron\/","title":{"rendered":"POLSKA, KARAFKA &#8220;\u0141AMANA&#8221; 0,75 LITRA, SZRON"},"content":{"rendered":"<p><img loading=\"lazy\" class=\"alignnone size-medium wp-image-840\" src=\"http:\/\/violmax.pl\/wp-content\/uploads\/2019\/09\/KARAFKA-SZRON-STRONA-2-208x300.jpg\" alt=\"\" width=\"208\" height=\"300\" \/><img loading=\"lazy\" class=\"alignnone size-medium wp-image-839\" src=\"http:\/\/violmax.pl\/wp-content\/uploads\/2019\/09\/KARAFKA-SZRON-STRONA-1-203x300.jpg\" alt=\"\" width=\"203\" height=\"300\" \/><\/p>\n<p>Karafka o litra\u017cu 0,75 litra \u2013 wypiaskowana z obu stron. Karafka mo\u017ce s\u0142u\u017cy\u0107 jako nietuzinkowy, szklany prezent lub ozdobny flakon na nalewki, wina, koniaki. Pi\u0119kna, okaza\u0142a ( 26 cm wysoko\u015bci ) pami\u0105tka z Polski, kt\u00f3ra zachwyci ka\u017cdego.Idealna pami\u0105tka z Polski, \u015bwietny prezent dla ka\u017cdego.<\/p>\n","protected":false},"excerpt":{"rendered":"<p><img loading=\"lazy\" class=\"alignnone size-medium wp-image-3492\" src=\"http:\/\/violmax.pl\/wp-content\/uploads\/2020\/05\/VIOLMAX_POLSKA-300x28.jpg\" alt=\"\" width=\"300\" height=\"28\" \/><\/p>\n<p>&nbsp;<\/p>\n<p>Karafka o litra\u017cu 0,75 litra \u2013 wypiaskowana z obu stron. Karafka mo\u017ce s\u0142u\u017cy\u0107 jako nietuzinkowy, szklany prezent lub ozdobny flakon na nalewki, wina, koniaki. Pi\u0119kna, okaza\u0142a ( 26 cm wysoko\u015bci ) pami\u0105tka z Polski, kt\u00f3ra zachwyci ka\u017cdego.Idealna pami\u0105tka z Polski, \u015bwietny prezent dla ka\u017cdego.<\/p>\n<p><em><strong>Minimalna ilo\u015b\u0107 zam\u00f3wienia &#8211; 1 sztuka<\/strong><\/em><\/p>\n<h2>CENA ZA 1 SZTUK\u0118<\/h2>\n","protected":false},"featured_media":840,"comment_status":"open","ping_status":"closed","template":"","meta":[],"_links":{"self":[{"href":"https:\/\/violmax.pl\/index.php\/wp-json\/wp\/v2\/product\/837"}],"collection":[{"href":"https:\/\/violmax.pl\/index.php\/wp-json\/wp\/v2\/product"}],"about":[{"href":"https:\/\/violmax.pl\/index.php\/wp-json\/wp\/v2\/types\/product"}],"replies":[{"embeddable":true,"href":"https:\/\/violmax.pl\/index.php\/wp-json\/wp\/v2\/comments?post=837"}],"wp:featuredmedia":[{"embeddable":true,"href":"https:\/\/violmax.pl\/index.php\/wp-json\/wp\/v2\/media\/840"}],"wp:attachment":[{"href":"https:\/\/violmax.pl\/index.php\/wp-json\/wp\/v2\/media?parent=837"}],"curies":[{"name":"wp","href":"https:\/\/api.w.org\/{rel}","templated":true}]}}