{"id":8340,"date":"2021-06-13T21:50:46","date_gmt":"2021-06-13T19:50:46","guid":{"rendered":"http:\/\/violmax.pl\/?post_type=product&#038;p=8340"},"modified":"2025-12-02T13:17:01","modified_gmt":"2025-12-02T12:17:01","slug":"darlowko-kufel-do-piwa-chmiel-500-ml-blacha-dyzurka","status":"publish","type":"product","link":"https:\/\/violmax.pl\/index.php\/produkt\/darlowko-kufel-do-piwa-chmiel-500-ml-blacha-dyzurka\/","title":{"rendered":"DAR\u0141\u00d3WKO, KUFEL DO PIWA &#8220;CHMIEL&#8221; 0,5 LITRA, BLACHA DY\u017bURKA KAPITA\u0143SKA I KUTER RYBACKI"},"content":{"rendered":"<p><img loading=\"lazy\" class=\"alignnone size-medium wp-image-8319\" src=\"http:\/\/violmax.pl\/wp-content\/uploads\/2021\/06\/Darlowko_kufel_do_piwa_chmiel_500_ml_blacha_dyzurka-300x240.png\" alt=\"\" width=\"300\" height=\"240\" srcset=\"https:\/\/violmax.pl\/wp-content\/uploads\/2021\/06\/Darlowko_kufel_do_piwa_chmiel_500_ml_blacha_dyzurka-300x240.png 300w, https:\/\/violmax.pl\/wp-content\/uploads\/2021\/06\/Darlowko_kufel_do_piwa_chmiel_500_ml_blacha_dyzurka-768x614.png 768w, https:\/\/violmax.pl\/wp-content\/uploads\/2021\/06\/Darlowko_kufel_do_piwa_chmiel_500_ml_blacha_dyzurka-320x256.png 320w, https:\/\/violmax.pl\/wp-content\/uploads\/2021\/06\/Darlowko_kufel_do_piwa_chmiel_500_ml_blacha_dyzurka-680x544.png 680w, https:\/\/violmax.pl\/wp-content\/uploads\/2021\/06\/Darlowko_kufel_do_piwa_chmiel_500_ml_blacha_dyzurka.png 900w\" sizes=\"(max-width: 300px) 100vw, 300px\" \/><\/p>\n<p>Kufel do piwa \u201dChmiel\u201d o litra\u017cu 0,5 litra. Kufel ozdobiony jest ozdobnymi rowkami, co sprawia \u017ce przenikaj\u0105ce przez nie \u015bwiat\u0142o, daje \u015bwietne efekty \u015bwietlne. Na \u015brodku kufla widzimy metalowy odlew przedstawiaj\u0105cy dy\u017curk\u0119 kapita\u0144sk\u0105 w Dar\u0142\u00f3wku oraz kuter rybacki. Kufel jest wykonany z wysokiej jako\u015bci szk\u0142a. Pi\u0119kny i wygodny kufel, kt\u00f3ry sprawdzi si\u0119 u ka\u017cdego. Idealna pami\u0105tka z Dar\u0142\u00f3wka.<\/p>\n","protected":false},"excerpt":{"rendered":"<p><img loading=\"lazy\" class=\"alignnone size-full wp-image-5364\" src=\"http:\/\/violmax.pl\/wp-content\/uploads\/2020\/10\/VIOLMAX_POLSKA-3.jpg\" alt=\"\" width=\"300\" height=\"28\" \/><\/p>\n<p>&nbsp;<\/p>\n<p>Kufel do piwa \u201dChmiel\u201d o litra\u017cu 0,5 litra. Kufel ozdobiony jest ozdobnymi rowkami, co sprawia \u017ce przenikaj\u0105ce przez nie \u015bwiat\u0142o, daje \u015bwietne efekty \u015bwietlne. Na \u015brodku kufla widzimy metalowy odlew przedstawiaj\u0105cy dy\u017curk\u0119 kapita\u0144sk\u0105 w Dar\u0142\u00f3wku oraz kuter rybacki. Kufel jest wykonany z wysokiej jako\u015bci szk\u0142a. Pi\u0119kny i wygodny kufel, kt\u00f3ry sprawdzi si\u0119 u ka\u017cdego. Idealna pami\u0105tka z Dar\u0142\u00f3wka.<\/p>\n<p><strong><em>Minimalna ilo\u015b\u0107 zam\u00f3wienia &#8211; 6 sztuk (1 opakowanie)<\/em><br \/>\n<\/strong><\/p>\n<p><strong><em>Towar sprzedawany na opakowania<\/em><\/strong><\/p>\n<h3><span style=\"color: #ff0000;\">PRZY DODAWANIU DO KOSZYKA, NALE\u017bY DODAWA\u0106 KROTNO\u015a\u0106\u00a0 LICZBY 6 &#8211; (1 opak)\u00a0 np: 6 ; 12 ; 18 itd<\/span><\/h3>\n<h3><strong>CENA ZA SZTUK\u0118.<\/strong><\/h3>\n","protected":false},"featured_media":8319,"comment_status":"open","ping_status":"closed","template":"","meta":[],"_links":{"self":[{"href":"https:\/\/violmax.pl\/index.php\/wp-json\/wp\/v2\/product\/8340"}],"collection":[{"href":"https:\/\/violmax.pl\/index.php\/wp-json\/wp\/v2\/product"}],"about":[{"href":"https:\/\/violmax.pl\/index.php\/wp-json\/wp\/v2\/types\/product"}],"replies":[{"embeddable":true,"href":"https:\/\/violmax.pl\/index.php\/wp-json\/wp\/v2\/comments?post=8340"}],"wp:featuredmedia":[{"embeddable":true,"href":"https:\/\/violmax.pl\/index.php\/wp-json\/wp\/v2\/media\/8319"}],"wp:attachment":[{"href":"https:\/\/violmax.pl\/index.php\/wp-json\/wp\/v2\/media?parent=8340"}],"curies":[{"name":"wp","href":"https:\/\/api.w.org\/{rel}","templated":true}]}}