{"id":8299,"date":"2021-06-13T17:16:35","date_gmt":"2021-06-13T15:16:35","guid":{"rendered":"http:\/\/violmax.pl\/?post_type=product&#038;p=8299"},"modified":"2025-12-02T13:17:04","modified_gmt":"2025-12-02T12:17:04","slug":"gdansk-kufel-do-piwa-krzysztof-500-ml-lwy-2d-kolor","status":"publish","type":"product","link":"https:\/\/violmax.pl\/index.php\/produkt\/gdansk-kufel-do-piwa-krzysztof-500-ml-lwy-2d-kolor\/","title":{"rendered":"GDA\u0143SK, KUFEL DO PIWA &#8220;KRZYSZTOF&#8221; 0,5 LITRA, LWY 2D KOLOR"},"content":{"rendered":"<p><img loading=\"lazy\" class=\"alignnone size-medium wp-image-8285\" src=\"http:\/\/violmax.pl\/wp-content\/uploads\/2021\/06\/Gdansk_kufel_do_piwa_krzysztof_500_ml_lwy_2d_kolor-300x300.png\" alt=\"\" width=\"300\" height=\"300\" srcset=\"https:\/\/violmax.pl\/wp-content\/uploads\/2021\/06\/Gdansk_kufel_do_piwa_krzysztof_500_ml_lwy_2d_kolor-300x300.png 300w, https:\/\/violmax.pl\/wp-content\/uploads\/2021\/06\/Gdansk_kufel_do_piwa_krzysztof_500_ml_lwy_2d_kolor-150x150.png 150w, https:\/\/violmax.pl\/wp-content\/uploads\/2021\/06\/Gdansk_kufel_do_piwa_krzysztof_500_ml_lwy_2d_kolor-768x768.png 768w, https:\/\/violmax.pl\/wp-content\/uploads\/2021\/06\/Gdansk_kufel_do_piwa_krzysztof_500_ml_lwy_2d_kolor-680x680.png 680w, https:\/\/violmax.pl\/wp-content\/uploads\/2021\/06\/Gdansk_kufel_do_piwa_krzysztof_500_ml_lwy_2d_kolor-100x100.png 100w, https:\/\/violmax.pl\/wp-content\/uploads\/2021\/06\/Gdansk_kufel_do_piwa_krzysztof_500_ml_lwy_2d_kolor.png 900w\" sizes=\"(max-width: 300px) 100vw, 300px\" \/><\/p>\n<p>&nbsp;<\/p>\n<p>Kufel do piwa \u201dKRZYSZTOF\u201d o litra\u017cu 0,5 litra. Na kuflu s\u0105 wy\u017c\u0142obione ozdobne rowki w dolnej jego cz\u0119\u015bci. Przenikaj\u0105ce przez nie \u015bwiat\u0142o, daje \u015bwietne efekty \u015bwietlne. Na \u015brodku kufla widzimy metalowy odlew w kolorze &#8220;Lw\u00f3w Gda\u0144skich&#8221;. Zosta\u0142 odlany z wysokiej jako\u015bci szk\u0142a. Pi\u0119kny i wygodny kufel, kt\u00f3ry sprawdzi si\u0119 u ka\u017cdego. Idealna pami\u0105tka z Gda\u0144ska.<\/p>\n","protected":false},"excerpt":{"rendered":"<p><img loading=\"lazy\" class=\"alignnone size-medium wp-image-3492\" src=\"http:\/\/violmax.pl\/wp-content\/uploads\/2020\/05\/VIOLMAX_POLSKA-300x28.jpg\" alt=\"\" width=\"300\" height=\"28\" \/><\/p>\n<p>&nbsp;<\/p>\n<p>Kufel do piwa \u201dKRZYSZTOF\u201d o litra\u017cu 0,5 litra. Na kuflu s\u0105 wy\u017c\u0142obione ozdobne rowki w dolnej jego cz\u0119\u015bci. Przenikaj\u0105ce przez nie \u015bwiat\u0142o, daje \u015bwietne efekty \u015bwietlne. Na \u015brodku kufla widzimy metalowy odlew w kolorze &#8220;Lw\u00f3w Gda\u0144skich&#8221;. Zosta\u0142 odlany z wysokiej jako\u015bci szk\u0142a. Pi\u0119kny i wygodny kufel, kt\u00f3ry sprawdzi si\u0119 u ka\u017cdego. Idealna pami\u0105tka z Gda\u0144ska.<\/p>\n<p><strong><em>Minimalna ilo\u015b\u0107 zam\u00f3wienia &#8211; 6 sztuk (1 opakowanie)<\/em><br \/>\n<\/strong><\/p>\n<p><strong><em>Towar sprzedawany na opakowania<\/em><\/strong><\/p>\n<h3><span style=\"color: #ff0000;\">PRZY DODAWANIU DO KOSZYKA, NALE\u017bY DODAWA\u0106 KROTNO\u015a\u0106\u00a0 LICZBY 6 &#8211; (1 opak)\u00a0 np: 6 ; 12 ; 18 itd<\/span><\/h3>\n<h3><strong>CENA ZA SZTUK\u0118.<\/strong><\/h3>\n","protected":false},"featured_media":8285,"comment_status":"open","ping_status":"closed","template":"","meta":[],"_links":{"self":[{"href":"https:\/\/violmax.pl\/index.php\/wp-json\/wp\/v2\/product\/8299"}],"collection":[{"href":"https:\/\/violmax.pl\/index.php\/wp-json\/wp\/v2\/product"}],"about":[{"href":"https:\/\/violmax.pl\/index.php\/wp-json\/wp\/v2\/types\/product"}],"replies":[{"embeddable":true,"href":"https:\/\/violmax.pl\/index.php\/wp-json\/wp\/v2\/comments?post=8299"}],"wp:featuredmedia":[{"embeddable":true,"href":"https:\/\/violmax.pl\/index.php\/wp-json\/wp\/v2\/media\/8285"}],"wp:attachment":[{"href":"https:\/\/violmax.pl\/index.php\/wp-json\/wp\/v2\/media?parent=8299"}],"curies":[{"name":"wp","href":"https:\/\/api.w.org\/{rel}","templated":true}]}}