{"id":8255,"date":"2021-06-11T20:04:41","date_gmt":"2021-06-11T18:04:41","guid":{"rendered":"http:\/\/violmax.pl\/?post_type=product&#038;p=8255"},"modified":"2025-12-02T13:17:10","modified_gmt":"2025-12-02T12:17:10","slug":"wladyslawowo-kufel-do-piwa-bremen-670-ml-blacha","status":"publish","type":"product","link":"https:\/\/violmax.pl\/index.php\/produkt\/wladyslawowo-kufel-do-piwa-bremen-670-ml-blacha\/","title":{"rendered":"W\u0141ADYS\u0141AWOWO, KUFEL DO PIWA &#8220;BREMEN&#8221; 0,67 LITRA, BLACHA &#8220;DOM RYBAKA&#8221; I KUTER RYBACKI"},"content":{"rendered":"<p><img loading=\"lazy\" class=\"alignnone size-medium wp-image-8250\" src=\"http:\/\/violmax.pl\/wp-content\/uploads\/2021\/06\/Wladyslawowo_kufel_do_piwa_bremen_670_ml_blacha-300x300.png\" alt=\"\" width=\"300\" height=\"300\" srcset=\"https:\/\/violmax.pl\/wp-content\/uploads\/2021\/06\/Wladyslawowo_kufel_do_piwa_bremen_670_ml_blacha-300x300.png 300w, https:\/\/violmax.pl\/wp-content\/uploads\/2021\/06\/Wladyslawowo_kufel_do_piwa_bremen_670_ml_blacha-150x150.png 150w, https:\/\/violmax.pl\/wp-content\/uploads\/2021\/06\/Wladyslawowo_kufel_do_piwa_bremen_670_ml_blacha-768x768.png 768w, https:\/\/violmax.pl\/wp-content\/uploads\/2021\/06\/Wladyslawowo_kufel_do_piwa_bremen_670_ml_blacha-680x680.png 680w, https:\/\/violmax.pl\/wp-content\/uploads\/2021\/06\/Wladyslawowo_kufel_do_piwa_bremen_670_ml_blacha-100x100.png 100w, https:\/\/violmax.pl\/wp-content\/uploads\/2021\/06\/Wladyslawowo_kufel_do_piwa_bremen_670_ml_blacha.png 900w\" sizes=\"(max-width: 300px) 100vw, 300px\" \/><\/p>\n<p>Kufel do piwa \u201eBremen\u201d o litra\u017cu 0,67 . Ozdobiony jest metalowym odlewem z motywem kutra rybackiego z W\u0142adys\u0142awowa oraz &#8220;Domem Rybaka&#8221;. Produkt z wysokiej jako\u015bci szk\u0142a. Znakomicie sprawdzi si\u0119 jako \u015bwietny upominek z W\u0142adys\u0142awowa. Idealny na prezent dla lubuj\u0105cych si\u0119 w piwie lub os\u00f3b, kt\u00f3re ceni\u0105 sobie pami\u0105tki ze smakiem. Ozdobi ka\u017cde wn\u0119trze i zachwyci go\u015bci. Idealna pami\u0105tka z W\u0142adys\u0142awowa.<\/p>\n<p>&nbsp;<\/p>\n","protected":false},"excerpt":{"rendered":"<div class=\"woocommerce-product-details__short-description\">\n<div class=\"woocommerce-product-details__short-description\">\n<div class=\"woocommerce-product-details__short-description\">\n<div class=\"woocommerce-product-details__short-description\">\n<div class=\"woocommerce-product-details__short-description\">\n<div class=\"woocommerce-product-details__short-description\">\n<div class=\"woocommerce-product-details__short-description\">\n<p><img loading=\"lazy\" class=\"alignnone size-medium wp-image-3492\" src=\"http:\/\/violmax.pl\/wp-content\/uploads\/2020\/05\/VIOLMAX_POLSKA-300x28.jpg\" alt=\"\" width=\"300\" height=\"28\" \/><\/p>\n<p>&nbsp;<\/p>\n<p>Kufel do piwa \u201eBremen\u201d o litra\u017cu 0,67 . Ozdobiony jest metalowym odlewem z motywem kutra rybackiego z W\u0142adys\u0142awowa oraz &#8220;Domem Rybaka&#8221;. Produkt z wysokiej jako\u015bci szk\u0142a. Znakomicie sprawdzi si\u0119 jako \u015bwietny upominek z W\u0142adys\u0142awowa. Idealny na prezent dla lubuj\u0105cych si\u0119 w piwie lub os\u00f3b, kt\u00f3re ceni\u0105 sobie pami\u0105tki ze smakiem. Ozdobi ka\u017cde wn\u0119trze i zachwyci go\u015bci. Idealna pami\u0105tka z W\u0142adys\u0142awowa.<\/p>\n<p><strong><em>Minimalna ilo\u015b\u0107 zam\u00f3wienia \u2013 6 sztuk (1 opakowanie)<\/em><br \/>\n<\/strong><\/p>\n<p><strong><em>Towar sprzedawany na opakowania<\/em><\/strong><\/p>\n<h3><span style=\"color: #ff0000;\">PRZY DODAWANIU DO KOSZYKA, NALE\u017bY DODAWA\u0106 KROTNO\u015a\u0106\u00a0 LICZBY 6 &#8211; (1 opak)\u00a0 np: 6 ; 12 ; 18 itd<\/span><\/h3>\n<h3><strong>CENA ZA SZTUK\u0118.<\/strong><\/h3>\n<\/div>\n<\/div>\n<\/div>\n<\/div>\n<\/div>\n<\/div>\n<\/div>\n","protected":false},"featured_media":8250,"comment_status":"open","ping_status":"closed","template":"","meta":[],"_links":{"self":[{"href":"https:\/\/violmax.pl\/index.php\/wp-json\/wp\/v2\/product\/8255"}],"collection":[{"href":"https:\/\/violmax.pl\/index.php\/wp-json\/wp\/v2\/product"}],"about":[{"href":"https:\/\/violmax.pl\/index.php\/wp-json\/wp\/v2\/types\/product"}],"replies":[{"embeddable":true,"href":"https:\/\/violmax.pl\/index.php\/wp-json\/wp\/v2\/comments?post=8255"}],"wp:featuredmedia":[{"embeddable":true,"href":"https:\/\/violmax.pl\/index.php\/wp-json\/wp\/v2\/media\/8250"}],"wp:attachment":[{"href":"https:\/\/violmax.pl\/index.php\/wp-json\/wp\/v2\/media?parent=8255"}],"curies":[{"name":"wp","href":"https:\/\/api.w.org\/{rel}","templated":true}]}}