{"id":8191,"date":"2021-06-09T22:17:36","date_gmt":"2021-06-09T20:17:36","guid":{"rendered":"http:\/\/violmax.pl\/?post_type=product&#038;p=8191"},"modified":"2025-12-02T13:17:17","modified_gmt":"2025-12-02T12:17:17","slug":"hel-szklanka-do-piwa-viola-500-ml-szron-odlew-kolor","status":"publish","type":"product","link":"https:\/\/violmax.pl\/index.php\/produkt\/hel-szklanka-do-piwa-viola-500-ml-szron-odlew-kolor\/","title":{"rendered":"HEL, SZKLANKA DO PIWA &#8220;VIOLA&#8221; 568 ML, SZRON + &#8220;BANIA&#8221; ODLEW KOLOR"},"content":{"rendered":"<p><img loading=\"lazy\" class=\"alignnone size-medium wp-image-8190\" src=\"http:\/\/violmax.pl\/wp-content\/uploads\/2021\/06\/Hel_szklanka_do_piwa_viola_568_ml_szron_odlew_kolor-240x300.png\" alt=\"\" width=\"240\" height=\"300\" srcset=\"https:\/\/violmax.pl\/wp-content\/uploads\/2021\/06\/Hel_szklanka_do_piwa_viola_568_ml_szron_odlew_kolor-240x300.png 240w, https:\/\/violmax.pl\/wp-content\/uploads\/2021\/06\/Hel_szklanka_do_piwa_viola_568_ml_szron_odlew_kolor-680x850.png 680w, https:\/\/violmax.pl\/wp-content\/uploads\/2021\/06\/Hel_szklanka_do_piwa_viola_568_ml_szron_odlew_kolor.png 720w\" sizes=\"(max-width: 240px) 100vw, 240px\" \/><\/p>\n<p>&nbsp;<\/p>\n<p>Pokal do piwa &#8220;VIOLA&#8221; o litra\u017cu 0,5 litra. Do po\u0142owy w szronie, ozdobiony metalowym odlewem w kolorze &#8220;Bani\u0105&#8221; oraz szarf\u0105 z nazw\u0105 miejscowo\u015bci Hel . Wypiaskowanie szklanki do po\u0142owy jej wysoko\u015bci sprawia wra\u017cenie, jak by by\u0142a zmro\u017cona. Przepi\u0119kna i dostojna pami\u0105tka z robi\u0105cymi wra\u017cenie zdobieniami. Idealna pami\u0105tka z Helu.<\/p>\n","protected":false},"excerpt":{"rendered":"<div class=\"woocommerce-product-details__short-description\">\n<p><img loading=\"lazy\" class=\"alignnone size-full wp-image-5364\" src=\"http:\/\/violmax.pl\/wp-content\/uploads\/2020\/10\/VIOLMAX_POLSKA-3.jpg\" alt=\"\" width=\"300\" height=\"28\" \/><\/p>\n<p>&nbsp;<\/p>\n<p>Pokal do piwa &#8220;VIOLA&#8221; o litra\u017cu 0,5 litra. Do po\u0142owy w szronie, ozdobiony metalowym odlewem w kolorze &#8220;Bani\u0105&#8221; oraz szarf\u0105 z nazw\u0105 miejscowo\u015bci Hel . Wypiaskowanie szklanki do po\u0142owy jej wysoko\u015bci sprawia wra\u017cenie, jak by by\u0142a zmro\u017cona. Przepi\u0119kna i dostojna pami\u0105tka z robi\u0105cymi wra\u017cenie zdobieniami. Idealna pami\u0105tka z Helu.<\/p>\n<p><strong><em>Minimalna ilo\u015b\u0107 zam\u00f3wienia \u2013 6 sztuk (1 opakowanie)<\/em><br \/>\n<\/strong><\/p>\n<p><strong><em>Towar sprzedawany na opakowania<\/em><\/strong><\/p>\n<h3><span style=\"color: #ff0000;\">PRZY DODAWANIU DO KOSZYKA, NALE\u017bY DODAWA\u0106 KROTNO\u015a\u0106\u00a0 LICZBY 6 &#8211; (1 opak)\u00a0 np: 6 ; 12 ; 18 itd<\/span><\/h3>\n<h3><strong>CENA ZA SZTUK\u0118.<\/strong><\/h3>\n<\/div>\n","protected":false},"featured_media":8190,"comment_status":"open","ping_status":"closed","template":"","meta":[],"_links":{"self":[{"href":"https:\/\/violmax.pl\/index.php\/wp-json\/wp\/v2\/product\/8191"}],"collection":[{"href":"https:\/\/violmax.pl\/index.php\/wp-json\/wp\/v2\/product"}],"about":[{"href":"https:\/\/violmax.pl\/index.php\/wp-json\/wp\/v2\/types\/product"}],"replies":[{"embeddable":true,"href":"https:\/\/violmax.pl\/index.php\/wp-json\/wp\/v2\/comments?post=8191"}],"wp:featuredmedia":[{"embeddable":true,"href":"https:\/\/violmax.pl\/index.php\/wp-json\/wp\/v2\/media\/8190"}],"wp:attachment":[{"href":"https:\/\/violmax.pl\/index.php\/wp-json\/wp\/v2\/media?parent=8191"}],"curies":[{"name":"wp","href":"https:\/\/api.w.org\/{rel}","templated":true}]}}