{"id":8154,"date":"2021-06-08T22:04:31","date_gmt":"2021-06-08T20:04:31","guid":{"rendered":"http:\/\/violmax.pl\/?post_type=product&#038;p=8154"},"modified":"2025-12-02T13:17:20","modified_gmt":"2025-12-02T12:17:20","slug":"ustka-kufel-do-piwa-alan-500-ml-odlew-kolor","status":"publish","type":"product","link":"https:\/\/violmax.pl\/index.php\/produkt\/ustka-kufel-do-piwa-alan-500-ml-odlew-kolor\/","title":{"rendered":"USTKA, KUFEL DO PIWA &#8220;ALAN&#8221; 0,5 LITRA, SYRENKA ODLEW KOLOR"},"content":{"rendered":"<p><img loading=\"lazy\" class=\"alignnone size-medium wp-image-8128\" src=\"http:\/\/violmax.pl\/wp-content\/uploads\/2021\/06\/Ustka_kufel_do_piwa_alan_500_ml_odlew_kolor-300x300.png\" alt=\"\" width=\"300\" height=\"300\" srcset=\"https:\/\/violmax.pl\/wp-content\/uploads\/2021\/06\/Ustka_kufel_do_piwa_alan_500_ml_odlew_kolor-300x300.png 300w, https:\/\/violmax.pl\/wp-content\/uploads\/2021\/06\/Ustka_kufel_do_piwa_alan_500_ml_odlew_kolor-150x150.png 150w, https:\/\/violmax.pl\/wp-content\/uploads\/2021\/06\/Ustka_kufel_do_piwa_alan_500_ml_odlew_kolor-768x768.png 768w, https:\/\/violmax.pl\/wp-content\/uploads\/2021\/06\/Ustka_kufel_do_piwa_alan_500_ml_odlew_kolor-680x680.png 680w, https:\/\/violmax.pl\/wp-content\/uploads\/2021\/06\/Ustka_kufel_do_piwa_alan_500_ml_odlew_kolor-100x100.png 100w, https:\/\/violmax.pl\/wp-content\/uploads\/2021\/06\/Ustka_kufel_do_piwa_alan_500_ml_odlew_kolor.png 900w\" sizes=\"(max-width: 300px) 100vw, 300px\" \/><\/p>\n<p>Kufel do piwa \u201dALAN\u201d o litra\u017cu 0,5 litra. Kufel jest ozdobiony na zewn\u0119trznej jego p\u0142aszczy\u017anie wzorem przypominaj\u0105cym siatk\u0119. Wz\u00f3r ten sprawia, \u017ce przenikaj\u0105ce przez niego \u015bwiat\u0142o, daje \u015bwietne efekt \u015bwietlne . Na \u015brodku umieszczony jest metalowy odlew w kolorze -&#8220;SYRENKA&#8221;.\u00a0 Na pami\u0105tce zosta\u0142a umieszczona tak\u017ce szarfa z metalu, z nazw\u0105 miejscowo\u015bci &#8221;Ustka&#8221;. Bardzo wygodny, klasyczny kufel do piwa, kt\u00f3ry dzi\u0119ki takiemu okaza\u0142emu zdobieniu nabra\u0142 oryginalno\u015bci. Idealna pami\u0105tka z Ustki.<\/p>\n<p>&nbsp;<\/p>\n","protected":false},"excerpt":{"rendered":"<p><img loading=\"lazy\" class=\"alignnone size-medium wp-image-3575\" src=\"http:\/\/violmax.pl\/wp-content\/uploads\/2020\/05\/VIOLMAX_POLSKA-1-300x28.jpg\" alt=\"\" width=\"300\" height=\"28\" \/><\/p>\n<p>&nbsp;<\/p>\n<p>Kufel do piwa \u201dALAN\u201d o litra\u017cu 0,5 litra. Kufel jest ozdobiony na zewn\u0119trznej jego p\u0142aszczy\u017anie wzorem przypominaj\u0105cym siatk\u0119. Wz\u00f3r ten sprawia, \u017ce przenikaj\u0105ce przez niego \u015bwiat\u0142o, daje \u015bwietne efekt \u015bwietlne . Na \u015brodku umieszczony jest metalowy odlew w kolorze -&#8220;SYRENKA&#8221;.\u00a0 Na pami\u0105tce zosta\u0142a umieszczona tak\u017ce szarfa z metalu, z nazw\u0105 miejscowo\u015bci &#8221;Ustka&#8221;. Bardzo wygodny, klasyczny kufel do piwa, kt\u00f3ry dzi\u0119ki takiemu okaza\u0142emu zdobieniu nabra\u0142 oryginalno\u015bci. Idealna pami\u0105tka z Ustki.<\/p>\n<p><strong><em>Minimalna ilo\u015b\u0107 zam\u00f3wienia &#8211; 6 sztuk (1 opakowanie)<\/em><br \/>\n<\/strong><\/p>\n<p><strong><em>Towar sprzedawany na opakowania<\/em><\/strong><\/p>\n<h3><span style=\"color: #ff0000;\">PRZY DODAWANIU DO KOSZYKA, NALE\u017bY DODAWA\u0106 KROTNO\u015a\u0106\u00a0 6 SZT &#8211; 1 OPAKOWANIE<\/span><\/h3>\n<h3><strong>CENA ZA SZTUK\u0118.<\/strong><\/h3>\n","protected":false},"featured_media":8128,"comment_status":"open","ping_status":"closed","template":"","meta":[],"_links":{"self":[{"href":"https:\/\/violmax.pl\/index.php\/wp-json\/wp\/v2\/product\/8154"}],"collection":[{"href":"https:\/\/violmax.pl\/index.php\/wp-json\/wp\/v2\/product"}],"about":[{"href":"https:\/\/violmax.pl\/index.php\/wp-json\/wp\/v2\/types\/product"}],"replies":[{"embeddable":true,"href":"https:\/\/violmax.pl\/index.php\/wp-json\/wp\/v2\/comments?post=8154"}],"wp:featuredmedia":[{"embeddable":true,"href":"https:\/\/violmax.pl\/index.php\/wp-json\/wp\/v2\/media\/8128"}],"wp:attachment":[{"href":"https:\/\/violmax.pl\/index.php\/wp-json\/wp\/v2\/media?parent=8154"}],"curies":[{"name":"wp","href":"https:\/\/api.w.org\/{rel}","templated":true}]}}