{"id":8148,"date":"2021-06-08T21:52:20","date_gmt":"2021-06-08T19:52:20","guid":{"rendered":"http:\/\/violmax.pl\/?post_type=product&#038;p=8148"},"modified":"2025-12-02T13:17:21","modified_gmt":"2025-12-02T12:17:21","slug":"ustka-szklanka-do-napojow-splendour-480-ml-odlew-kolor","status":"publish","type":"product","link":"https:\/\/violmax.pl\/index.php\/produkt\/ustka-szklanka-do-napojow-splendour-480-ml-odlew-kolor\/","title":{"rendered":"USTKA, SZKLANKA DO NAPOJ\u00d3W &#8220;SPLENDOUR&#8221; 480 ML,  SYRENKA ODLEW KOLOR"},"content":{"rendered":"<p><img loading=\"lazy\" class=\"alignnone size-medium wp-image-8132\" src=\"http:\/\/violmax.pl\/wp-content\/uploads\/2021\/06\/Ustka_szklanka_do_napojow_splendour_480_ml_odlew_kolor-255x300.png\" alt=\"\" width=\"255\" height=\"300\" srcset=\"https:\/\/violmax.pl\/wp-content\/uploads\/2021\/06\/Ustka_szklanka_do_napojow_splendour_480_ml_odlew_kolor-255x300.png 255w, https:\/\/violmax.pl\/wp-content\/uploads\/2021\/06\/Ustka_szklanka_do_napojow_splendour_480_ml_odlew_kolor-680x800.png 680w, https:\/\/violmax.pl\/wp-content\/uploads\/2021\/06\/Ustka_szklanka_do_napojow_splendour_480_ml_odlew_kolor.png 765w\" sizes=\"(max-width: 255px) 100vw, 255px\" \/><\/p>\n<p>Szklanka do napoj\u00f3w &#8220;SPLENDOUR&#8221; o pojemno\u015bci 480 ml. Na szklance umieszczony zosta\u0142 odlew metalowy w kolorze &#8211; &#8220;Syrenka&#8221; . Szklanka zosta\u0142a wykonana z wysokiej jako\u015bci szk\u0142a. Pami\u0105tka dla ka\u017cdego, idealny prezent. Sprawdzi si\u0119 jako ozdoba np w salonie \u2013 w barku. Idealna pami\u0105tka z Ustki.<\/p>\n","protected":false},"excerpt":{"rendered":"<p><img loading=\"lazy\" class=\"alignnone size-medium wp-image-4375\" src=\"http:\/\/violmax.pl\/wp-content\/uploads\/2020\/05\/VIOLMAX_POLSKA-12-300x28.jpg\" alt=\"\" width=\"300\" height=\"28\" \/><\/p>\n<div class=\"woocommerce-product-details__short-description\">\n<p>&nbsp;<\/p>\n<p>Szklanka do napoj\u00f3w &#8220;SPLENDOUR&#8221; o pojemno\u015bci 480 ml. Na szklance umieszczony zosta\u0142 odlew metalowy w kolorze &#8211; &#8220;Syrenka&#8221; . Szklanka zosta\u0142a wykonana z wysokiej jako\u015bci szk\u0142a. Pami\u0105tka dla ka\u017cdego, idealny prezent. Sprawdzi si\u0119 jako ozdoba np w salonie \u2013 w barku. Idealna pami\u0105tka z Ustki.<\/p>\n<p><strong><em>Minimalna ilo\u015b\u0107 zam\u00f3wienia \u2013 6 sztuk (1 opakowanie)<\/em><br \/>\n<\/strong><\/p>\n<p><strong><em>Towar sprzedawany na opakowania<\/em><\/strong><\/p>\n<h3><span style=\"color: #ff0000;\">PRZY DODAWANIU DO KOSZYKA, NALE\u017bY DODAWA\u0106 KROTNO\u015a\u0106\u00a0 LICZBY 6 &#8211; (1 opak)\u00a0 np: 6 ; 12 ; 18 itd<\/span><\/h3>\n<h3><strong>CENA ZA SZTUK\u0118.<\/strong><\/h3>\n<h2><strong>\u00a0<\/strong><\/h2>\n<\/div>\n","protected":false},"featured_media":8132,"comment_status":"open","ping_status":"closed","template":"","meta":[],"_links":{"self":[{"href":"https:\/\/violmax.pl\/index.php\/wp-json\/wp\/v2\/product\/8148"}],"collection":[{"href":"https:\/\/violmax.pl\/index.php\/wp-json\/wp\/v2\/product"}],"about":[{"href":"https:\/\/violmax.pl\/index.php\/wp-json\/wp\/v2\/types\/product"}],"replies":[{"embeddable":true,"href":"https:\/\/violmax.pl\/index.php\/wp-json\/wp\/v2\/comments?post=8148"}],"wp:featuredmedia":[{"embeddable":true,"href":"https:\/\/violmax.pl\/index.php\/wp-json\/wp\/v2\/media\/8132"}],"wp:attachment":[{"href":"https:\/\/violmax.pl\/index.php\/wp-json\/wp\/v2\/media?parent=8148"}],"curies":[{"name":"wp","href":"https:\/\/api.w.org\/{rel}","templated":true}]}}