{"id":8110,"date":"2021-06-08T14:53:55","date_gmt":"2021-06-08T12:53:55","guid":{"rendered":"http:\/\/violmax.pl\/?post_type=product&#038;p=8110"},"modified":"2025-12-02T13:17:23","modified_gmt":"2025-12-02T12:17:23","slug":"solina-kufel-do-piwa-miodzio-3-500-ml-odlew-kolor","status":"publish","type":"product","link":"https:\/\/violmax.pl\/index.php\/produkt\/solina-kufel-do-piwa-miodzio-3-500-ml-odlew-kolor\/","title":{"rendered":"SOLINA, KUFEL DO PIWA &#8220;MIODZIO 3&#8221; 500 ML, ZAPORA ODLEW KOLOR"},"content":{"rendered":"<p><img loading=\"lazy\" class=\"alignnone size-medium wp-image-8109\" src=\"http:\/\/violmax.pl\/wp-content\/uploads\/2021\/06\/Solina_kufel_do_piwa_miodzio_3_500_ml_odlew_kolor-300x240.png\" alt=\"\" width=\"300\" height=\"240\" srcset=\"https:\/\/violmax.pl\/wp-content\/uploads\/2021\/06\/Solina_kufel_do_piwa_miodzio_3_500_ml_odlew_kolor-300x240.png 300w, https:\/\/violmax.pl\/wp-content\/uploads\/2021\/06\/Solina_kufel_do_piwa_miodzio_3_500_ml_odlew_kolor-768x614.png 768w, https:\/\/violmax.pl\/wp-content\/uploads\/2021\/06\/Solina_kufel_do_piwa_miodzio_3_500_ml_odlew_kolor-320x256.png 320w, https:\/\/violmax.pl\/wp-content\/uploads\/2021\/06\/Solina_kufel_do_piwa_miodzio_3_500_ml_odlew_kolor-680x544.png 680w, https:\/\/violmax.pl\/wp-content\/uploads\/2021\/06\/Solina_kufel_do_piwa_miodzio_3_500_ml_odlew_kolor.png 900w\" sizes=\"(max-width: 300px) 100vw, 300px\" \/><\/p>\n<p>Kufel do piwa \u201dMIODZIO 3\u201d o litra\u017cu 0,5 litra. Kufel jest ozdobiony na jego zewn\u0119trznej p\u0142aszczy\u017anie wg\u0142\u0119bieniami, co sprawia \u017ce przenikaj\u0105ce przez niego \u015bwiat\u0142o, daj\u0119 pi\u0119kne efekty \u015bwietlne. Na \u015brodku kufla widzimy metalowy odlew w kolorze \u2013 zapory. Odlew jest bardzo okaza\u0142y i robi wra\u017cenie. Pi\u0119kny, wygodny kufel, wykonany z wysokiej jako\u015bci szk\u0142a, kt\u00f3ry sprawdzi si\u0119 u ka\u017cdego. Idealna pami\u0105tka z Soliny.<\/p>\n","protected":false},"excerpt":{"rendered":"<div class=\"woocommerce-product-details__short-description\">\n<div class=\"woocommerce-product-details__short-description\">\n<div class=\"woocommerce-product-details__short-description\">\n<p><img loading=\"lazy\" class=\"alignnone size-medium wp-image-4074\" src=\"http:\/\/violmax.pl\/wp-content\/uploads\/2020\/05\/VIOLMAX_POLSKA-11-300x28.jpg\" alt=\"\" width=\"300\" height=\"28\" \/><\/p>\n<p>&nbsp;<\/p>\n<p>Kufel do piwa \u201dMIODZIO 3\u201d o litra\u017cu 0,5 litra. Kufel jest ozdobiony na jego zewn\u0119trznej p\u0142aszczy\u017anie wg\u0142\u0119bieniami, co sprawia \u017ce przenikaj\u0105ce przez niego \u015bwiat\u0142o, daj\u0119 pi\u0119kne efekty \u015bwietlne. Na \u015brodku kufla widzimy metalowy odlew w kolorze \u2013 zapory. Odlew jest bardzo okaza\u0142y i robi wra\u017cenie. Pi\u0119kny, wygodny kufel, wykonany z wysokiej jako\u015bci szk\u0142a, kt\u00f3ry sprawdzi si\u0119 u ka\u017cdego. Idealna pami\u0105tka z Soliny.<\/p>\n<p><strong><em>Minimalna ilo\u015b\u0107 zam\u00f3wienia \u2013 6 sztuk (1 opakowanie)<\/em><br \/>\n<\/strong><\/p>\n<p><strong><em>Towar sprzedawany na opakowania<\/em><\/strong><\/p>\n<h3><span style=\"color: #ff0000;\">PRZY DODAWANIU DO KOSZYKA, NALE\u017bY DODAWA\u0106 KROTNO\u015a\u0106\u00a0 LICZBY 6 &#8211; (1 opak)\u00a0 np: 6 ; 12 ; 18 itd<\/span><\/h3>\n<h3><strong>CENA ZA SZTUK\u0118.<\/strong><\/h3>\n<\/div>\n<\/div>\n<\/div>\n","protected":false},"featured_media":8109,"comment_status":"open","ping_status":"closed","template":"","meta":[],"_links":{"self":[{"href":"https:\/\/violmax.pl\/index.php\/wp-json\/wp\/v2\/product\/8110"}],"collection":[{"href":"https:\/\/violmax.pl\/index.php\/wp-json\/wp\/v2\/product"}],"about":[{"href":"https:\/\/violmax.pl\/index.php\/wp-json\/wp\/v2\/types\/product"}],"replies":[{"embeddable":true,"href":"https:\/\/violmax.pl\/index.php\/wp-json\/wp\/v2\/comments?post=8110"}],"wp:featuredmedia":[{"embeddable":true,"href":"https:\/\/violmax.pl\/index.php\/wp-json\/wp\/v2\/media\/8109"}],"wp:attachment":[{"href":"https:\/\/violmax.pl\/index.php\/wp-json\/wp\/v2\/media?parent=8110"}],"curies":[{"name":"wp","href":"https:\/\/api.w.org\/{rel}","templated":true}]}}