{"id":8107,"date":"2021-06-08T14:49:51","date_gmt":"2021-06-08T12:49:51","guid":{"rendered":"http:\/\/violmax.pl\/?post_type=product&#038;p=8107"},"modified":"2025-12-02T13:17:23","modified_gmt":"2025-12-02T12:17:23","slug":"bieszczady-kufel-do-piwa-alan-500-ml-wilk-2d","status":"publish","type":"product","link":"https:\/\/violmax.pl\/index.php\/produkt\/bieszczady-kufel-do-piwa-alan-500-ml-wilk-2d\/","title":{"rendered":"BIESZCZADY, KUFEL DO PIWA &#8220;ALAN&#8221; 0,5 LITRA, WILK 2D"},"content":{"rendered":"<p><img loading=\"lazy\" class=\"alignnone size-medium wp-image-8094\" src=\"http:\/\/violmax.pl\/wp-content\/uploads\/2021\/06\/Bieszczady_kufel_do_piwa_alan_500_ml_wilk_2d-300x300.png\" alt=\"\" width=\"300\" height=\"300\" srcset=\"https:\/\/violmax.pl\/wp-content\/uploads\/2021\/06\/Bieszczady_kufel_do_piwa_alan_500_ml_wilk_2d-300x300.png 300w, https:\/\/violmax.pl\/wp-content\/uploads\/2021\/06\/Bieszczady_kufel_do_piwa_alan_500_ml_wilk_2d-150x150.png 150w, https:\/\/violmax.pl\/wp-content\/uploads\/2021\/06\/Bieszczady_kufel_do_piwa_alan_500_ml_wilk_2d-768x768.png 768w, https:\/\/violmax.pl\/wp-content\/uploads\/2021\/06\/Bieszczady_kufel_do_piwa_alan_500_ml_wilk_2d-680x680.png 680w, https:\/\/violmax.pl\/wp-content\/uploads\/2021\/06\/Bieszczady_kufel_do_piwa_alan_500_ml_wilk_2d-100x100.png 100w, https:\/\/violmax.pl\/wp-content\/uploads\/2021\/06\/Bieszczady_kufel_do_piwa_alan_500_ml_wilk_2d.png 900w\" sizes=\"(max-width: 300px) 100vw, 300px\" \/><\/p>\n<p>Kufel do piwa \u201dALAN\u201d o litra\u017cu 0,5 litra. Na kuflu jest wykonane zdobienie przypominaj\u0105ce wz\u00f3r siatki, co sprawia \u017ce przenikaj\u0105ce przez niego \u015bwiat\u0142o, daje efekty \u015bwietlne. Na \u015brodku kufla widzimy metalowy odlew\u00a0 \u2013 wilka na skale. Odlew jest bardzo okaza\u0142y i robi wra\u017cenie. Klasyczny, wygodny kufel, kt\u00f3ry sprawdzi si\u0119 u ka\u017cdego. Idealna pami\u0105tka z Bieszczad.<\/p>\n<p>&nbsp;<\/p>\n","protected":false},"excerpt":{"rendered":"<div class=\"woocommerce-product-details__short-description\">\n<div class=\"woocommerce-product-details__short-description\">\n<p><img loading=\"lazy\" class=\"alignnone size-medium wp-image-3492\" src=\"http:\/\/violmax.pl\/wp-content\/uploads\/2020\/05\/VIOLMAX_POLSKA-300x28.jpg\" alt=\"\" width=\"300\" height=\"28\" \/><\/p>\n<p>&nbsp;<\/p>\n<p>Kufel do piwa \u201dALAN\u201d o litra\u017cu 0,5 litra. Na kuflu jest wykonane zdobienie przypominaj\u0105ce wz\u00f3r siatki, co sprawia \u017ce przenikaj\u0105ce przez niego \u015bwiat\u0142o, daje efekty \u015bwietlne. Na \u015brodku kufla widzimy metalowy odlew\u00a0 \u2013 wilka na skale. Odlew jest bardzo okaza\u0142y i robi wra\u017cenie. Klasyczny, wygodny kufel, kt\u00f3ry sprawdzi si\u0119 u ka\u017cdego. Idealna pami\u0105tka z Bieszczad.<\/p>\n<p><strong><em>Minimalna ilo\u015b\u0107 zam\u00f3wienia \u2013 6 sztuk (1 opakowanie)<\/em><br \/>\n<\/strong><\/p>\n<p><strong><em>Towar sprzedawany na opakowania<\/em><\/strong><\/p>\n<h3><span style=\"color: #ff0000;\">PRZY DODAWANIU DO KOSZYKA, NALE\u017bY DODAWA\u0106 KROTNO\u015a\u0106\u00a0 LICZBY 6 &#8211; (1 opak)\u00a0 np: 6 ; 12 ; 18 itd<\/span><\/h3>\n<h3><strong>CENA ZA SZTUK\u0118.<\/strong><\/h3>\n<\/div>\n<\/div>\n","protected":false},"featured_media":8094,"comment_status":"open","ping_status":"closed","template":"","meta":[],"_links":{"self":[{"href":"https:\/\/violmax.pl\/index.php\/wp-json\/wp\/v2\/product\/8107"}],"collection":[{"href":"https:\/\/violmax.pl\/index.php\/wp-json\/wp\/v2\/product"}],"about":[{"href":"https:\/\/violmax.pl\/index.php\/wp-json\/wp\/v2\/types\/product"}],"replies":[{"embeddable":true,"href":"https:\/\/violmax.pl\/index.php\/wp-json\/wp\/v2\/comments?post=8107"}],"wp:featuredmedia":[{"embeddable":true,"href":"https:\/\/violmax.pl\/index.php\/wp-json\/wp\/v2\/media\/8094"}],"wp:attachment":[{"href":"https:\/\/violmax.pl\/index.php\/wp-json\/wp\/v2\/media?parent=8107"}],"curies":[{"name":"wp","href":"https:\/\/api.w.org\/{rel}","templated":true}]}}