{"id":8101,"date":"2021-06-08T14:33:13","date_gmt":"2021-06-08T12:33:13","guid":{"rendered":"http:\/\/violmax.pl\/?post_type=product&#038;p=8101"},"modified":"2025-12-02T13:17:24","modified_gmt":"2025-12-02T12:17:24","slug":"bieszczady-kufel-do-piwa-miodzio-3-500-ml-zubr-odlew-kolor","status":"publish","type":"product","link":"https:\/\/violmax.pl\/index.php\/produkt\/bieszczady-kufel-do-piwa-miodzio-3-500-ml-zubr-odlew-kolor\/","title":{"rendered":"BIESZCZADY, KUFEL DO PIWA &#8220;MIODZIO 3&#8221; 0,5 LITRA, ODLEW KOLOR \u017bUBR"},"content":{"rendered":"<p><img loading=\"lazy\" class=\"alignnone size-medium wp-image-8098\" src=\"http:\/\/violmax.pl\/wp-content\/uploads\/2021\/06\/Bieszczady_kufel_do_piwa_miodzio_3_500_ml_zubr_odlew_kolor-300x240.png\" alt=\"\" width=\"300\" height=\"240\" srcset=\"https:\/\/violmax.pl\/wp-content\/uploads\/2021\/06\/Bieszczady_kufel_do_piwa_miodzio_3_500_ml_zubr_odlew_kolor-300x240.png 300w, https:\/\/violmax.pl\/wp-content\/uploads\/2021\/06\/Bieszczady_kufel_do_piwa_miodzio_3_500_ml_zubr_odlew_kolor-768x614.png 768w, https:\/\/violmax.pl\/wp-content\/uploads\/2021\/06\/Bieszczady_kufel_do_piwa_miodzio_3_500_ml_zubr_odlew_kolor-320x256.png 320w, https:\/\/violmax.pl\/wp-content\/uploads\/2021\/06\/Bieszczady_kufel_do_piwa_miodzio_3_500_ml_zubr_odlew_kolor-680x544.png 680w, https:\/\/violmax.pl\/wp-content\/uploads\/2021\/06\/Bieszczady_kufel_do_piwa_miodzio_3_500_ml_zubr_odlew_kolor.png 900w\" sizes=\"(max-width: 300px) 100vw, 300px\" \/><\/p>\n<p>Kufel do piwa \u201dMIODZIO 3\u201d o litra\u017cu 0,5 litra. Na kuflu s\u0105 wykonane wg\u0142\u0119bienia na jego zewn\u0119trznej powierzchni, co sprawia \u017ce przenikaj\u0105ce przez niego \u015bwiat\u0142o, daje efekty \u015bwietlne. Na \u015brodku kufla widzimy metalowy odlew w kolorze \u2013 \u017cubra na tle g\u00f3r. Odlew jest bardzo okaza\u0142y i robi wra\u017cenie. Klasyczny, wygodny kufel, kt\u00f3ry sprawdzi si\u0119 u ka\u017cdego. Idealna pami\u0105tka z Bieszczad.<\/p>\n<p>&nbsp;<\/p>\n","protected":false},"excerpt":{"rendered":"<div class=\"woocommerce-product-details__short-description\">\n<div class=\"woocommerce-product-details__short-description\">\n<p><img loading=\"lazy\" class=\"alignnone size-medium wp-image-3492\" src=\"http:\/\/violmax.pl\/wp-content\/uploads\/2020\/05\/VIOLMAX_POLSKA-300x28.jpg\" alt=\"\" width=\"300\" height=\"28\" \/><\/p>\n<p>&nbsp;<\/p>\n<p>Kufel do piwa \u201dMIODZIO 3\u201d o litra\u017cu 0,5 litra. Na kuflu s\u0105 wykonane wg\u0142\u0119bienia na jego zewn\u0119trznej powierzchni, co sprawia \u017ce przenikaj\u0105ce przez niego \u015bwiat\u0142o, daje efekty \u015bwietlne. Na \u015brodku kufla widzimy metalowy odlew w kolorze \u2013 \u017cubra na tle g\u00f3r. Odlew jest bardzo okaza\u0142y i robi wra\u017cenie. Klasyczny, wygodny kufel, kt\u00f3ry sprawdzi si\u0119 u ka\u017cdego. Idealna pami\u0105tka z Bieszczad.<\/p>\n<p><strong><em>Minimalna ilo\u015b\u0107 zam\u00f3wienia \u2013 6 sztuk (1 opakowanie)<\/em><br \/>\n<\/strong><\/p>\n<p><strong><em>Towar sprzedawany na opakowania<\/em><\/strong><\/p>\n<h3><span style=\"color: #ff0000;\">PRZY DODAWANIU DO KOSZYKA, NALE\u017bY DODAWA\u0106 KROTNO\u015a\u0106\u00a0 LICZBY 6 &#8211; (1 opak)\u00a0 np: 6 ; 12 ; 18 itd<\/span><\/h3>\n<h3><strong>CENA ZA SZTUK\u0118.<\/strong><\/h3>\n<\/div>\n<\/div>\n","protected":false},"featured_media":8098,"comment_status":"open","ping_status":"closed","template":"","meta":[],"_links":{"self":[{"href":"https:\/\/violmax.pl\/index.php\/wp-json\/wp\/v2\/product\/8101"}],"collection":[{"href":"https:\/\/violmax.pl\/index.php\/wp-json\/wp\/v2\/product"}],"about":[{"href":"https:\/\/violmax.pl\/index.php\/wp-json\/wp\/v2\/types\/product"}],"replies":[{"embeddable":true,"href":"https:\/\/violmax.pl\/index.php\/wp-json\/wp\/v2\/comments?post=8101"}],"wp:featuredmedia":[{"embeddable":true,"href":"https:\/\/violmax.pl\/index.php\/wp-json\/wp\/v2\/media\/8098"}],"wp:attachment":[{"href":"https:\/\/violmax.pl\/index.php\/wp-json\/wp\/v2\/media?parent=8101"}],"curies":[{"name":"wp","href":"https:\/\/api.w.org\/{rel}","templated":true}]}}