{"id":8086,"date":"2021-06-07T22:37:11","date_gmt":"2021-06-07T20:37:11","guid":{"rendered":"http:\/\/violmax.pl\/?post_type=product&#038;p=8086"},"modified":"2025-12-02T13:17:25","modified_gmt":"2025-12-02T12:17:25","slug":"wladyslawowo-kufel-do-piwa-krzysztof-500-ml-odlew-kolor","status":"publish","type":"product","link":"https:\/\/violmax.pl\/index.php\/produkt\/wladyslawowo-kufel-do-piwa-krzysztof-500-ml-odlew-kolor\/","title":{"rendered":"W\u0141ADYS\u0141AWOWO, KUFEL DO PIWA &#8220;KRZYSZTOF&#8221; 0,5 LITRA, DOM RYBAKA I KUTER RYBACKI ODLEW KOLOR"},"content":{"rendered":"<p><img loading=\"lazy\" class=\"alignnone size-medium wp-image-8065\" src=\"http:\/\/violmax.pl\/wp-content\/uploads\/2021\/06\/Wladyslawowo_kufel_do_piwa_krzysztof_500_ml_odlew_kolor-300x300.png\" alt=\"\" width=\"300\" height=\"300\" srcset=\"https:\/\/violmax.pl\/wp-content\/uploads\/2021\/06\/Wladyslawowo_kufel_do_piwa_krzysztof_500_ml_odlew_kolor-300x300.png 300w, https:\/\/violmax.pl\/wp-content\/uploads\/2021\/06\/Wladyslawowo_kufel_do_piwa_krzysztof_500_ml_odlew_kolor-150x150.png 150w, https:\/\/violmax.pl\/wp-content\/uploads\/2021\/06\/Wladyslawowo_kufel_do_piwa_krzysztof_500_ml_odlew_kolor-768x768.png 768w, https:\/\/violmax.pl\/wp-content\/uploads\/2021\/06\/Wladyslawowo_kufel_do_piwa_krzysztof_500_ml_odlew_kolor-680x680.png 680w, https:\/\/violmax.pl\/wp-content\/uploads\/2021\/06\/Wladyslawowo_kufel_do_piwa_krzysztof_500_ml_odlew_kolor-100x100.png 100w, https:\/\/violmax.pl\/wp-content\/uploads\/2021\/06\/Wladyslawowo_kufel_do_piwa_krzysztof_500_ml_odlew_kolor.png 900w\" sizes=\"(max-width: 300px) 100vw, 300px\" \/><\/p>\n<p>Kufel do piwa &#8220;KRZYSZTOF&#8221;o litra\u017cu 0,5 litra. Zdobiona efektownymi frezami w szkle na dole, co sprawia \u017ce przenikaj\u0105ce przez nie \u015bwiat\u0142o, daje pi\u0119kne efekty \u015bwietlne. Ozdobiony jest r\u00f3wnie\u017c metalowym odlewem w kolorze o motywie Domu Rybaka oraz kutrem rybackim z W\u0142adys\u0142awowa. Kufel wykonany z wysokiej jako\u015bci szk\u0142a. Przepi\u0119kna i dostojna pami\u0105tka z robi\u0105cymi wra\u017cenie zdobieniami. Idealna pami\u0105tka z W\u0142adys\u0142awowa.<\/p>\n<p>&nbsp;<\/p>\n","protected":false},"excerpt":{"rendered":"<div class=\"woocommerce-product-details__short-description\">\n<div class=\"woocommerce-product-details__short-description\">\n<div class=\"woocommerce-product-details__short-description\">\n<div class=\"woocommerce-product-details__short-description\">\n<div class=\"woocommerce-product-details__short-description\">\n<div class=\"woocommerce-product-details__short-description\">\n<div class=\"woocommerce-product-details__short-description\">\n<p><img loading=\"lazy\" class=\"alignnone size-medium wp-image-3492\" src=\"http:\/\/violmax.pl\/wp-content\/uploads\/2020\/05\/VIOLMAX_POLSKA-300x28.jpg\" alt=\"\" width=\"300\" height=\"28\" \/><\/p>\n<p>&nbsp;<\/p>\n<p>Kufel do piwa &#8220;KRZYSZTOF&#8221;o litra\u017cu 0,5 litra. Zdobiona efektownymi frezami w szkle na dole, co sprawia \u017ce przenikaj\u0105ce przez nie \u015bwiat\u0142o, daje pi\u0119kne efekty \u015bwietlne. Ozdobiony jest r\u00f3wnie\u017c metalowym odlewem w kolorze o motywie Domu Rybaka oraz kutrem rybackim z W\u0142adys\u0142awowa. Kufel wykonany z wysokiej jako\u015bci szk\u0142a. Przepi\u0119kna i dostojna pami\u0105tka z robi\u0105cymi wra\u017cenie zdobieniami. Idealna pami\u0105tka z W\u0142adys\u0142awowa.<\/p>\n<p><strong><em>Minimalna ilo\u015b\u0107 zam\u00f3wienia \u2013 6 sztuk (1 opakowanie)<\/em><br \/>\n<\/strong><\/p>\n<p><strong><em>Towar sprzedawany na opakowania<\/em><\/strong><\/p>\n<h3><span style=\"color: #ff0000;\">PRZY DODAWANIU DO KOSZYKA, NALE\u017bY DODAWA\u0106 KROTNO\u015a\u0106\u00a0 LICZBY 6 &#8211; (1 opak)\u00a0 np: 6 ; 12 ; 18 itd<\/span><\/h3>\n<h3><strong>CENA ZA SZTUK\u0118.<\/strong><\/h3>\n<\/div>\n<\/div>\n<\/div>\n<\/div>\n<\/div>\n<\/div>\n<\/div>\n","protected":false},"featured_media":8065,"comment_status":"open","ping_status":"closed","template":"","meta":[],"_links":{"self":[{"href":"https:\/\/violmax.pl\/index.php\/wp-json\/wp\/v2\/product\/8086"}],"collection":[{"href":"https:\/\/violmax.pl\/index.php\/wp-json\/wp\/v2\/product"}],"about":[{"href":"https:\/\/violmax.pl\/index.php\/wp-json\/wp\/v2\/types\/product"}],"replies":[{"embeddable":true,"href":"https:\/\/violmax.pl\/index.php\/wp-json\/wp\/v2\/comments?post=8086"}],"wp:featuredmedia":[{"embeddable":true,"href":"https:\/\/violmax.pl\/index.php\/wp-json\/wp\/v2\/media\/8065"}],"wp:attachment":[{"href":"https:\/\/violmax.pl\/index.php\/wp-json\/wp\/v2\/media?parent=8086"}],"curies":[{"name":"wp","href":"https:\/\/api.w.org\/{rel}","templated":true}]}}