{"id":8084,"date":"2021-06-07T22:32:57","date_gmt":"2021-06-07T20:32:57","guid":{"rendered":"http:\/\/violmax.pl\/?post_type=product&#038;p=8084"},"modified":"2025-12-02T13:17:25","modified_gmt":"2025-12-02T12:17:25","slug":"wladyslawowo-szklanka-do-piwa-krosno-500-ml-szron-odlew-kolor","status":"publish","type":"product","link":"https:\/\/violmax.pl\/index.php\/produkt\/wladyslawowo-szklanka-do-piwa-krosno-500-ml-szron-odlew-kolor\/","title":{"rendered":"W\u0141ADYS\u0141AWOWO, SZKLANKA DO PIWA &#8220;KROSNO&#8221; 0,5 LITRA, SZRON + DOM RYBAKA I KUTER RYBACKI ODLEW KOLOR"},"content":{"rendered":"<p><img loading=\"lazy\" class=\"alignnone size-medium wp-image-8066\" src=\"http:\/\/violmax.pl\/wp-content\/uploads\/2021\/06\/Wladyslawowo_szklanka_do_piwa_krosno_500_ml_szron_odlew_kolor-255x300.png\" alt=\"\" width=\"255\" height=\"300\" srcset=\"https:\/\/violmax.pl\/wp-content\/uploads\/2021\/06\/Wladyslawowo_szklanka_do_piwa_krosno_500_ml_szron_odlew_kolor-255x300.png 255w, https:\/\/violmax.pl\/wp-content\/uploads\/2021\/06\/Wladyslawowo_szklanka_do_piwa_krosno_500_ml_szron_odlew_kolor-680x800.png 680w, https:\/\/violmax.pl\/wp-content\/uploads\/2021\/06\/Wladyslawowo_szklanka_do_piwa_krosno_500_ml_szron_odlew_kolor.png 765w\" sizes=\"(max-width: 255px) 100vw, 255px\" \/><\/p>\n<p>Szklanka do piwa KROSNO o litra\u017cu 0,5 litra. Szklanka jest do po\u0142owy jej wysoko\u015bci wypiaskowana, co sprawia wra\u017cenie jak by by\u0142a zmro\u017cona. Ozdobiona jest r\u00f3wnie\u017c metalowym odlewem w kolorze o motywie Domu Rybaka oraz kutrem rybackim z W\u0142adys\u0142awowa. Przepi\u0119kna i dostojna pami\u0105tka z robi\u0105cymi wra\u017cenie zdobieniami. Idealna pami\u0105tka z W\u0142adys\u0142awowa.<\/p>\n","protected":false},"excerpt":{"rendered":"<div class=\"woocommerce-product-details__short-description\">\n<div class=\"woocommerce-product-details__short-description\">\n<div class=\"woocommerce-product-details__short-description\">\n<div class=\"woocommerce-product-details__short-description\">\n<div class=\"woocommerce-product-details__short-description\">\n<p><img loading=\"lazy\" class=\"alignnone size-medium wp-image-3492\" src=\"http:\/\/violmax.pl\/wp-content\/uploads\/2020\/05\/VIOLMAX_POLSKA-300x28.jpg\" alt=\"\" width=\"300\" height=\"28\" \/><\/p>\n<p>&nbsp;<\/p>\n<p>Szklanka do piwa KROSNO o litra\u017cu 0,5 litra. Szklanka jest do po\u0142owy jej wysoko\u015bci wypiaskowana, co sprawia wra\u017cenie jak by by\u0142a zmro\u017cona. Ozdobiona jest r\u00f3wnie\u017c metalowym odlewem w kolorze o motywie Domu Rybaka oraz kutrem rybackim z W\u0142adys\u0142awowa. Przepi\u0119kna i dostojna pami\u0105tka z robi\u0105cymi wra\u017cenie zdobieniami. Idealna pami\u0105tka z W\u0142adys\u0142awowa.<\/p>\n<p><strong><em>Minimalna ilo\u015b\u0107 zam\u00f3wienia \u2013 6 sztuk (1 opakowanie)<\/em><br \/>\n<\/strong><\/p>\n<p><strong><em>Towar sprzedawany na opakowania<\/em><\/strong><\/p>\n<h3><span style=\"color: #ff0000;\">PRZY DODAWANIU DO KOSZYKA, NALE\u017bY DODAWA\u0106 KROTNO\u015a\u0106\u00a0 LICZBY 6 &#8211; (1 opak)\u00a0 np: 6 ; 12 ; 18 itd<\/span><\/h3>\n<h3><strong>CENA ZA SZTUK\u0118.<\/strong><\/h3>\n<\/div>\n<\/div>\n<\/div>\n<\/div>\n<\/div>\n","protected":false},"featured_media":8066,"comment_status":"open","ping_status":"closed","template":"","meta":[],"_links":{"self":[{"href":"https:\/\/violmax.pl\/index.php\/wp-json\/wp\/v2\/product\/8084"}],"collection":[{"href":"https:\/\/violmax.pl\/index.php\/wp-json\/wp\/v2\/product"}],"about":[{"href":"https:\/\/violmax.pl\/index.php\/wp-json\/wp\/v2\/types\/product"}],"replies":[{"embeddable":true,"href":"https:\/\/violmax.pl\/index.php\/wp-json\/wp\/v2\/comments?post=8084"}],"wp:featuredmedia":[{"embeddable":true,"href":"https:\/\/violmax.pl\/index.php\/wp-json\/wp\/v2\/media\/8066"}],"wp:attachment":[{"href":"https:\/\/violmax.pl\/index.php\/wp-json\/wp\/v2\/media?parent=8084"}],"curies":[{"name":"wp","href":"https:\/\/api.w.org\/{rel}","templated":true}]}}