{"id":8050,"date":"2021-06-07T13:43:12","date_gmt":"2021-06-07T11:43:12","guid":{"rendered":"http:\/\/violmax.pl\/?post_type=product&#038;p=8050"},"modified":"2025-12-02T13:18:25","modified_gmt":"2025-12-02T12:18:25","slug":"polanczyk-szklanka-do-piwa-ola-665-ml-szron-odlew-2d","status":"publish","type":"product","link":"https:\/\/violmax.pl\/index.php\/produkt\/polanczyk-szklanka-do-piwa-ola-665-ml-szron-odlew-2d\/","title":{"rendered":"POLA\u0143CZYK, SZKLANKA DO PIWA &#8220;OLA&#8221; 665 ML, SZRON + ODLEW 2D"},"content":{"rendered":"<p><img loading=\"lazy\" class=\"alignnone size-medium wp-image-8046\" src=\"http:\/\/violmax.pl\/wp-content\/uploads\/2021\/06\/Polanczyk_szklanka_do_piwa_ola_665_ml_szron_odlew_2d-255x300.png\" alt=\"\" width=\"255\" height=\"300\" srcset=\"https:\/\/violmax.pl\/wp-content\/uploads\/2021\/06\/Polanczyk_szklanka_do_piwa_ola_665_ml_szron_odlew_2d-255x300.png 255w, https:\/\/violmax.pl\/wp-content\/uploads\/2021\/06\/Polanczyk_szklanka_do_piwa_ola_665_ml_szron_odlew_2d-680x800.png 680w, https:\/\/violmax.pl\/wp-content\/uploads\/2021\/06\/Polanczyk_szklanka_do_piwa_ola_665_ml_szron_odlew_2d.png 765w\" sizes=\"(max-width: 255px) 100vw, 255px\" \/><\/p>\n<p>Szklanka do piwa\u00a0 &#8220;OLA&#8221; o litra\u017cu ca\u0142kowitym\u00a0 0,665 litra. Szklanka jest wypiaskowana do po\u0142owy jej wysoko\u015bci, co sprawia \u017ce wygl\u0105da jak by by\u0142a zmro\u017cona. Ozdobiona jest metalowym odlewem, \u017cagl\u00f3wk\u0105 oraz lasem i g\u00f3rami. Przepi\u0119kna i dostojna pami\u0105tka z robi\u0105cymi wra\u017cenie zdobieniami.Idealna pami\u0105tka z Pola\u0144czyka.<\/p>\n<p>&nbsp;<\/p>\n","protected":false},"excerpt":{"rendered":"<div class=\"woocommerce-product-details__short-description\">\n<div class=\"woocommerce-product-details__short-description\">\n<div class=\"woocommerce-product-details__short-description\">\n<div class=\"woocommerce-product-details__short-description\">\n<p><img loading=\"lazy\" class=\"alignnone size-medium wp-image-4074\" src=\"http:\/\/violmax.pl\/wp-content\/uploads\/2020\/05\/VIOLMAX_POLSKA-11-300x28.jpg\" alt=\"\" width=\"300\" height=\"28\" \/><\/p>\n<p>&nbsp;<\/p>\n<p>Szklanka do piwa\u00a0 &#8220;OLA&#8221; o litra\u017cu ca\u0142kowitym\u00a0 0,665 litra. Szklanka jest wypiaskowana do po\u0142owy jej wysoko\u015bci, co sprawia \u017ce wygl\u0105da jak by by\u0142a zmro\u017cona. Ozdobiona jest metalowym odlewem, \u017cagl\u00f3wk\u0105 oraz lasem i g\u00f3rami. Przepi\u0119kna i dostojna pami\u0105tka z robi\u0105cymi wra\u017cenie zdobieniami.Idealna pami\u0105tka z Pola\u0144czyka.<\/p>\n<p><strong><em>Minimalna ilo\u015b\u0107 zam\u00f3wienia \u2013 6 sztuk (1 opakowanie)<\/em><br \/>\n<\/strong><\/p>\n<p><strong><em>Towar sprzedawany na opakowania<\/em><\/strong><\/p>\n<h3><span style=\"color: #ff0000;\">PRZY DODAWANIU DO KOSZYKA, NALE\u017bY DODAWA\u0106 KROTNO\u015a\u0106\u00a0 LICZBY 6 &#8211; (1 opak)\u00a0 np: 6 ; 12 ; 18 itd<\/span><\/h3>\n<h3><strong>CENA ZA SZTUK\u0118.<\/strong><\/h3>\n<\/div>\n<\/div>\n<\/div>\n<\/div>\n","protected":false},"featured_media":8046,"comment_status":"open","ping_status":"closed","template":"","meta":[],"_links":{"self":[{"href":"https:\/\/violmax.pl\/index.php\/wp-json\/wp\/v2\/product\/8050"}],"collection":[{"href":"https:\/\/violmax.pl\/index.php\/wp-json\/wp\/v2\/product"}],"about":[{"href":"https:\/\/violmax.pl\/index.php\/wp-json\/wp\/v2\/types\/product"}],"replies":[{"embeddable":true,"href":"https:\/\/violmax.pl\/index.php\/wp-json\/wp\/v2\/comments?post=8050"}],"wp:featuredmedia":[{"embeddable":true,"href":"https:\/\/violmax.pl\/index.php\/wp-json\/wp\/v2\/media\/8046"}],"wp:attachment":[{"href":"https:\/\/violmax.pl\/index.php\/wp-json\/wp\/v2\/media?parent=8050"}],"curies":[{"name":"wp","href":"https:\/\/api.w.org\/{rel}","templated":true}]}}