{"id":8031,"date":"2021-06-06T21:15:25","date_gmt":"2021-06-06T19:15:25","guid":{"rendered":"http:\/\/violmax.pl\/?post_type=product&#038;p=8031"},"modified":"2025-12-02T13:18:27","modified_gmt":"2025-12-02T12:18:27","slug":"zakopane-kufel-do-piwa-alan-500-ml-harnas-ciupaga","status":"publish","type":"product","link":"https:\/\/violmax.pl\/index.php\/produkt\/zakopane-kufel-do-piwa-alan-500-ml-harnas-ciupaga\/","title":{"rendered":"ZAKOPANE, KUFEL DO PIWA &#8220;ALAN&#8221; 500 ML, HARNA\u015a CIUPAGA"},"content":{"rendered":"<p><img loading=\"lazy\" class=\"alignnone size-medium wp-image-8007\" src=\"http:\/\/violmax.pl\/wp-content\/uploads\/2021\/06\/zakopane_kufel_do_piwa_alan_500_ml_harnas_ciupaga-300x300.png\" alt=\"\" width=\"300\" height=\"300\" srcset=\"https:\/\/violmax.pl\/wp-content\/uploads\/2021\/06\/zakopane_kufel_do_piwa_alan_500_ml_harnas_ciupaga-300x300.png 300w, https:\/\/violmax.pl\/wp-content\/uploads\/2021\/06\/zakopane_kufel_do_piwa_alan_500_ml_harnas_ciupaga-150x150.png 150w, https:\/\/violmax.pl\/wp-content\/uploads\/2021\/06\/zakopane_kufel_do_piwa_alan_500_ml_harnas_ciupaga-768x768.png 768w, https:\/\/violmax.pl\/wp-content\/uploads\/2021\/06\/zakopane_kufel_do_piwa_alan_500_ml_harnas_ciupaga-680x680.png 680w, https:\/\/violmax.pl\/wp-content\/uploads\/2021\/06\/zakopane_kufel_do_piwa_alan_500_ml_harnas_ciupaga-100x100.png 100w, https:\/\/violmax.pl\/wp-content\/uploads\/2021\/06\/zakopane_kufel_do_piwa_alan_500_ml_harnas_ciupaga.png 900w\" sizes=\"(max-width: 300px) 100vw, 300px\" \/><\/p>\n<p>&nbsp;<\/p>\n<p>Kufel do piwa &#8221;ALAN&#8221; o litra\u017cu 0,5 litra. Kufel ozdobiony jest a\u017curowym wzorem przypominaj\u0105cym siatk\u0119 na zewn\u0119trznej jego p\u0142aszczy\u017anie . Ten wz\u00f3r sprawia \u017ce przenikaj\u0105ce przez nie \u015bwiat\u0142o, daj\u0119 pi\u0119kny efekt \u015bwietlny. Na \u015brodku kufla umieszczony zosta\u0142 motyw Harnasia z ciupag\u0105 w kolorze. Ca\u0142o\u015b\u0107 sprawia, \u017ce pami\u0105tka staje si\u0119 bardzo ciekawa, a zarazem elegancka. Zestawienie metalu z kolorem nadaje kuflowi wyrazisto\u015bci.<\/p>\n","protected":false},"excerpt":{"rendered":"<p><img loading=\"lazy\" class=\"alignnone size-medium wp-image-3851\" src=\"http:\/\/violmax.pl\/wp-content\/uploads\/2020\/05\/VIOLMAX_POLSKA-7-300x28.jpg\" alt=\"\" width=\"300\" height=\"28\" \/><\/p>\n<p>&nbsp;<\/p>\n<p>Kufel do piwa &#8221;ALAN&#8221; o litra\u017cu 0,5 litra. Kufel ozdobiony jest a\u017curowym wzorem przypominaj\u0105cym siatk\u0119 na zewn\u0119trznej jego p\u0142aszczy\u017anie . Ten wz\u00f3r sprawia \u017ce przenikaj\u0105ce przez nie \u015bwiat\u0142o, daj\u0119 pi\u0119kny efekt \u015bwietlny. Na \u015brodku kufla umieszczony zosta\u0142 motyw Harnasia z ciupag\u0105 w kolorze. Ca\u0142o\u015b\u0107 sprawia, \u017ce pami\u0105tka staje si\u0119 bardzo ciekawa, a zarazem elegancka. Zestawienie metalu z kolorem nadaje kuflowi wyrazisto\u015bci.<\/p>\n<p><strong><em>Minimalna ilo\u015b\u0107 zam\u00f3wienia &#8211; 6 sztuk (1 opakowanie)<\/em><br \/>\n<\/strong><\/p>\n<p><strong><em>Towar sprzedawany na opakowania<\/em><\/strong><\/p>\n<h3><span style=\"color: #ff0000;\">PRZY DODAWANIU DO KOSZYKA, NALE\u017bY DODAWA\u0106 KROTNO\u015a\u0106\u00a0 LICZBY 6 &#8211; (1 opak)\u00a0 np: 6 ; 12 ; 18 itd<\/span><\/h3>\n<h3><strong>CENA ZA SZTUK\u0118.<\/strong><\/h3>\n","protected":false},"featured_media":8007,"comment_status":"open","ping_status":"closed","template":"","meta":[],"_links":{"self":[{"href":"https:\/\/violmax.pl\/index.php\/wp-json\/wp\/v2\/product\/8031"}],"collection":[{"href":"https:\/\/violmax.pl\/index.php\/wp-json\/wp\/v2\/product"}],"about":[{"href":"https:\/\/violmax.pl\/index.php\/wp-json\/wp\/v2\/types\/product"}],"replies":[{"embeddable":true,"href":"https:\/\/violmax.pl\/index.php\/wp-json\/wp\/v2\/comments?post=8031"}],"wp:featuredmedia":[{"embeddable":true,"href":"https:\/\/violmax.pl\/index.php\/wp-json\/wp\/v2\/media\/8007"}],"wp:attachment":[{"href":"https:\/\/violmax.pl\/index.php\/wp-json\/wp\/v2\/media?parent=8031"}],"curies":[{"name":"wp","href":"https:\/\/api.w.org\/{rel}","templated":true}]}}