{"id":8029,"date":"2021-06-06T21:11:47","date_gmt":"2021-06-06T19:11:47","guid":{"rendered":"http:\/\/violmax.pl\/?post_type=product&#038;p=8029"},"modified":"2025-12-02T13:18:27","modified_gmt":"2025-12-02T12:18:27","slug":"zakopane-kufel-do-piwa-krzysztof-500-ml-chata-2-giewont-odlew-kolor","status":"publish","type":"product","link":"https:\/\/violmax.pl\/index.php\/produkt\/zakopane-kufel-do-piwa-krzysztof-500-ml-chata-2-giewont-odlew-kolor\/","title":{"rendered":"ZAKOPANE, KUFEL DO PIWA &#8220;KRZYSZTOF&#8221; 500 ML, CHATA 2 GIEWONT ODLEW KOLOR"},"content":{"rendered":"<p><img loading=\"lazy\" class=\"alignnone size-medium wp-image-8012\" src=\"http:\/\/violmax.pl\/wp-content\/uploads\/2021\/06\/zakopane_kufel_do_piwa_krzysztof_500_ml_chata_2_giewont_odlew_kolor-300x300.png\" alt=\"\" width=\"300\" height=\"300\" srcset=\"https:\/\/violmax.pl\/wp-content\/uploads\/2021\/06\/zakopane_kufel_do_piwa_krzysztof_500_ml_chata_2_giewont_odlew_kolor-300x300.png 300w, https:\/\/violmax.pl\/wp-content\/uploads\/2021\/06\/zakopane_kufel_do_piwa_krzysztof_500_ml_chata_2_giewont_odlew_kolor-150x150.png 150w, https:\/\/violmax.pl\/wp-content\/uploads\/2021\/06\/zakopane_kufel_do_piwa_krzysztof_500_ml_chata_2_giewont_odlew_kolor-768x768.png 768w, https:\/\/violmax.pl\/wp-content\/uploads\/2021\/06\/zakopane_kufel_do_piwa_krzysztof_500_ml_chata_2_giewont_odlew_kolor-680x680.png 680w, https:\/\/violmax.pl\/wp-content\/uploads\/2021\/06\/zakopane_kufel_do_piwa_krzysztof_500_ml_chata_2_giewont_odlew_kolor-100x100.png 100w, https:\/\/violmax.pl\/wp-content\/uploads\/2021\/06\/zakopane_kufel_do_piwa_krzysztof_500_ml_chata_2_giewont_odlew_kolor.png 900w\" sizes=\"(max-width: 300px) 100vw, 300px\" \/><\/p>\n<p>&nbsp;<\/p>\n<p>Kufel do piwa &#8221;KRZYSZTOF&#8221; o litra\u017cu 0,5 litra. Kufel ozdobiony jest pionowymi wg\u0142\u0119bieniami na zewn\u0119trznej jego p\u0142aszczy\u017anie\u00a0 w dolnej jego cz\u0119\u015bci, co sprawia \u017ce przechodz\u0105ce przez nie \u015bwiat\u0142o, daje pi\u0119kne efekty \u015bwietlne. Na \u015brodku umieszczony jest metalowy odlew w kolorze, przedstawiaj\u0105cy chat\u0119 g\u00f3ralsk\u0105 na tle g\u00f3ry Giewont. Bardzo okaza\u0142y metalowy motyw na kuflu robi ogromne wra\u017cenie. Ca\u0142o\u015b\u0107 tej pami\u0105tki dope\u0142nia soczysty kolor.<\/p>\n","protected":false},"excerpt":{"rendered":"<p><img loading=\"lazy\" class=\"alignnone size-medium wp-image-3782\" src=\"http:\/\/violmax.pl\/wp-content\/uploads\/2020\/05\/VIOLMAX_POLSKA-6-300x28.jpg\" alt=\"\" width=\"300\" height=\"28\" \/><\/p>\n<p>&nbsp;<\/p>\n<p>Kufel do piwa &#8221;KRZYSZTOF&#8221; o litra\u017cu 0,5 litra. Kufel ozdobiony jest pionowymi wg\u0142\u0119bieniami na zewn\u0119trznej jego p\u0142aszczy\u017anie\u00a0 w dolnej jego cz\u0119\u015bci, co sprawia \u017ce przechodz\u0105ce przez nie \u015bwiat\u0142o, daje pi\u0119kne efekty \u015bwietlne. Na \u015brodku umieszczony jest metalowy odlew w kolorze, przedstawiaj\u0105cy chat\u0119 g\u00f3ralsk\u0105 na tle g\u00f3ry Giewont. Bardzo okaza\u0142y metalowy motyw na kuflu robi ogromne wra\u017cenie. Ca\u0142o\u015b\u0107 tej pami\u0105tki dope\u0142nia soczysty kolor.<\/p>\n<p><strong><em>Minimalna ilo\u015b\u0107 zam\u00f3wienia &#8211; 6 sztuk (1 opakowanie)<\/em><br \/>\n<\/strong><\/p>\n<p><strong><em>Towar sprzedawany na opakowania<\/em><\/strong><\/p>\n<h3><span style=\"color: #ff0000;\">PRZY DODAWANIU DO KOSZYKA, NALE\u017bY DODAWA\u0106 KROTNO\u015a\u0106\u00a0 LICZBY 6 &#8211; (1 opak)\u00a0 np: 6 ; 12 ; 18 itd<\/span><\/h3>\n<h3><strong>CENA ZA SZTUK\u0118.<\/strong><\/h3>\n","protected":false},"featured_media":8012,"comment_status":"open","ping_status":"closed","template":"","meta":[],"_links":{"self":[{"href":"https:\/\/violmax.pl\/index.php\/wp-json\/wp\/v2\/product\/8029"}],"collection":[{"href":"https:\/\/violmax.pl\/index.php\/wp-json\/wp\/v2\/product"}],"about":[{"href":"https:\/\/violmax.pl\/index.php\/wp-json\/wp\/v2\/types\/product"}],"replies":[{"embeddable":true,"href":"https:\/\/violmax.pl\/index.php\/wp-json\/wp\/v2\/comments?post=8029"}],"wp:featuredmedia":[{"embeddable":true,"href":"https:\/\/violmax.pl\/index.php\/wp-json\/wp\/v2\/media\/8012"}],"wp:attachment":[{"href":"https:\/\/violmax.pl\/index.php\/wp-json\/wp\/v2\/media?parent=8029"}],"curies":[{"name":"wp","href":"https:\/\/api.w.org\/{rel}","templated":true}]}}