{"id":8019,"date":"2021-06-06T20:48:47","date_gmt":"2021-06-06T18:48:47","guid":{"rendered":"http:\/\/violmax.pl\/?post_type=product&#038;p=8019"},"modified":"2025-12-02T13:18:28","modified_gmt":"2025-12-02T12:18:28","slug":"zakopane-szklanka-do-napoi-ola-kwadrat-wysoka-330-ml-szron-harnas-2d-gory-kolor","status":"publish","type":"product","link":"https:\/\/violmax.pl\/index.php\/produkt\/zakopane-szklanka-do-napoi-ola-kwadrat-wysoka-330-ml-szron-harnas-2d-gory-kolor\/","title":{"rendered":"ZAKOPANE, SZKLANKA DO NAPOJ\u00d3W &#8220;OLA&#8221; KWADRAT WYSOKA 330 ML, SZRON + HARNA\u015a 2D G\u00d3RY KOLOR"},"content":{"rendered":"<p><img loading=\"lazy\" class=\"alignnone size-medium wp-image-8061\" src=\"http:\/\/violmax.pl\/wp-content\/uploads\/2021\/06\/Zakopane_szklanka_do_napoi_ola_kwadrat_wysoka_330_ml_szron_harnas_2d_gory_kolor-255x300.png\" alt=\"\" width=\"255\" height=\"300\" srcset=\"https:\/\/violmax.pl\/wp-content\/uploads\/2021\/06\/Zakopane_szklanka_do_napoi_ola_kwadrat_wysoka_330_ml_szron_harnas_2d_gory_kolor-255x300.png 255w, https:\/\/violmax.pl\/wp-content\/uploads\/2021\/06\/Zakopane_szklanka_do_napoi_ola_kwadrat_wysoka_330_ml_szron_harnas_2d_gory_kolor-680x800.png 680w, https:\/\/violmax.pl\/wp-content\/uploads\/2021\/06\/Zakopane_szklanka_do_napoi_ola_kwadrat_wysoka_330_ml_szron_harnas_2d_gory_kolor.png 765w\" sizes=\"(max-width: 255px) 100vw, 255px\" \/><\/p>\n<p>&nbsp;<\/p>\n<p>Szklanka do napoj\u00f3w &#8220;OLA&#8221; o pojemno\u015bci 330 ml. Do po\u0142owy w szronie ozdobiona metalowym odlewem w kolorze &#8211; HARNASIA. Wypiaskowanie szklanki do po\u0142owy jej wysoko\u015bci, sprawia wra\u017cenia jak by by\u0142a ona zmro\u017cona. Przepi\u0119kna i dostojna pami\u0105tka z robi\u0105cymi wra\u017cenie zdobieniem. Idealna pami\u0105tka z Zakopanego.<\/p>\n","protected":false},"excerpt":{"rendered":"<p><img loading=\"lazy\" class=\"alignnone size-full wp-image-5364\" src=\"http:\/\/violmax.pl\/wp-content\/uploads\/2020\/10\/VIOLMAX_POLSKA-3.jpg\" alt=\"\" width=\"300\" height=\"28\" \/><\/p>\n<p>&nbsp;<\/p>\n<p>Szklanka do napoj\u00f3w &#8220;OLA&#8221; o pojemno\u015bci 330 ml. Do po\u0142owy w szronie ozdobiona metalowym odlewem w kolorze &#8211; HARNASIA. Wypiaskowanie szklanki do po\u0142owy jej wysoko\u015bci, sprawia wra\u017cenia jak by by\u0142a ona zmro\u017cona. Przepi\u0119kna i dostojna pami\u0105tka z robi\u0105cymi wra\u017cenie zdobieniem. Idealna pami\u0105tka z Zakopanego.<\/p>\n<p><strong><em>Minimalna ilo\u015b\u0107 zam\u00f3wienia &#8211; 6 sztuk (1 opakowanie)<\/em><br \/>\n<\/strong><\/p>\n<p><strong><em>Towar sprzedawany na opakowania<\/em><\/strong><\/p>\n<h3><span style=\"color: #ff0000;\">PRZY DODAWANIU DO KOSZYKA, NALE\u017bY DODAWA\u0106 KROTNO\u015a\u0106\u00a0 LICZBY 6 &#8211; (1 opak)\u00a0 np: 6 ; 12 ; 18 itd<\/span><\/h3>\n<h3><strong>CENA ZA SZTUK\u0118.<\/strong><\/h3>\n<h2><strong>\u00a0<\/strong><\/h2>\n","protected":false},"featured_media":8061,"comment_status":"open","ping_status":"closed","template":"","meta":[],"_links":{"self":[{"href":"https:\/\/violmax.pl\/index.php\/wp-json\/wp\/v2\/product\/8019"}],"collection":[{"href":"https:\/\/violmax.pl\/index.php\/wp-json\/wp\/v2\/product"}],"about":[{"href":"https:\/\/violmax.pl\/index.php\/wp-json\/wp\/v2\/types\/product"}],"replies":[{"embeddable":true,"href":"https:\/\/violmax.pl\/index.php\/wp-json\/wp\/v2\/comments?post=8019"}],"wp:featuredmedia":[{"embeddable":true,"href":"https:\/\/violmax.pl\/index.php\/wp-json\/wp\/v2\/media\/8061"}],"wp:attachment":[{"href":"https:\/\/violmax.pl\/index.php\/wp-json\/wp\/v2\/media?parent=8019"}],"curies":[{"name":"wp","href":"https:\/\/api.w.org\/{rel}","templated":true}]}}