{"id":7956,"date":"2021-06-05T19:36:43","date_gmt":"2021-06-05T17:36:43","guid":{"rendered":"http:\/\/violmax.pl\/?post_type=product&#038;p=7956"},"modified":"2025-12-02T13:18:33","modified_gmt":"2025-12-02T12:18:33","slug":"wedkarstwo-kufel-do-piwa-miodzio-500-ml-sandacz-odlew-kolor","status":"publish","type":"product","link":"https:\/\/violmax.pl\/index.php\/produkt\/wedkarstwo-kufel-do-piwa-miodzio-500-ml-sandacz-odlew-kolor\/","title":{"rendered":"W\u0118DKARSTWO, KUFEL DO PIWA &#8220;MIODZIO 2&#8221; 0,5 LITRA, SANDACZ ODLEW KOLOR"},"content":{"rendered":"<p><img loading=\"lazy\" class=\"alignnone size-medium wp-image-7950\" src=\"http:\/\/violmax.pl\/wp-content\/uploads\/2021\/06\/Wedkarstwo_kufel_do_piwa_miodzio_500_ml_sandacz_odlew_kolor-300x300.png\" alt=\"\" width=\"300\" height=\"300\" srcset=\"https:\/\/violmax.pl\/wp-content\/uploads\/2021\/06\/Wedkarstwo_kufel_do_piwa_miodzio_500_ml_sandacz_odlew_kolor-300x300.png 300w, https:\/\/violmax.pl\/wp-content\/uploads\/2021\/06\/Wedkarstwo_kufel_do_piwa_miodzio_500_ml_sandacz_odlew_kolor-150x150.png 150w, https:\/\/violmax.pl\/wp-content\/uploads\/2021\/06\/Wedkarstwo_kufel_do_piwa_miodzio_500_ml_sandacz_odlew_kolor-768x768.png 768w, https:\/\/violmax.pl\/wp-content\/uploads\/2021\/06\/Wedkarstwo_kufel_do_piwa_miodzio_500_ml_sandacz_odlew_kolor-680x680.png 680w, https:\/\/violmax.pl\/wp-content\/uploads\/2021\/06\/Wedkarstwo_kufel_do_piwa_miodzio_500_ml_sandacz_odlew_kolor-100x100.png 100w, https:\/\/violmax.pl\/wp-content\/uploads\/2021\/06\/Wedkarstwo_kufel_do_piwa_miodzio_500_ml_sandacz_odlew_kolor.png 900w\" sizes=\"(max-width: 300px) 100vw, 300px\" \/><\/p>\n<p>&nbsp;<\/p>\n<p>Kufel do piwa &#8216;Miodzio&#8221;&#8217; o litra\u017cu 500 ml. Kufel jest ozdobiony metalowym odlewem w kolorze, przedstawiaj\u0105cy ryb\u0119 oraz metalow\u0105 szarf\u0119 z napisem nazwy ryby &#8220;SANDACZ&#8221;. Zadbali\u015bmy o najmniejsze detale. Znakomicie sprawdzi si\u0119 jako \u015bwietny upominek dla w\u0119dkarza. Idealny na prezent dla lubuj\u0105cych si\u0119 w piwie lub os\u00f3b, kt\u00f3re ceni\u0105 sobie upominek ze smakiem. Ozdobi ka\u017cde wn\u0119trze i zachwyci go\u015bci.<\/p>\n","protected":false},"excerpt":{"rendered":"<p><img loading=\"lazy\" class=\"alignnone size-full wp-image-5364\" src=\"http:\/\/violmax.pl\/wp-content\/uploads\/2020\/10\/VIOLMAX_POLSKA-3.jpg\" alt=\"\" width=\"300\" height=\"28\" \/><\/p>\n<p>&nbsp;<\/p>\n<p>Kufel do piwa &#8216;Miodzio&#8221;&#8217; o litra\u017cu 500 ml. Kufel jest ozdobiony metalowym odlewem w kolorze, przedstawiaj\u0105cy ryb\u0119 oraz metalow\u0105 szarf\u0119 z napisem nazwy ryby &#8220;SANDACZ&#8221;. Zadbali\u015bmy o najmniejsze detale. Znakomicie sprawdzi si\u0119 jako \u015bwietny upominek dla w\u0119dkarza. Idealny na prezent dla lubuj\u0105cych si\u0119 w piwie lub os\u00f3b, kt\u00f3re ceni\u0105 sobie upominek ze smakiem. Ozdobi ka\u017cde wn\u0119trze i zachwyci go\u015bci.<\/p>\n<p><em><strong>Minimalna ilo\u015b\u0107 zam\u00f3wienia &#8211; 6 sztuk (1 opakowanie)<br \/>\n<\/strong><\/em><\/p>\n<p><strong><em>Towar sprzedawany na opakowania<\/em><\/strong><\/p>\n<h3>PRZY DODAWANIU DO KOSZYKA, NALE\u017bY DODAWA\u0106 KROTNO\u015a\u0106\u00a0 LICZBY 6 &#8211; (1 opak)\u00a0 np: 6 ; 12 ; 18 itd<\/h3>\n<h3><strong>CENA ZA SZTUK\u0118.<\/strong><\/h3>\n<h2><strong>\u00a0<\/strong><\/h2>\n","protected":false},"featured_media":7950,"comment_status":"open","ping_status":"closed","template":"","meta":[],"_links":{"self":[{"href":"https:\/\/violmax.pl\/index.php\/wp-json\/wp\/v2\/product\/7956"}],"collection":[{"href":"https:\/\/violmax.pl\/index.php\/wp-json\/wp\/v2\/product"}],"about":[{"href":"https:\/\/violmax.pl\/index.php\/wp-json\/wp\/v2\/types\/product"}],"replies":[{"embeddable":true,"href":"https:\/\/violmax.pl\/index.php\/wp-json\/wp\/v2\/comments?post=7956"}],"wp:featuredmedia":[{"embeddable":true,"href":"https:\/\/violmax.pl\/index.php\/wp-json\/wp\/v2\/media\/7950"}],"wp:attachment":[{"href":"https:\/\/violmax.pl\/index.php\/wp-json\/wp\/v2\/media?parent=7956"}],"curies":[{"name":"wp","href":"https:\/\/api.w.org\/{rel}","templated":true}]}}