{"id":7931,"date":"2021-06-04T13:41:59","date_gmt":"2021-06-04T11:41:59","guid":{"rendered":"http:\/\/violmax.pl\/?post_type=product&#038;p=7931"},"modified":"2025-12-02T13:18:33","modified_gmt":"2025-12-02T12:18:33","slug":"debki-szklanka-do-piwa-viola-568-ml-szron-pirat-kolor","status":"publish","type":"product","link":"https:\/\/violmax.pl\/index.php\/produkt\/debki-szklanka-do-piwa-viola-568-ml-szron-pirat-kolor\/","title":{"rendered":"D\u0118BKI, SZKLANKA DO PIWA &#8220;VIOLA&#8221; 568 ML, SZRON + PIRAT KOLOR"},"content":{"rendered":"<p><img loading=\"lazy\" class=\"alignnone size-medium wp-image-7928\" src=\"http:\/\/violmax.pl\/wp-content\/uploads\/2021\/06\/Debki_szklanka_do_piwa_viola_568_ml_szron_pirat_kolor-255x300.png\" alt=\"\" width=\"255\" height=\"300\" srcset=\"https:\/\/violmax.pl\/wp-content\/uploads\/2021\/06\/Debki_szklanka_do_piwa_viola_568_ml_szron_pirat_kolor-255x300.png 255w, https:\/\/violmax.pl\/wp-content\/uploads\/2021\/06\/Debki_szklanka_do_piwa_viola_568_ml_szron_pirat_kolor-680x800.png 680w, https:\/\/violmax.pl\/wp-content\/uploads\/2021\/06\/Debki_szklanka_do_piwa_viola_568_ml_szron_pirat_kolor.png 765w\" sizes=\"(max-width: 255px) 100vw, 255px\" \/><\/p>\n<p>Pokal do piwa o pojemno\u015bci 568 ml ozdobiony metalowym odlewem w kolorze o motywie pirata z papug\u0105. Wypiaskowanie szklanki sprawia wra\u017cenie, jak by by\u0142a zmro\u017cona. Na szklance umieszczona jest r\u00f3wnie\u017c metalowa szarfa z napisem \u201dD\u0119bki\u201d . Pi\u0119kna szklanka, dzi\u0119ki zdobieniu nabra\u0142a oryginalno\u015bci. Idealna pami\u0105tka z D\u0119bek.<\/p>\n","protected":false},"excerpt":{"rendered":"<p><img loading=\"lazy\" class=\"alignnone size-medium wp-image-3660\" src=\"http:\/\/violmax.pl\/wp-content\/uploads\/2020\/05\/VIOLMAX_POLSKA-2-300x28.jpg\" alt=\"\" width=\"300\" height=\"28\" \/><\/p>\n<p>Pokal do piwa o pojemno\u015bci 568 ml ozdobiony metalowym odlewem w kolorze o motywie pirata z papug\u0105. Wypiaskowanie szklanki sprawia wra\u017cenie, jak by by\u0142a zmro\u017cona. Na szklance umieszczona jest r\u00f3wnie\u017c metalowa szarfa z napisem \u201dD\u0119bki\u201d . Pi\u0119kna szklanka, dzi\u0119ki zdobieniu nabra\u0142a oryginalno\u015bci. Idealna pami\u0105tka z D\u0119bek.<\/p>\n<p><strong><em>Minimalna ilo\u015b\u0107 zam\u00f3wienia &#8211; 6 sztuk (1 opakowanie)<\/em><br \/>\n<\/strong><\/p>\n<p><strong><em>Towar sprzedawany na opakowania<\/em><\/strong><\/p>\n<h3><span style=\"color: #ff0000;\">PRZY DODAWANIU DO KOSZYKA, NALE\u017bY DODAWA\u0106 KROTNO\u015a\u0106\u00a0 LICZBY 6 &#8211; (1 opak)\u00a0 np: 6 ; 12 ; 18 itd<\/span><\/h3>\n<h3><strong>CENA ZA SZTUK\u0118.<\/strong><\/h3>\n","protected":false},"featured_media":7928,"comment_status":"open","ping_status":"closed","template":"","meta":[],"_links":{"self":[{"href":"https:\/\/violmax.pl\/index.php\/wp-json\/wp\/v2\/product\/7931"}],"collection":[{"href":"https:\/\/violmax.pl\/index.php\/wp-json\/wp\/v2\/product"}],"about":[{"href":"https:\/\/violmax.pl\/index.php\/wp-json\/wp\/v2\/types\/product"}],"replies":[{"embeddable":true,"href":"https:\/\/violmax.pl\/index.php\/wp-json\/wp\/v2\/comments?post=7931"}],"wp:featuredmedia":[{"embeddable":true,"href":"https:\/\/violmax.pl\/index.php\/wp-json\/wp\/v2\/media\/7928"}],"wp:attachment":[{"href":"https:\/\/violmax.pl\/index.php\/wp-json\/wp\/v2\/media?parent=7931"}],"curies":[{"name":"wp","href":"https:\/\/api.w.org\/{rel}","templated":true}]}}