{"id":7912,"date":"2021-05-31T21:04:48","date_gmt":"2021-05-31T19:04:48","guid":{"rendered":"http:\/\/violmax.pl\/?post_type=product&#038;p=7912"},"modified":"2025-12-02T13:18:35","modified_gmt":"2025-12-02T12:18:35","slug":"darlowko-kieliszek-do-wodki-shot-40-ml-szron-blaszka","status":"publish","type":"product","link":"https:\/\/violmax.pl\/index.php\/produkt\/darlowko-kieliszek-do-wodki-shot-40-ml-szron-blaszka\/","title":{"rendered":"DAR\u0141\u00d3WKO, KIELISZEK DO W\u00d3DKI &#8220;SHOT 40&#8221; ML, SZRON + BLASZKA"},"content":{"rendered":"<p><img loading=\"lazy\" class=\"alignnone size-medium wp-image-7887\" src=\"http:\/\/violmax.pl\/wp-content\/uploads\/2021\/05\/Darlowko_kieliszek_shot_40_ml_blaszka_szron-300x240.png\" alt=\"\" width=\"300\" height=\"240\" srcset=\"https:\/\/violmax.pl\/wp-content\/uploads\/2021\/05\/Darlowko_kieliszek_shot_40_ml_blaszka_szron-300x240.png 300w, https:\/\/violmax.pl\/wp-content\/uploads\/2021\/05\/Darlowko_kieliszek_shot_40_ml_blaszka_szron-768x614.png 768w, https:\/\/violmax.pl\/wp-content\/uploads\/2021\/05\/Darlowko_kieliszek_shot_40_ml_blaszka_szron-320x256.png 320w, https:\/\/violmax.pl\/wp-content\/uploads\/2021\/05\/Darlowko_kieliszek_shot_40_ml_blaszka_szron-680x544.png 680w, https:\/\/violmax.pl\/wp-content\/uploads\/2021\/05\/Darlowko_kieliszek_shot_40_ml_blaszka_szron.png 900w\" sizes=\"(max-width: 300px) 100vw, 300px\" \/><\/p>\n<p>&nbsp;<\/p>\n<p>Kieliszek do w\u00f3dki o pojemno\u015bci 40 ml. Zosta\u0142 on ozdobiony metalowym odlewem. Wypiaskowany do po\u0142owy jego wysoko\u015bci, co sprawia wra\u017cenie jak by by\u0142 zmro\u017cony. Kieliszek o kszta\u0142cie cylindrycznym. Po\u0142\u0105czenie praktycznej rzeczy z oryginaln\u0105 pami\u0105tk\u0105 i ozdob\u0105 np w kuchennej szafce czy eleganckim barku, w salonie. Idealna pami\u0105tka z Dar\u0142\u00f3wka.<\/p>\n","protected":false},"excerpt":{"rendered":"<p><img loading=\"lazy\" class=\"alignnone size-full wp-image-5364\" src=\"http:\/\/violmax.pl\/wp-content\/uploads\/2020\/10\/VIOLMAX_POLSKA-3.jpg\" alt=\"\" width=\"300\" height=\"28\" \/><\/p>\n<p>&nbsp;<\/p>\n<p>Kieliszek do w\u00f3dki o pojemno\u015bci 40 ml. Zosta\u0142 on ozdobiony metalowym odlewem. Wypiaskowany do po\u0142owy jego wysoko\u015bci, co sprawia wra\u017cenie jak by by\u0142 zmro\u017cony. Kieliszek o kszta\u0142cie cylindrycznym. Po\u0142\u0105czenie praktycznej rzeczy z oryginaln\u0105 pami\u0105tk\u0105 i ozdob\u0105 np w kuchennej szafce czy eleganckim barku, w salonie. Idealna pami\u0105tka z Dar\u0142\u00f3wka.<\/p>\n<p><strong><em>Minimalna ilo\u015b\u0107 zam\u00f3wienia &#8211; 6 sztuk (1 opakowanie)<\/em><br \/>\n<\/strong><\/p>\n<p><strong><em>Towar sprzedawany na opakowania<\/em><\/strong><\/p>\n<h3><span style=\"color: #ff0000;\">PRZY DODAWANIU DO KOSZYKA, NALE\u017bY DODAWA\u0106 KROTNO\u015a\u0106\u00a0 LICZBY 6 &#8211; (1 opak)\u00a0 np: 6 ; 12 ; 18 itd<\/span><\/h3>\n<h3><strong>CENA ZA SZTUK\u0118.<\/strong><\/h3>\n<h2><strong>\u00a0<\/strong><\/h2>\n","protected":false},"featured_media":7887,"comment_status":"open","ping_status":"closed","template":"","meta":[],"_links":{"self":[{"href":"https:\/\/violmax.pl\/index.php\/wp-json\/wp\/v2\/product\/7912"}],"collection":[{"href":"https:\/\/violmax.pl\/index.php\/wp-json\/wp\/v2\/product"}],"about":[{"href":"https:\/\/violmax.pl\/index.php\/wp-json\/wp\/v2\/types\/product"}],"replies":[{"embeddable":true,"href":"https:\/\/violmax.pl\/index.php\/wp-json\/wp\/v2\/comments?post=7912"}],"wp:featuredmedia":[{"embeddable":true,"href":"https:\/\/violmax.pl\/index.php\/wp-json\/wp\/v2\/media\/7887"}],"wp:attachment":[{"href":"https:\/\/violmax.pl\/index.php\/wp-json\/wp\/v2\/media?parent=7912"}],"curies":[{"name":"wp","href":"https:\/\/api.w.org\/{rel}","templated":true}]}}