{"id":7902,"date":"2021-05-31T20:45:58","date_gmt":"2021-05-31T18:45:58","guid":{"rendered":"http:\/\/violmax.pl\/?post_type=product&#038;p=7902"},"modified":"2025-12-02T13:18:36","modified_gmt":"2025-12-02T12:18:36","slug":"krynica-morska-kufel-do-piwa-bremen-067-litra-blacha-koga","status":"publish","type":"product","link":"https:\/\/violmax.pl\/index.php\/produkt\/krynica-morska-kufel-do-piwa-bremen-067-litra-blacha-koga\/","title":{"rendered":"KRYNICA MORSKA, KUFEL DO PIWA &#8220;BREMEN&#8221; 0,67 LITRA, BLACHA KOGA"},"content":{"rendered":"<p><img loading=\"lazy\" class=\"alignnone size-medium wp-image-7894\" src=\"http:\/\/violmax.pl\/wp-content\/uploads\/2021\/05\/Krynica_Morska_kufel_do_piwa_bremen_670_ml_blacha_koga-300x300.png\" alt=\"\" width=\"300\" height=\"300\" srcset=\"https:\/\/violmax.pl\/wp-content\/uploads\/2021\/05\/Krynica_Morska_kufel_do_piwa_bremen_670_ml_blacha_koga-300x300.png 300w, https:\/\/violmax.pl\/wp-content\/uploads\/2021\/05\/Krynica_Morska_kufel_do_piwa_bremen_670_ml_blacha_koga-150x150.png 150w, https:\/\/violmax.pl\/wp-content\/uploads\/2021\/05\/Krynica_Morska_kufel_do_piwa_bremen_670_ml_blacha_koga-768x768.png 768w, https:\/\/violmax.pl\/wp-content\/uploads\/2021\/05\/Krynica_Morska_kufel_do_piwa_bremen_670_ml_blacha_koga-680x680.png 680w, https:\/\/violmax.pl\/wp-content\/uploads\/2021\/05\/Krynica_Morska_kufel_do_piwa_bremen_670_ml_blacha_koga-100x100.png 100w, https:\/\/violmax.pl\/wp-content\/uploads\/2021\/05\/Krynica_Morska_kufel_do_piwa_bremen_670_ml_blacha_koga.png 900w\" sizes=\"(max-width: 300px) 100vw, 300px\" \/><\/p>\n<p>Kufel do piwa \u201dBremen\u201d o litra\u017cu 0,67 litra. Na \u015brodku umieszczona jest odlew z metalu, z motywem \u017caglowca &#8220;KOGA&#8221;. Na pami\u0105tce zosta\u0142a umieszczona tak\u017ce szarfa z metalu, z nazw\u0105 miejscowo\u015bci &#8221;Krynica Morska&#8221;. Bardzo wygodny, klasyczny kufel do piwa, kt\u00f3ry dzi\u0119ki takiemu okaza\u0142emu zdobieniu nabra\u0142 oryginalno\u015bci. Idealna pami\u0105tka z Krynicy Morskiej.<\/p>\n<p>&nbsp;<\/p>\n","protected":false},"excerpt":{"rendered":"<p><img loading=\"lazy\" class=\"alignnone size-medium wp-image-3660\" src=\"http:\/\/violmax.pl\/wp-content\/uploads\/2020\/05\/VIOLMAX_POLSKA-2-300x28.jpg\" alt=\"\" width=\"300\" height=\"28\" \/><\/p>\n<p>&nbsp;<\/p>\n<p>Kufel do piwa \u201dBremen\u201d o litra\u017cu 0,67 litra. Na \u015brodku umieszczona jest odlew z metalu, z motywem \u017caglowca &#8220;KOGA&#8221;. Na pami\u0105tce zosta\u0142a umieszczona tak\u017ce szarfa z metalu, z nazw\u0105 miejscowo\u015bci &#8221;Krynica Morska&#8221;. Bardzo wygodny, klasyczny kufel do piwa, kt\u00f3ry dzi\u0119ki takiemu okaza\u0142emu zdobieniu nabra\u0142 oryginalno\u015bci. Idealna pami\u0105tka z Krynicy Morskiej.<\/p>\n<p><strong><em>Minimalna ilo\u015b\u0107 zam\u00f3wienia &#8211; 6 sztuk (1 opakowanie)<\/em><br \/>\n<\/strong><\/p>\n<p><strong><em>Towar sprzedawany na opakowania<\/em><\/strong><\/p>\n<h3><span style=\"color: #ff0000;\">PRZY DODAWANIU DO KOSZYKA, NALE\u017bY DODAWA\u0106 KROTNO\u015a\u0106\u00a0 LICZBY 6 &#8211; (1 opak)\u00a0 np: 6 ; 12 ; 18 itd<\/span><\/h3>\n<h3><strong>CENA ZA SZTUK\u0118.<\/strong><\/h3>\n","protected":false},"featured_media":7894,"comment_status":"open","ping_status":"closed","template":"","meta":[],"_links":{"self":[{"href":"https:\/\/violmax.pl\/index.php\/wp-json\/wp\/v2\/product\/7902"}],"collection":[{"href":"https:\/\/violmax.pl\/index.php\/wp-json\/wp\/v2\/product"}],"about":[{"href":"https:\/\/violmax.pl\/index.php\/wp-json\/wp\/v2\/types\/product"}],"replies":[{"embeddable":true,"href":"https:\/\/violmax.pl\/index.php\/wp-json\/wp\/v2\/comments?post=7902"}],"wp:featuredmedia":[{"embeddable":true,"href":"https:\/\/violmax.pl\/index.php\/wp-json\/wp\/v2\/media\/7894"}],"wp:attachment":[{"href":"https:\/\/violmax.pl\/index.php\/wp-json\/wp\/v2\/media?parent=7902"}],"curies":[{"name":"wp","href":"https:\/\/api.w.org\/{rel}","templated":true}]}}