{"id":7849,"date":"2021-05-08T20:26:11","date_gmt":"2021-05-08T18:26:11","guid":{"rendered":"http:\/\/violmax.pl\/?post_type=product&#038;p=7849"},"modified":"2025-12-02T13:18:39","modified_gmt":"2025-12-02T12:18:39","slug":"debki-szklanka-do-whisky-luna-350-ml-szron-zaglowiec-2","status":"publish","type":"product","link":"https:\/\/violmax.pl\/index.php\/produkt\/debki-szklanka-do-whisky-luna-350-ml-szron-zaglowiec-2\/","title":{"rendered":"D\u0118BKI, SZKLANKA DO WHISKY &#8220;LUNA&#8221; 350 ML, SZRON + \u017bAGLOWIEC 2"},"content":{"rendered":"<p><img loading=\"lazy\" class=\"alignnone size-medium wp-image-7848\" src=\"http:\/\/violmax.pl\/wp-content\/uploads\/2021\/05\/Debki_szklanka_do_whisky_luna_300_ml_szron_zaglowiec_2-300x300.png\" alt=\"\" width=\"300\" height=\"300\" srcset=\"https:\/\/violmax.pl\/wp-content\/uploads\/2021\/05\/Debki_szklanka_do_whisky_luna_300_ml_szron_zaglowiec_2-300x300.png 300w, https:\/\/violmax.pl\/wp-content\/uploads\/2021\/05\/Debki_szklanka_do_whisky_luna_300_ml_szron_zaglowiec_2-150x150.png 150w, https:\/\/violmax.pl\/wp-content\/uploads\/2021\/05\/Debki_szklanka_do_whisky_luna_300_ml_szron_zaglowiec_2-768x768.png 768w, https:\/\/violmax.pl\/wp-content\/uploads\/2021\/05\/Debki_szklanka_do_whisky_luna_300_ml_szron_zaglowiec_2-680x680.png 680w, https:\/\/violmax.pl\/wp-content\/uploads\/2021\/05\/Debki_szklanka_do_whisky_luna_300_ml_szron_zaglowiec_2-100x100.png 100w, https:\/\/violmax.pl\/wp-content\/uploads\/2021\/05\/Debki_szklanka_do_whisky_luna_300_ml_szron_zaglowiec_2.png 900w\" sizes=\"(max-width: 300px) 100vw, 300px\" \/><\/p>\n<p>&nbsp;<\/p>\n<p>Szklanka do whisky LUNA o pojemno\u015bci 350 ml. Do po\u0142owy w szronie, z metalowym odlewem \u017caglowca. Piaskowanie sprawia \u017ce szklanka wygl\u0105da jak by by\u0142a zmro\u017cona. Szklanka posiada zdobnicze wg\u0142\u0119bienia a tym samym nadaje jej wyj\u0105tkowy wygl\u0105d. Wykonana jest z wysokiej jako\u015bci szk\u0142a. Przepi\u0119kna i dostojna pami\u0105tka z robi\u0105cymi wra\u017cenie zdobieniem. Idealna pami\u0105tka z D\u0119bek.<\/p>\n","protected":false},"excerpt":{"rendered":"<p><img loading=\"lazy\" class=\"alignnone size-full wp-image-5364\" src=\"http:\/\/violmax.pl\/wp-content\/uploads\/2020\/10\/VIOLMAX_POLSKA-3.jpg\" alt=\"\" width=\"300\" height=\"28\" \/><\/p>\n<p>&nbsp;<\/p>\n<p>Szklanka do whisky LUNA o pojemno\u015bci 350 ml. Do po\u0142owy w szronie, z metalowym odlewem \u017caglowca. Piaskowanie sprawia \u017ce szklanka wygl\u0105da jak by by\u0142a zmro\u017cona. Szklanka posiada zdobnicze wg\u0142\u0119bienia a tym samym nadaje jej wyj\u0105tkowy wygl\u0105d. Wykonana jest z wysokiej jako\u015bci szk\u0142a. Przepi\u0119kna i dostojna pami\u0105tka z robi\u0105cymi wra\u017cenie zdobieniem. Idealna pami\u0105tka z D\u0119bek.<\/p>\n<p><strong><em>Minimalna ilo\u015b\u0107 zam\u00f3wienia &#8211; 6 sztuk (1 opakowanie)<\/em><br \/>\n<\/strong><\/p>\n<p><strong><em>Towar sprzedawany na opakowania<\/em><\/strong><\/p>\n<h3><span style=\"color: #ff0000;\">PRZY DODAWANIU DO KOSZYKA, NALE\u017bY DODAWA\u0106 KROTNO\u015a\u0106\u00a0 LICZBY 6 &#8211; (1 opak)\u00a0 np: 6 ; 12 ; 18 itd<\/span><\/h3>\n<h3><strong>CENA ZA SZTUK\u0118.<\/strong><\/h3>\n<h2><strong>\u00a0<\/strong><\/h2>\n","protected":false},"featured_media":7848,"comment_status":"open","ping_status":"closed","template":"","meta":[],"_links":{"self":[{"href":"https:\/\/violmax.pl\/index.php\/wp-json\/wp\/v2\/product\/7849"}],"collection":[{"href":"https:\/\/violmax.pl\/index.php\/wp-json\/wp\/v2\/product"}],"about":[{"href":"https:\/\/violmax.pl\/index.php\/wp-json\/wp\/v2\/types\/product"}],"replies":[{"embeddable":true,"href":"https:\/\/violmax.pl\/index.php\/wp-json\/wp\/v2\/comments?post=7849"}],"wp:featuredmedia":[{"embeddable":true,"href":"https:\/\/violmax.pl\/index.php\/wp-json\/wp\/v2\/media\/7848"}],"wp:attachment":[{"href":"https:\/\/violmax.pl\/index.php\/wp-json\/wp\/v2\/media?parent=7849"}],"curies":[{"name":"wp","href":"https:\/\/api.w.org\/{rel}","templated":true}]}}