{"id":7826,"date":"2021-05-08T12:11:40","date_gmt":"2021-05-08T10:11:40","guid":{"rendered":"http:\/\/violmax.pl\/?post_type=product&#038;p=7826"},"modified":"2025-12-02T13:18:41","modified_gmt":"2025-12-02T12:18:41","slug":"debki-szklanka-do-piwa-stopka-05-litra-szron-dragon","status":"publish","type":"product","link":"https:\/\/violmax.pl\/index.php\/produkt\/debki-szklanka-do-piwa-stopka-05-litra-szron-dragon\/","title":{"rendered":"D\u0118BKI, SZKLANKA DO PIWA &#8220;MA\u0141GOSIA&#8221; 0,5 LITRA, SZRON + \u017bAGLOWIEC &#8220;DRAGON&#8221; ODLEW KOLOR"},"content":{"rendered":"<p><img loading=\"lazy\" class=\"alignnone size-medium wp-image-7822\" src=\"http:\/\/violmax.pl\/wp-content\/uploads\/2021\/05\/Debki_szklanka_do_piwa_stopka_500_ml_szron_dragon-255x300.png\" alt=\"\" width=\"255\" height=\"300\" srcset=\"https:\/\/violmax.pl\/wp-content\/uploads\/2021\/05\/Debki_szklanka_do_piwa_stopka_500_ml_szron_dragon-255x300.png 255w, https:\/\/violmax.pl\/wp-content\/uploads\/2021\/05\/Debki_szklanka_do_piwa_stopka_500_ml_szron_dragon-680x800.png 680w, https:\/\/violmax.pl\/wp-content\/uploads\/2021\/05\/Debki_szklanka_do_piwa_stopka_500_ml_szron_dragon.png 765w\" sizes=\"(max-width: 255px) 100vw, 255px\" \/><\/p>\n<p>&nbsp;<\/p>\n<p>Pokal do piwa &#8220;MA\u0141GOSIA&#8221; o litra\u017cu 0,5 litra. Do po\u0142owy w szronie, ozdobiony metalowym odlewem \u017caglowca &#8220;Dragon&#8221; w kolorze oraz szarf\u0105 z nazw\u0105 miejscowo\u015bci D\u0119bki . Wypiaskowanie szklanki do po\u0142owy jej wysoko\u015bci sprawia wra\u017cenie, jak by by\u0142a zmro\u017cona. Przepi\u0119kna i dostojna pami\u0105tka z robi\u0105cymi wra\u017cenie zdobieniami. Idealna pami\u0105tka z D\u0119bek.<\/p>\n","protected":false},"excerpt":{"rendered":"<div class=\"woocommerce-product-details__short-description\">\n<p><img loading=\"lazy\" class=\"alignnone size-full wp-image-5364\" src=\"http:\/\/violmax.pl\/wp-content\/uploads\/2020\/10\/VIOLMAX_POLSKA-3.jpg\" alt=\"\" width=\"300\" height=\"28\" \/><\/p>\n<p>&nbsp;<\/p>\n<p>Pokal do piwa &#8220;MA\u0141GOSIA&#8221; o litra\u017cu 0,5 litra. Do po\u0142owy w szronie, ozdobiony metalowym odlewem \u017caglowca &#8220;Dragon&#8221; w kolorze oraz szarf\u0105 z nazw\u0105 miejscowo\u015bci D\u0119bki . Wypiaskowanie szklanki do po\u0142owy jej wysoko\u015bci sprawia wra\u017cenie, jak by by\u0142a zmro\u017cona. Przepi\u0119kna i dostojna pami\u0105tka z robi\u0105cymi wra\u017cenie zdobieniami. Idealna pami\u0105tka z D\u0119bek.<\/p>\n<p><strong><em>Minimalna ilo\u015b\u0107 zam\u00f3wienia \u2013 6 sztuk (1 opakowanie)<\/em><br \/>\n<\/strong><\/p>\n<p><strong><em>Towar sprzedawany na opakowania<\/em><\/strong><\/p>\n<h3><span style=\"color: #ff0000;\">PRZY DODAWANIU DO KOSZYKA, NALE\u017bY DODAWA\u0106 KROTNO\u015a\u0106\u00a0 LICZBY 6 &#8211; (1 opak)\u00a0 np: 6 ; 12 ; 18 itd<\/span><\/h3>\n<h3><strong>CENA ZA SZTUK\u0118.<\/strong><\/h3>\n<\/div>\n","protected":false},"featured_media":7822,"comment_status":"open","ping_status":"closed","template":"","meta":[],"_links":{"self":[{"href":"https:\/\/violmax.pl\/index.php\/wp-json\/wp\/v2\/product\/7826"}],"collection":[{"href":"https:\/\/violmax.pl\/index.php\/wp-json\/wp\/v2\/product"}],"about":[{"href":"https:\/\/violmax.pl\/index.php\/wp-json\/wp\/v2\/types\/product"}],"replies":[{"embeddable":true,"href":"https:\/\/violmax.pl\/index.php\/wp-json\/wp\/v2\/comments?post=7826"}],"wp:featuredmedia":[{"embeddable":true,"href":"https:\/\/violmax.pl\/index.php\/wp-json\/wp\/v2\/media\/7822"}],"wp:attachment":[{"href":"https:\/\/violmax.pl\/index.php\/wp-json\/wp\/v2\/media?parent=7826"}],"curies":[{"name":"wp","href":"https:\/\/api.w.org\/{rel}","templated":true}]}}