{"id":7798,"date":"2021-05-07T21:37:42","date_gmt":"2021-05-07T19:37:42","guid":{"rendered":"http:\/\/violmax.pl\/?post_type=product&#038;p=7798"},"modified":"2025-12-02T13:18:44","modified_gmt":"2025-12-02T12:18:44","slug":"szklarska-poreba-szklanka-do-piwa-ola-520-ml-schronisko-kamienczyk-szron","status":"publish","type":"product","link":"https:\/\/violmax.pl\/index.php\/produkt\/szklarska-poreba-szklanka-do-piwa-ola-520-ml-schronisko-kamienczyk-szron\/","title":{"rendered":"SZKLARSKA POR\u0118BA, SZKLANKA DO PIWA &#8220;OLA&#8221; 520 ML, SCHRONISKO &#8220;KAMIE\u0143CZYK&#8221; SZRON"},"content":{"rendered":"<p><img loading=\"lazy\" class=\"alignnone size-medium wp-image-7781\" src=\"http:\/\/violmax.pl\/wp-content\/uploads\/2021\/05\/Szklarska_Poreba_szklanka_do_piwa_viola_520_ml_schronisko_kamienczyk_szron-300x300.png\" alt=\"\" width=\"300\" height=\"300\" srcset=\"https:\/\/violmax.pl\/wp-content\/uploads\/2021\/05\/Szklarska_Poreba_szklanka_do_piwa_viola_520_ml_schronisko_kamienczyk_szron-300x300.png 300w, https:\/\/violmax.pl\/wp-content\/uploads\/2021\/05\/Szklarska_Poreba_szklanka_do_piwa_viola_520_ml_schronisko_kamienczyk_szron-150x150.png 150w, https:\/\/violmax.pl\/wp-content\/uploads\/2021\/05\/Szklarska_Poreba_szklanka_do_piwa_viola_520_ml_schronisko_kamienczyk_szron-768x768.png 768w, https:\/\/violmax.pl\/wp-content\/uploads\/2021\/05\/Szklarska_Poreba_szklanka_do_piwa_viola_520_ml_schronisko_kamienczyk_szron-680x680.png 680w, https:\/\/violmax.pl\/wp-content\/uploads\/2021\/05\/Szklarska_Poreba_szklanka_do_piwa_viola_520_ml_schronisko_kamienczyk_szron-100x100.png 100w, https:\/\/violmax.pl\/wp-content\/uploads\/2021\/05\/Szklarska_Poreba_szklanka_do_piwa_viola_520_ml_schronisko_kamienczyk_szron.png 900w\" sizes=\"(max-width: 300px) 100vw, 300px\" \/><\/p>\n<p>&nbsp;<\/p>\n<p>Szklanka do piwa o pojemno\u015bci 520 ml. z wypiaskowanym motywem charakterystycznym dla Szklarskiej Por\u0119by &#8211; schroniskiem &#8220;Kamie\u0144czyk&#8221; oraz jest wypiaskowana do po\u0142owy. Wypiaskowanie szklanki sprawia wra\u017cenie jak by by\u0142a ona zmro\u017cona. Na szklance widnieje napis \u201dSzklarska Por\u0119ba\u201d. Elegancka\u00a0 szklanka dzi\u0119ki precyzyjnemu piaskowaniu nabra\u0142a oryginalno\u015bci. Idealna pami\u0105tka ze Szklarskiej Por\u0119by. Nadaje si\u0119 do mycia w zmywarkach.<\/p>\n","protected":false},"excerpt":{"rendered":"<p><img loading=\"lazy\" class=\"alignnone size-full wp-image-5364\" src=\"http:\/\/violmax.pl\/wp-content\/uploads\/2020\/10\/VIOLMAX_POLSKA-3.jpg\" alt=\"\" width=\"300\" height=\"28\" \/><\/p>\n<p>&nbsp;<\/p>\n<p>Szklanka do piwa o pojemno\u015bci 520 ml. z wypiaskowanym motywem charakterystycznym dla Szklarskiej Por\u0119by &#8211; schroniskiem &#8220;Kamie\u0144czyk&#8221; oraz jest wypiaskowana do po\u0142owy. Wypiaskowanie szklanki sprawia wra\u017cenie jak by by\u0142a ona zmro\u017cona. Na szklance widnieje napis \u201dSzklarska Por\u0119ba\u201d. Elegancka\u00a0 szklanka dzi\u0119ki precyzyjnemu piaskowaniu nabra\u0142a oryginalno\u015bci. Idealna pami\u0105tka ze Szklarskiej Por\u0119by. Nadaje si\u0119 do mycia w zmywarkach.<\/p>\n<p><strong><em>Minimalna ilo\u015b\u0107 zam\u00f3wienia &#8211; 6 sztuk (1 opakowanie)<\/em><br \/>\n<\/strong><\/p>\n<p><strong><em>Towar sprzedawany na opakowania<\/em><\/strong><\/p>\n<h3><span style=\"color: #ff0000;\">PRZY DODAWANIU DO KOSZYKA, NALE\u017bY DODAWA\u0106 KROTNO\u015a\u0106\u00a0 LICZBY 6 &#8211; (1 opak)\u00a0 np: 6 ; 12 ; 18 itd<\/span><\/h3>\n<h3><strong>CENA ZA SZTUK\u0118.<\/strong><\/h3>\n","protected":false},"featured_media":7781,"comment_status":"open","ping_status":"closed","template":"","meta":[],"_links":{"self":[{"href":"https:\/\/violmax.pl\/index.php\/wp-json\/wp\/v2\/product\/7798"}],"collection":[{"href":"https:\/\/violmax.pl\/index.php\/wp-json\/wp\/v2\/product"}],"about":[{"href":"https:\/\/violmax.pl\/index.php\/wp-json\/wp\/v2\/types\/product"}],"replies":[{"embeddable":true,"href":"https:\/\/violmax.pl\/index.php\/wp-json\/wp\/v2\/comments?post=7798"}],"wp:featuredmedia":[{"embeddable":true,"href":"https:\/\/violmax.pl\/index.php\/wp-json\/wp\/v2\/media\/7781"}],"wp:attachment":[{"href":"https:\/\/violmax.pl\/index.php\/wp-json\/wp\/v2\/media?parent=7798"}],"curies":[{"name":"wp","href":"https:\/\/api.w.org\/{rel}","templated":true}]}}