{"id":7767,"date":"2021-05-06T22:00:42","date_gmt":"2021-05-06T20:00:42","guid":{"rendered":"http:\/\/violmax.pl\/?post_type=product&#038;p=7767"},"modified":"2025-12-02T13:18:47","modified_gmt":"2025-12-02T12:18:47","slug":"debki-szklanka-do-whisky-blended-250-ml-kobiety-szron","status":"publish","type":"product","link":"https:\/\/violmax.pl\/index.php\/produkt\/debki-szklanka-do-whisky-blended-250-ml-kobiety-szron\/","title":{"rendered":"D\u0118BKI, SZKLANKA DO WHISKY &#8220;BLENDED&#8221; 250 ML, KOBIETY SZRON"},"content":{"rendered":"<p><img loading=\"lazy\" class=\"alignnone size-medium wp-image-12438\" src=\"https:\/\/violmax.pl\/wp-content\/uploads\/2025\/03\/Debki_szklanka_do_whisky_blended_250_ml_kobiety_szron-500x400.jpg\" alt=\"\" width=\"500\" height=\"400\" srcset=\"https:\/\/violmax.pl\/wp-content\/uploads\/2025\/03\/Debki_szklanka_do_whisky_blended_250_ml_kobiety_szron-500x400.jpg 500w, https:\/\/violmax.pl\/wp-content\/uploads\/2025\/03\/Debki_szklanka_do_whisky_blended_250_ml_kobiety_szron-768x614.jpg 768w, https:\/\/violmax.pl\/wp-content\/uploads\/2025\/03\/Debki_szklanka_do_whisky_blended_250_ml_kobiety_szron-320x256.jpg 320w, https:\/\/violmax.pl\/wp-content\/uploads\/2025\/03\/Debki_szklanka_do_whisky_blended_250_ml_kobiety_szron-680x544.jpg 680w, https:\/\/violmax.pl\/wp-content\/uploads\/2025\/03\/Debki_szklanka_do_whisky_blended_250_ml_kobiety_szron.jpg 900w\" sizes=\"(max-width: 500px) 100vw, 500px\" \/><\/p>\n<p>&nbsp;<\/p>\n<p>Szklanka do whisky BLENDED o pojemno\u015bci 250 ml. Do po\u0142owy w szronie, z wypiaskowanym motywem typowym dla Ba\u0142tyku, kobietami siedz\u0105cymi nad morzem. Piaskowanie sprawia \u017ce szklanka sprawia wra\u017cenia jak by by\u0142a zmro\u017cona. Przepi\u0119kna i dostojna pami\u0105tka z robi\u0105cymi wra\u017cenie zdobieniem. Idealna pami\u0105tka z D\u0119bek. Nadaje si\u0119 do mycia w zmywarce.<\/p>\n","protected":false},"excerpt":{"rendered":"<p><img loading=\"lazy\" class=\"alignnone size-full wp-image-5364\" src=\"http:\/\/violmax.pl\/wp-content\/uploads\/2020\/10\/VIOLMAX_POLSKA-3.jpg\" alt=\"\" width=\"300\" height=\"28\" \/><\/p>\n<p>&nbsp;<\/p>\n<p>Szklanka do whisky BLENDED o pojemno\u015bci 250 ml. Do po\u0142owy w szronie, z wypiaskowanym motywem typowym dla Ba\u0142tyku, kobietami siedz\u0105cymi nad morzem. Piaskowanie sprawia \u017ce szklanka sprawia wra\u017cenia jak by by\u0142a zmro\u017cona. Przepi\u0119kna i dostojna pami\u0105tka z robi\u0105cymi wra\u017cenie zdobieniem. Idealna pami\u0105tka z D\u0119bek. Nadaje si\u0119 do mycia w zmywarce.<\/p>\n<p><strong><em>Minimalna ilo\u015b\u0107 zam\u00f3wienia &#8211; 6 sztuk (1 opakowanie)<\/em><br \/>\n<\/strong><\/p>\n<p><strong><em>Towar sprzedawany na opakowania<\/em><\/strong><\/p>\n<h3><span style=\"color: #ff0000;\">PRZY DODAWANIU DO KOSZYKA, NALE\u017bY DODAWA\u0106 KROTNO\u015a\u0106\u00a0 LICZBY 6 &#8211; (1 opak)\u00a0 np: 6 ; 12 ; 18 itd<\/span><\/h3>\n<h3><strong>CENA ZA SZTUK\u0118.<\/strong><\/h3>\n<h2><strong>\u00a0<\/strong><\/h2>\n","protected":false},"featured_media":12438,"comment_status":"open","ping_status":"closed","template":"","meta":[],"_links":{"self":[{"href":"https:\/\/violmax.pl\/index.php\/wp-json\/wp\/v2\/product\/7767"}],"collection":[{"href":"https:\/\/violmax.pl\/index.php\/wp-json\/wp\/v2\/product"}],"about":[{"href":"https:\/\/violmax.pl\/index.php\/wp-json\/wp\/v2\/types\/product"}],"replies":[{"embeddable":true,"href":"https:\/\/violmax.pl\/index.php\/wp-json\/wp\/v2\/comments?post=7767"}],"wp:featuredmedia":[{"embeddable":true,"href":"https:\/\/violmax.pl\/index.php\/wp-json\/wp\/v2\/media\/12438"}],"wp:attachment":[{"href":"https:\/\/violmax.pl\/index.php\/wp-json\/wp\/v2\/media?parent=7767"}],"curies":[{"name":"wp","href":"https:\/\/api.w.org\/{rel}","templated":true}]}}