{"id":7763,"date":"2021-05-06T21:45:19","date_gmt":"2021-05-06T19:45:19","guid":{"rendered":"http:\/\/violmax.pl\/?post_type=product&#038;p=7763"},"modified":"2025-12-02T13:18:47","modified_gmt":"2025-12-02T12:18:47","slug":"debki-szklanka-do-piwa-krosno-05-litra-rybak-szron","status":"publish","type":"product","link":"https:\/\/violmax.pl\/index.php\/produkt\/debki-szklanka-do-piwa-krosno-05-litra-rybak-szron\/","title":{"rendered":"D\u0118BKI, SZKLANKA DO PIWA &#8220;KROSNO&#8221; 0,5 LITRA, RYBAK SZRON"},"content":{"rendered":"<p><img loading=\"lazy\" class=\"alignnone size-medium wp-image-12437\" src=\"https:\/\/violmax.pl\/wp-content\/uploads\/2025\/03\/Debki_szklanka_do_piwa_krosno_500_ml_rybak_szron-500x500.jpg\" alt=\"\" width=\"500\" height=\"500\" srcset=\"https:\/\/violmax.pl\/wp-content\/uploads\/2025\/03\/Debki_szklanka_do_piwa_krosno_500_ml_rybak_szron-500x500.jpg 500w, https:\/\/violmax.pl\/wp-content\/uploads\/2025\/03\/Debki_szklanka_do_piwa_krosno_500_ml_rybak_szron-400x400.jpg 400w, https:\/\/violmax.pl\/wp-content\/uploads\/2025\/03\/Debki_szklanka_do_piwa_krosno_500_ml_rybak_szron-768x768.jpg 768w, https:\/\/violmax.pl\/wp-content\/uploads\/2025\/03\/Debki_szklanka_do_piwa_krosno_500_ml_rybak_szron-680x680.jpg 680w, https:\/\/violmax.pl\/wp-content\/uploads\/2025\/03\/Debki_szklanka_do_piwa_krosno_500_ml_rybak_szron-100x100.jpg 100w, https:\/\/violmax.pl\/wp-content\/uploads\/2025\/03\/Debki_szklanka_do_piwa_krosno_500_ml_rybak_szron.jpg 900w\" sizes=\"(max-width: 500px) 100vw, 500px\" \/><\/p>\n<p>Szklanka do piwa o pojemno\u015bci 0,5 litra z wypiaskowanym motywem charakterystycznym dla morza, rybakiem oraz jest do po\u0142owy w szronie. Na szklance widnieje napis \u201dD\u0119bki\u201d . Zwyk\u0142a szklanka dzi\u0119ki precyzyjnemu piaskowaniu nabra\u0142a oryginalno\u015bci. Idealna pami\u0105tka z nad morza. Nadaje si\u0119 do mycia w zmywarce.<\/p>\n","protected":false},"excerpt":{"rendered":"<p><img loading=\"lazy\" class=\"alignnone size-medium wp-image-3660\" src=\"http:\/\/violmax.pl\/wp-content\/uploads\/2020\/05\/VIOLMAX_POLSKA-2-300x28.jpg\" alt=\"\" width=\"300\" height=\"28\" \/><\/p>\n<p>&nbsp;<\/p>\n<p>Szklanka do piwa o pojemno\u015bci 0,5 litra z wypiaskowanym motywem charakterystycznym dla morza, rybakiem oraz jest do po\u0142owy w szronie. Na szklance widnieje napis \u201dD\u0119bki\u201d . Zwyk\u0142a szklanka dzi\u0119ki precyzyjnemu piaskowaniu nabra\u0142a oryginalno\u015bci. Idealna pami\u0105tka z nad morza. Nadaje si\u0119 do mycia w zmywarce.<\/p>\n<p><strong><em>Minimalna ilo\u015b\u0107 zam\u00f3wienia &#8211; 6 sztuk (1 opakowanie)<\/em><br \/>\n<\/strong><\/p>\n<p><strong><em>Towar sprzedawany na opakowania<\/em><\/strong><\/p>\n<h3><span style=\"color: #ff0000;\">PRZY DODAWANIU DO KOSZYKA, NALE\u017bY DODAWA\u0106 KROTNO\u015a\u0106\u00a0 LICZBY 6 &#8211; (1 opak)\u00a0 np: 6 ; 12 ; 18 itd<\/span><\/h3>\n<h3><strong>CENA ZA SZTUK\u0118.<\/strong><\/h3>\n","protected":false},"featured_media":12437,"comment_status":"open","ping_status":"closed","template":"","meta":[],"_links":{"self":[{"href":"https:\/\/violmax.pl\/index.php\/wp-json\/wp\/v2\/product\/7763"}],"collection":[{"href":"https:\/\/violmax.pl\/index.php\/wp-json\/wp\/v2\/product"}],"about":[{"href":"https:\/\/violmax.pl\/index.php\/wp-json\/wp\/v2\/types\/product"}],"replies":[{"embeddable":true,"href":"https:\/\/violmax.pl\/index.php\/wp-json\/wp\/v2\/comments?post=7763"}],"wp:featuredmedia":[{"embeddable":true,"href":"https:\/\/violmax.pl\/index.php\/wp-json\/wp\/v2\/media\/12437"}],"wp:attachment":[{"href":"https:\/\/violmax.pl\/index.php\/wp-json\/wp\/v2\/media?parent=7763"}],"curies":[{"name":"wp","href":"https:\/\/api.w.org\/{rel}","templated":true}]}}