{"id":7634,"date":"2021-04-16T17:42:18","date_gmt":"2021-04-16T15:42:18","guid":{"rendered":"http:\/\/violmax.pl\/?post_type=product&#038;p=7634"},"modified":"2025-12-02T13:19:55","modified_gmt":"2025-12-02T12:19:55","slug":"darlowko-kufel-do-piwa-lemon-500-ml-szron-blacha-dyzurka","status":"publish","type":"product","link":"https:\/\/violmax.pl\/index.php\/produkt\/darlowko-kufel-do-piwa-lemon-500-ml-szron-blacha-dyzurka\/","title":{"rendered":"DAR\u0141\u00d3WKO, KUFEL DO PIWA &#8220;LEMON&#8221; 500 ML, SZRON + KUTER RYBACKI"},"content":{"rendered":"<p><img loading=\"lazy\" class=\"alignnone size-medium wp-image-7624\" src=\"http:\/\/violmax.pl\/wp-content\/uploads\/2021\/04\/darlowko_kufel_do_piwa_lemon_500_ml_szron_blacha_dyzurka-300x240.png\" alt=\"\" width=\"300\" height=\"240\" srcset=\"https:\/\/violmax.pl\/wp-content\/uploads\/2021\/04\/darlowko_kufel_do_piwa_lemon_500_ml_szron_blacha_dyzurka-300x240.png 300w, https:\/\/violmax.pl\/wp-content\/uploads\/2021\/04\/darlowko_kufel_do_piwa_lemon_500_ml_szron_blacha_dyzurka-768x614.png 768w, https:\/\/violmax.pl\/wp-content\/uploads\/2021\/04\/darlowko_kufel_do_piwa_lemon_500_ml_szron_blacha_dyzurka-320x256.png 320w, https:\/\/violmax.pl\/wp-content\/uploads\/2021\/04\/darlowko_kufel_do_piwa_lemon_500_ml_szron_blacha_dyzurka-680x544.png 680w, https:\/\/violmax.pl\/wp-content\/uploads\/2021\/04\/darlowko_kufel_do_piwa_lemon_500_ml_szron_blacha_dyzurka.png 900w\" sizes=\"(max-width: 300px) 100vw, 300px\" \/><\/p>\n<p>Kufel &#8211; dzbanek do napoj\u00f3w alkoholowych \u201eLemon\u201d o pojemno\u015bci 0,5 litra. Ozdobiony jest metalowym odlewem z motywem kutra rybackiego i w oddali dy\u017curk\u0105 kapita\u0144sk\u0105. Produkt z wysokiej jako\u015bci szk\u0142a. Wypiaskowanie kufla do po\u0142owy jego wysoko\u015bci, sprawia wra\u017cenie jak by by\u0142 on zmro\u017cony. Znakomicie sprawdzi si\u0119, jako \u015bwietna pami\u0105tka znad morza. Idealny na prezent dla lubuj\u0105cych si\u0119 w piwie lub os\u00f3b, kt\u00f3re ceni\u0105 sobie pami\u0105tki ze smakiem. Ozdobi ka\u017cde wn\u0119trze i zachwyci go\u015bci. Idealna pami\u0105tka z Dar\u0142\u00f3wka.<\/p>\n<p>&nbsp;<\/p>\n","protected":false},"excerpt":{"rendered":"<p><img loading=\"lazy\" class=\"alignnone size-full wp-image-5364\" src=\"http:\/\/violmax.pl\/wp-content\/uploads\/2020\/10\/VIOLMAX_POLSKA-3.jpg\" alt=\"\" width=\"300\" height=\"28\" \/><\/p>\n<p>&nbsp;<\/p>\n<p>Kufel &#8211; dzbanek do napoj\u00f3w alkoholowych \u201eLemon\u201d o pojemno\u015bci 0,5 litra. Ozdobiony jest metalowym odlewem z motywem kutra rybackiego i w oddali dy\u017curk\u0105 kapita\u0144sk\u0105. Produkt z wysokiej jako\u015bci szk\u0142a. Wypiaskowanie kufla do po\u0142owy jego wysoko\u015bci, sprawia wra\u017cenie jak by by\u0142 on zmro\u017cony. Znakomicie sprawdzi si\u0119, jako \u015bwietna pami\u0105tka znad morza. Idealny na prezent dla lubuj\u0105cych si\u0119 w piwie lub os\u00f3b, kt\u00f3re ceni\u0105 sobie pami\u0105tki ze smakiem. Ozdobi ka\u017cde wn\u0119trze i zachwyci go\u015bci. Idealna pami\u0105tka z Dar\u0142\u00f3wka.<\/p>\n<p><strong><em>Minimalna ilo\u015b\u0107 zam\u00f3wienia &#8211; 6 sztuk (1 opakowanie)<\/em><br \/>\n<\/strong><\/p>\n<p><strong><em>Towar sprzedawany na opakowania<\/em><\/strong><\/p>\n<h3><span style=\"color: #ff0000;\">PRZY DODAWANIU DO KOSZYKA, NALE\u017bY DODAWA\u0106 KROTNO\u015a\u0106\u00a0 6 SZT &#8211; 1 OPAKOWANIE<\/span><\/h3>\n<h3><strong>CENA ZA SZTUK\u0118.<\/strong><\/h3>\n","protected":false},"featured_media":7624,"comment_status":"open","ping_status":"closed","template":"","meta":[],"_links":{"self":[{"href":"https:\/\/violmax.pl\/index.php\/wp-json\/wp\/v2\/product\/7634"}],"collection":[{"href":"https:\/\/violmax.pl\/index.php\/wp-json\/wp\/v2\/product"}],"about":[{"href":"https:\/\/violmax.pl\/index.php\/wp-json\/wp\/v2\/types\/product"}],"replies":[{"embeddable":true,"href":"https:\/\/violmax.pl\/index.php\/wp-json\/wp\/v2\/comments?post=7634"}],"wp:featuredmedia":[{"embeddable":true,"href":"https:\/\/violmax.pl\/index.php\/wp-json\/wp\/v2\/media\/7624"}],"wp:attachment":[{"href":"https:\/\/violmax.pl\/index.php\/wp-json\/wp\/v2\/media?parent=7634"}],"curies":[{"name":"wp","href":"https:\/\/api.w.org\/{rel}","templated":true}]}}