{"id":7632,"date":"2021-04-16T17:38:12","date_gmt":"2021-04-16T15:38:12","guid":{"rendered":"http:\/\/violmax.pl\/?post_type=product&#038;p=7632"},"modified":"2025-12-02T13:19:55","modified_gmt":"2025-12-02T12:19:55","slug":"darlowko-szklanka-do-piwa-krosno-500-ml-szron-kotwica-czerwona","status":"publish","type":"product","link":"https:\/\/violmax.pl\/index.php\/produkt\/darlowko-szklanka-do-piwa-krosno-500-ml-szron-kotwica-czerwona\/","title":{"rendered":"DAR\u0141\u00d3WKO, SZKLANKA DO PIWA &#8220;KROSNO&#8221; 0,5 LITRA, SZRON + KOTWICA CZERWONA"},"content":{"rendered":"<p><img loading=\"lazy\" class=\"alignnone size-medium wp-image-7625\" src=\"http:\/\/violmax.pl\/wp-content\/uploads\/2021\/04\/darlowko_szklankal_do_piwa_krosno_500_ml_szron_kotwica_czerwona-300x300.png\" alt=\"\" width=\"300\" height=\"300\" srcset=\"https:\/\/violmax.pl\/wp-content\/uploads\/2021\/04\/darlowko_szklankal_do_piwa_krosno_500_ml_szron_kotwica_czerwona-300x300.png 300w, https:\/\/violmax.pl\/wp-content\/uploads\/2021\/04\/darlowko_szklankal_do_piwa_krosno_500_ml_szron_kotwica_czerwona-150x150.png 150w, https:\/\/violmax.pl\/wp-content\/uploads\/2021\/04\/darlowko_szklankal_do_piwa_krosno_500_ml_szron_kotwica_czerwona-768x768.png 768w, https:\/\/violmax.pl\/wp-content\/uploads\/2021\/04\/darlowko_szklankal_do_piwa_krosno_500_ml_szron_kotwica_czerwona-680x680.png 680w, https:\/\/violmax.pl\/wp-content\/uploads\/2021\/04\/darlowko_szklankal_do_piwa_krosno_500_ml_szron_kotwica_czerwona-100x100.png 100w, https:\/\/violmax.pl\/wp-content\/uploads\/2021\/04\/darlowko_szklankal_do_piwa_krosno_500_ml_szron_kotwica_czerwona.png 900w\" sizes=\"(max-width: 300px) 100vw, 300px\" \/><\/p>\n<p>&nbsp;<\/p>\n<p>Szklanka do piwa o litra\u017cu 0,5 litra. Do po\u0142owy w szronie, ozdobiony metalowym odlewem kotwicy w kolorze czerwonym oraz szarf\u0105 z nazw\u0105 miejscowo\u015bci Dar\u0142\u00f3wko . Wypiaskowanie szklanki do po\u0142owy jej wysoko\u015bci sprawia wra\u017cenie, jak by by\u0142a zmro\u017cona. Przepi\u0119kna i dostojna pami\u0105tka z robi\u0105cymi wra\u017cenie zdobieniami.Idealna pami\u0105tka z Dar\u0142\u00f3wka.<\/p>\n","protected":false},"excerpt":{"rendered":"<div class=\"woocommerce-product-details__short-description\">\n<p><img loading=\"lazy\" class=\"alignnone size-full wp-image-5364\" src=\"http:\/\/violmax.pl\/wp-content\/uploads\/2020\/10\/VIOLMAX_POLSKA-3.jpg\" alt=\"\" width=\"300\" height=\"28\" \/><\/p>\n<p>&nbsp;<\/p>\n<p>Szklanka do piwa o litra\u017cu 0,5 litra. Do po\u0142owy w szronie, ozdobiony metalowym odlewem kotwicy w kolorze czerwonym oraz szarf\u0105 z nazw\u0105 miejscowo\u015bci Dar\u0142\u00f3wko . Wypiaskowanie szklanki do po\u0142owy jej wysoko\u015bci sprawia wra\u017cenie, jak by by\u0142a zmro\u017cona. Przepi\u0119kna i dostojna pami\u0105tka z robi\u0105cymi wra\u017cenie zdobieniami.Idealna pami\u0105tka z Dar\u0142\u00f3wka.<\/p>\n<p><strong><em>Minimalna ilo\u015b\u0107 zam\u00f3wienia \u2013 6 sztuk (1 opakowanie)<\/em><br \/>\n<\/strong><\/p>\n<p><strong><em>Towar sprzedawany na opakowania<\/em><\/strong><\/p>\n<h3><span style=\"color: #ff0000;\">PRZY DODAWANIU DO KOSZYKA, NALE\u017bY DODAWA\u0106 KROTNO\u015a\u0106\u00a0 LICZBY 6 &#8211; (1 opak)\u00a0 np: 6 ; 12 ; 18 itd<\/span><\/h3>\n<h3><strong>CENA ZA SZTUK\u0118.<\/strong><\/h3>\n<\/div>\n","protected":false},"featured_media":7625,"comment_status":"open","ping_status":"closed","template":"","meta":[],"_links":{"self":[{"href":"https:\/\/violmax.pl\/index.php\/wp-json\/wp\/v2\/product\/7632"}],"collection":[{"href":"https:\/\/violmax.pl\/index.php\/wp-json\/wp\/v2\/product"}],"about":[{"href":"https:\/\/violmax.pl\/index.php\/wp-json\/wp\/v2\/types\/product"}],"replies":[{"embeddable":true,"href":"https:\/\/violmax.pl\/index.php\/wp-json\/wp\/v2\/comments?post=7632"}],"wp:featuredmedia":[{"embeddable":true,"href":"https:\/\/violmax.pl\/index.php\/wp-json\/wp\/v2\/media\/7625"}],"wp:attachment":[{"href":"https:\/\/violmax.pl\/index.php\/wp-json\/wp\/v2\/media?parent=7632"}],"curies":[{"name":"wp","href":"https:\/\/api.w.org\/{rel}","templated":true}]}}