{"id":7564,"date":"2021-04-03T20:48:33","date_gmt":"2021-04-03T18:48:33","guid":{"rendered":"http:\/\/violmax.pl\/?post_type=product&#038;p=7564"},"modified":"2025-12-02T13:20:00","modified_gmt":"2025-12-02T12:20:00","slug":"debki-kufel-do-piwa-chmiel-500-ml-dragon","status":"publish","type":"product","link":"https:\/\/violmax.pl\/index.php\/produkt\/debki-kufel-do-piwa-chmiel-500-ml-dragon\/","title":{"rendered":"D\u0118BKI, KUFEL DO PIWA &#8220;CHMIEL&#8221; 0,5 LITRA, \u017bAGLOWIEC &#8220;DRAGON&#8221; ODLEW KOLOR"},"content":{"rendered":"<p><img loading=\"lazy\" class=\"alignnone size-medium wp-image-9269\" src=\"http:\/\/violmax.pl\/wp-content\/uploads\/2022\/06\/Debki_kufel_do_piwa_chmiel_500_ml_dragon-300x240.png\" alt=\"\" width=\"300\" height=\"240\" srcset=\"https:\/\/violmax.pl\/wp-content\/uploads\/2022\/06\/Debki_kufel_do_piwa_chmiel_500_ml_dragon-300x240.png 300w, https:\/\/violmax.pl\/wp-content\/uploads\/2022\/06\/Debki_kufel_do_piwa_chmiel_500_ml_dragon-768x614.png 768w, https:\/\/violmax.pl\/wp-content\/uploads\/2022\/06\/Debki_kufel_do_piwa_chmiel_500_ml_dragon-320x256.png 320w, https:\/\/violmax.pl\/wp-content\/uploads\/2022\/06\/Debki_kufel_do_piwa_chmiel_500_ml_dragon-680x544.png 680w, https:\/\/violmax.pl\/wp-content\/uploads\/2022\/06\/Debki_kufel_do_piwa_chmiel_500_ml_dragon.png 900w\" sizes=\"(max-width: 300px) 100vw, 300px\" \/><\/p>\n<p>&nbsp;<\/p>\n<p>Kufel do piwa \u201dChmiel\u201d o litra\u017cu 0,5 litra. Na kuflu s\u0105 wy\u017c\u0142obione pod\u0142u\u017cne wg\u0142\u0119bienia.Kufel jest odlany z wysokiej jako\u015bci szk\u0142a. Na \u015brodku umieszczona jest metalowy odlew\u00a0 \u017caglowca w kolorze -&#8220;Dragon&#8221;.\u00a0 Na pami\u0105tce zosta\u0142a umieszczona tak\u017ce szarfa z metalu, z nazw\u0105 miejscowo\u015bci &#8221;D\u0119bki&#8221;. Bardzo wygodny, elegancki kufel do piwa, kt\u00f3ry dzi\u0119ki takiemu okaza\u0142emu zdobieniu nabra\u0142 jeszcze wi\u0119kszej oryginalno\u015bci. Idealna pami\u0105tka z D\u0119bek.<\/p>\n<p>&nbsp;<\/p>\n<p>&nbsp;<\/p>\n<p>&nbsp;<\/p>\n<p>&nbsp;<\/p>\n","protected":false},"excerpt":{"rendered":"<p><img loading=\"lazy\" class=\"alignnone size-medium wp-image-3575\" src=\"http:\/\/violmax.pl\/wp-content\/uploads\/2020\/05\/VIOLMAX_POLSKA-1-300x28.jpg\" alt=\"\" width=\"300\" height=\"28\" \/><\/p>\n<p>&nbsp;<\/p>\n<p>Kufel do piwa \u201dChmiel\u201d o litra\u017cu 0,5 litra. Na kuflu s\u0105 wy\u017c\u0142obione pod\u0142u\u017cne wg\u0142\u0119bienia.Kufel jest odlany z wysokiej jako\u015bci szk\u0142a. Na \u015brodku umieszczona jest metalowy odlew\u00a0 \u017caglowca w kolorze -&#8220;Dragon&#8221;.\u00a0 Na pami\u0105tce zosta\u0142a umieszczona tak\u017ce szarfa z metalu, z nazw\u0105 miejscowo\u015bci &#8221;D\u0119bki&#8221;. Bardzo wygodny, elegancki kufel do piwa, kt\u00f3ry dzi\u0119ki takiemu okaza\u0142emu zdobieniu nabra\u0142 jeszcze wi\u0119kszej oryginalno\u015bci. Idealna pami\u0105tka z D\u0119bek.<\/p>\n<p><strong><em>Minimalna ilo\u015b\u0107 zam\u00f3wienia &#8211; 6 sztuk (1 opakowanie)<\/em><br \/>\n<\/strong><\/p>\n<p><strong><em>Towar sprzedawany na opakowania<\/em><\/strong><\/p>\n<h3><span style=\"color: #ff0000;\">PRZY DODAWANIU DO KOSZYKA, NALE\u017bY DODAWA\u0106 KROTNO\u015a\u0106\u00a0 6 SZT &#8211; 1 OPAKOWANIE<\/span><\/h3>\n<h3><strong>CENA ZA SZTUK\u0118.<\/strong><\/h3>\n","protected":false},"featured_media":9269,"comment_status":"open","ping_status":"closed","template":"","meta":[],"_links":{"self":[{"href":"https:\/\/violmax.pl\/index.php\/wp-json\/wp\/v2\/product\/7564"}],"collection":[{"href":"https:\/\/violmax.pl\/index.php\/wp-json\/wp\/v2\/product"}],"about":[{"href":"https:\/\/violmax.pl\/index.php\/wp-json\/wp\/v2\/types\/product"}],"replies":[{"embeddable":true,"href":"https:\/\/violmax.pl\/index.php\/wp-json\/wp\/v2\/comments?post=7564"}],"wp:featuredmedia":[{"embeddable":true,"href":"https:\/\/violmax.pl\/index.php\/wp-json\/wp\/v2\/media\/9269"}],"wp:attachment":[{"href":"https:\/\/violmax.pl\/index.php\/wp-json\/wp\/v2\/media?parent=7564"}],"curies":[{"name":"wp","href":"https:\/\/api.w.org\/{rel}","templated":true}]}}