{"id":7549,"date":"2021-04-01T22:51:04","date_gmt":"2021-04-01T20:51:04","guid":{"rendered":"http:\/\/violmax.pl\/?post_type=product&#038;p=7549"},"modified":"2025-12-02T13:20:00","modified_gmt":"2025-12-02T12:20:00","slug":"krakow-kieliszek-do-wodki-40-ml-dzwon-zygmunta-szron","status":"publish","type":"product","link":"https:\/\/violmax.pl\/index.php\/produkt\/krakow-kieliszek-do-wodki-40-ml-dzwon-zygmunta-szron\/","title":{"rendered":"KRAK\u00d3W, KIELISZEK DO W\u00d3DKI 40 ML, SZRON DZWON ZYGMUNTA"},"content":{"rendered":"<p><img loading=\"lazy\" class=\"alignnone size-medium wp-image-6421\" src=\"http:\/\/violmax.pl\/wp-content\/uploads\/2020\/12\/krakow_kieliszek_do_wodki_40_ml_dzwon_zygmunta_szron-300x240.png\" alt=\"\" width=\"300\" height=\"240\" srcset=\"https:\/\/violmax.pl\/wp-content\/uploads\/2020\/12\/krakow_kieliszek_do_wodki_40_ml_dzwon_zygmunta_szron-300x240.png 300w, https:\/\/violmax.pl\/wp-content\/uploads\/2020\/12\/krakow_kieliszek_do_wodki_40_ml_dzwon_zygmunta_szron-768x614.png 768w, https:\/\/violmax.pl\/wp-content\/uploads\/2020\/12\/krakow_kieliszek_do_wodki_40_ml_dzwon_zygmunta_szron-320x256.png 320w, https:\/\/violmax.pl\/wp-content\/uploads\/2020\/12\/krakow_kieliszek_do_wodki_40_ml_dzwon_zygmunta_szron-680x544.png 680w, https:\/\/violmax.pl\/wp-content\/uploads\/2020\/12\/krakow_kieliszek_do_wodki_40_ml_dzwon_zygmunta_szron.png 900w\" sizes=\"(max-width: 300px) 100vw, 300px\" \/><\/p>\n<p>Kieliszek do w\u00f3dki o pojemno\u015bci 40 ml. Ca\u0142y kieliszek zosta\u0142 wypiaskowany.Widzimy na nim DZWON ZYGMUNTA, oraz wypiaskowan\u0105 nazw\u0119 miasta &#8221;KRAK\u00d3W&#8221;. Po\u0142\u0105czenie praktycznej rzeczy z oryginaln\u0105 pami\u0105tk\u0105 i ozdob\u0105 np w kuchennej szafce czy eleganckim barku, w salonie.Idealna pami\u0105tka z Krakowa. Nadaje si\u0119 do mycia w zmywarce.<\/p>\n<p>&nbsp;<\/p>\n","protected":false},"excerpt":{"rendered":"<p><img loading=\"lazy\" class=\"alignnone size-medium wp-image-4074\" src=\"http:\/\/violmax.pl\/wp-content\/uploads\/2020\/05\/VIOLMAX_POLSKA-11-300x28.jpg\" alt=\"\" width=\"300\" height=\"28\" \/><\/p>\n<p>&nbsp;<\/p>\n<p>Kieliszek do w\u00f3dki o pojemno\u015bci 40 ml. Ca\u0142y kieliszek zosta\u0142 wypiaskowany.Widzimy na nim DZWON ZYGMUNTA, oraz wypiaskowan\u0105 nazw\u0119 miasta &#8221;KRAK\u00d3W&#8221;. Po\u0142\u0105czenie praktycznej rzeczy z oryginaln\u0105 pami\u0105tk\u0105 i ozdob\u0105 np w kuchennej szafce czy eleganckim barku, w salonie.Idealna pami\u0105tka z Krakowa. Nadaje si\u0119 do mycia w zmywarce.<\/p>\n<p><strong><em>Minimalna ilo\u015b\u0107 zam\u00f3wienia &#8211; 6 sztuk (1 opakowanie)<\/em><br \/>\n<\/strong><\/p>\n<p><strong><em>Towar sprzedawany na opakowania<\/em><\/strong><\/p>\n<h3><span style=\"color: #ff0000;\">PRZY DODAWANIU DO KOSZYKA, NALE\u017bY DODAWA\u0106 KROTNO\u015a\u0106\u00a0 LICZBY 6 &#8211; (1 opak)\u00a0 np: 6 ; 12 ; 18 itd<\/span><\/h3>\n<h3><strong>CENA ZA SZTUK\u0118.<\/strong><\/h3>\n<h2><strong>\u00a0<\/strong><\/h2>\n<h2><strong>\u00a0<\/strong><\/h2>\n","protected":false},"featured_media":6421,"comment_status":"open","ping_status":"closed","template":"","meta":[],"_links":{"self":[{"href":"https:\/\/violmax.pl\/index.php\/wp-json\/wp\/v2\/product\/7549"}],"collection":[{"href":"https:\/\/violmax.pl\/index.php\/wp-json\/wp\/v2\/product"}],"about":[{"href":"https:\/\/violmax.pl\/index.php\/wp-json\/wp\/v2\/types\/product"}],"replies":[{"embeddable":true,"href":"https:\/\/violmax.pl\/index.php\/wp-json\/wp\/v2\/comments?post=7549"}],"wp:featuredmedia":[{"embeddable":true,"href":"https:\/\/violmax.pl\/index.php\/wp-json\/wp\/v2\/media\/6421"}],"wp:attachment":[{"href":"https:\/\/violmax.pl\/index.php\/wp-json\/wp\/v2\/media?parent=7549"}],"curies":[{"name":"wp","href":"https:\/\/api.w.org\/{rel}","templated":true}]}}