{"id":7509,"date":"2021-03-17T15:25:45","date_gmt":"2021-03-17T14:25:45","guid":{"rendered":"http:\/\/violmax.pl\/?post_type=product&#038;p=7509"},"modified":"2025-12-02T13:20:02","modified_gmt":"2025-12-02T12:20:02","slug":"kolobrzeg-kufel-do-piwa-miodzio-500-ml-zaglowiec-1","status":"publish","type":"product","link":"https:\/\/violmax.pl\/index.php\/produkt\/kolobrzeg-kufel-do-piwa-miodzio-500-ml-zaglowiec-1\/","title":{"rendered":"KO\u0141OBRZEG, KUFEL DO PIWA &#8220;MIODZIO 2&#8221; 0,5 LITRA, \u017bAGLOWIEC 1"},"content":{"rendered":"<p><img loading=\"lazy\" class=\"alignnone size-medium wp-image-7469\" src=\"http:\/\/violmax.pl\/wp-content\/uploads\/2021\/03\/Kolobrzeg_kufel_do_piwa_miodzio_500_ml_zaglowiec_1-300x300.png\" alt=\"\" width=\"300\" height=\"300\" srcset=\"https:\/\/violmax.pl\/wp-content\/uploads\/2021\/03\/Kolobrzeg_kufel_do_piwa_miodzio_500_ml_zaglowiec_1-300x300.png 300w, https:\/\/violmax.pl\/wp-content\/uploads\/2021\/03\/Kolobrzeg_kufel_do_piwa_miodzio_500_ml_zaglowiec_1-150x150.png 150w, https:\/\/violmax.pl\/wp-content\/uploads\/2021\/03\/Kolobrzeg_kufel_do_piwa_miodzio_500_ml_zaglowiec_1-768x768.png 768w, https:\/\/violmax.pl\/wp-content\/uploads\/2021\/03\/Kolobrzeg_kufel_do_piwa_miodzio_500_ml_zaglowiec_1-680x680.png 680w, https:\/\/violmax.pl\/wp-content\/uploads\/2021\/03\/Kolobrzeg_kufel_do_piwa_miodzio_500_ml_zaglowiec_1-100x100.png 100w, https:\/\/violmax.pl\/wp-content\/uploads\/2021\/03\/Kolobrzeg_kufel_do_piwa_miodzio_500_ml_zaglowiec_1.png 900w\" sizes=\"(max-width: 300px) 100vw, 300px\" \/><\/p>\n<p>&nbsp;<\/p>\n<p>Kufel do piwa \u201dMiodzio\u201d o litra\u017cu 0,5 litra. Na kuflu s\u0105 wy\u017c\u0142obione charakterystyczne dla \u201dmiodzia\u201d p\u0142aty w szkle. Na \u015brodku umieszczony zosta\u0142 odlew metalowy z motywem \u017caglowca. Na pami\u0105tce zosta\u0142a umieszczona tak\u017ce szarfa z metalu, z nazw\u0105 miejscowo\u015bci &#8221;Ko\u0142obrzeg&#8221;. Bardzo wygodny, klasyczny kufel do piwa, kt\u00f3ry dzi\u0119ki takiemu okaza\u0142emu zdobieniu nabra\u0142 oryginalno\u015bci. Idealna pami\u0105tka z Ko\u0142obrzegu.<\/p>\n","protected":false},"excerpt":{"rendered":"<p><img loading=\"lazy\" class=\"alignnone size-full wp-image-5364\" src=\"http:\/\/violmax.pl\/wp-content\/uploads\/2020\/10\/VIOLMAX_POLSKA-3.jpg\" alt=\"\" width=\"300\" height=\"28\" \/><\/p>\n<p>&nbsp;<\/p>\n<p>Kufel do piwa \u201dMiodzio\u201d o litra\u017cu 0,5 litra. Na kuflu s\u0105 wy\u017c\u0142obione charakterystyczne dla \u201dmiodzia\u201d p\u0142aty w szkle. Na \u015brodku umieszczony zosta\u0142 odlew metalowy z motywem \u017caglowca. Na pami\u0105tce zosta\u0142a umieszczona tak\u017ce szarfa z metalu, z nazw\u0105 miejscowo\u015bci &#8221;Ko\u0142obrzeg&#8221;. Bardzo wygodny, klasyczny kufel do piwa, kt\u00f3ry dzi\u0119ki takiemu okaza\u0142emu zdobieniu nabra\u0142 oryginalno\u015bci. Idealna pami\u0105tka z Ko\u0142obrzegu.<\/p>\n<p><strong><em>Minimalna ilo\u015b\u0107 zam\u00f3wienia &#8211; 6 sztuk (1 opakowanie)<\/em><\/strong><\/p>\n<p><strong><em>Towar sprzedawany na opakowania<\/em><\/strong><\/p>\n<h3><span style=\"color: #ff0000;\">PRZY DODAWANIU DO KOSZYKA, NALE\u017bY DODAWA\u0106 KROTNO\u015a\u0106\u00a0 6 SZT &#8211; 1 OPAKOWANIE<\/span><\/h3>\n<h3><strong>CENA ZA SZTUK\u0118.<\/strong><\/h3>\n","protected":false},"featured_media":7469,"comment_status":"open","ping_status":"closed","template":"","meta":[],"_links":{"self":[{"href":"https:\/\/violmax.pl\/index.php\/wp-json\/wp\/v2\/product\/7509"}],"collection":[{"href":"https:\/\/violmax.pl\/index.php\/wp-json\/wp\/v2\/product"}],"about":[{"href":"https:\/\/violmax.pl\/index.php\/wp-json\/wp\/v2\/types\/product"}],"replies":[{"embeddable":true,"href":"https:\/\/violmax.pl\/index.php\/wp-json\/wp\/v2\/comments?post=7509"}],"wp:featuredmedia":[{"embeddable":true,"href":"https:\/\/violmax.pl\/index.php\/wp-json\/wp\/v2\/media\/7469"}],"wp:attachment":[{"href":"https:\/\/violmax.pl\/index.php\/wp-json\/wp\/v2\/media?parent=7509"}],"curies":[{"name":"wp","href":"https:\/\/api.w.org\/{rel}","templated":true}]}}