{"id":7503,"date":"2021-03-17T15:07:45","date_gmt":"2021-03-17T14:07:45","guid":{"rendered":"http:\/\/violmax.pl\/?post_type=product&#038;p=7503"},"modified":"2025-12-02T13:20:02","modified_gmt":"2025-12-02T12:20:02","slug":"kolobrzeg-szklanka-do-piwa-stopka-500-ml-szron-latarnia-morska-kolor","status":"publish","type":"product","link":"https:\/\/violmax.pl\/index.php\/produkt\/kolobrzeg-szklanka-do-piwa-stopka-500-ml-szron-latarnia-morska-kolor\/","title":{"rendered":"KO\u0141OBRZEG, SZKLANKA DO PIWA &#8220;MA\u0141GOSIA&#8221; 500 ML, SZRON + LATARNIA MORSKA W KO\u0141OBRZEGU"},"content":{"rendered":"<p><img loading=\"lazy\" class=\"alignnone size-medium wp-image-7474\" src=\"http:\/\/violmax.pl\/wp-content\/uploads\/2021\/03\/Kolobrzeg_szklanka_do_piwa_stopka_500_ml_szron_latarnia_morska-240x300.png\" alt=\"\" width=\"240\" height=\"300\" srcset=\"https:\/\/violmax.pl\/wp-content\/uploads\/2021\/03\/Kolobrzeg_szklanka_do_piwa_stopka_500_ml_szron_latarnia_morska-240x300.png 240w, https:\/\/violmax.pl\/wp-content\/uploads\/2021\/03\/Kolobrzeg_szklanka_do_piwa_stopka_500_ml_szron_latarnia_morska-680x850.png 680w, https:\/\/violmax.pl\/wp-content\/uploads\/2021\/03\/Kolobrzeg_szklanka_do_piwa_stopka_500_ml_szron_latarnia_morska.png 720w\" sizes=\"(max-width: 240px) 100vw, 240px\" \/><\/p>\n<p>&nbsp;<\/p>\n<p>Szklanka do piwa &#8220;MA\u0141GOSIA&#8221; na stopce o litra\u017cu 0,5 l. Elegancka pami\u0105tka z motywem latarni morskiej w Ko\u0142obrzegu, odlanej z metalu w kolorze. Szklanka jest wypiaskowana do po\u0142owy, co sprawia wra\u017cenie jak by by\u0142a zmro\u017cona. Bardzo praktyczna pami\u0105tka z Ko\u0142obrzegu, upi\u0119kszy ka\u017cdy barek w domu. Kszta\u0142t szklanki sprawia \u017ce wygodnie trzyma si\u0119 j\u0105 w d\u0142oni .<\/p>\n","protected":false},"excerpt":{"rendered":"<p><img loading=\"lazy\" class=\"alignnone size-full wp-image-5364\" src=\"http:\/\/violmax.pl\/wp-content\/uploads\/2020\/10\/VIOLMAX_POLSKA-3.jpg\" alt=\"\" width=\"300\" height=\"28\" \/><\/p>\n<p>&nbsp;<\/p>\n<p>Szklanka do piwa &#8220;MA\u0141GOSIA&#8221;na stopce o litra\u017cu 0,5 l. Elegancka pami\u0105tka z motywem latarni morskiej w Ko\u0142obrzegu, odlanej z metalu w kolorze. Szklanka jest wypiaskowana do po\u0142owy, co sprawia wra\u017cenie jak by by\u0142a zmro\u017cona. Bardzo praktyczna pami\u0105tka z Ko\u0142obrzegu, upi\u0119kszy ka\u017cdy barek w domu. Kszta\u0142t szklanki sprawia \u017ce wygodnie trzyma si\u0119 j\u0105 w d\u0142oni .<\/p>\n<p><strong><em>Minimalna ilo\u015b\u0107 zam\u00f3wienia &#8211; 6 sztuk (1 opakowanie)<\/em><br \/>\n<\/strong><\/p>\n<p><strong><em>Towar sprzedawany na opakowania<\/em><\/strong><\/p>\n<h3><span style=\"color: #ff0000;\">PRZY DODAWANIU DO KOSZYKA, NALE\u017bY DODAWA\u0106 KROTNO\u015a\u0106\u00a0 LICZBY 6 &#8211; (1 opak)\u00a0 np: 6 ; 12 ; 18 itd<\/span><\/h3>\n<h3><strong>CENA ZA SZTUK\u0118.<\/strong><\/h3>\n<h2><strong>\u00a0<\/strong><\/h2>\n","protected":false},"featured_media":7474,"comment_status":"open","ping_status":"closed","template":"","meta":[],"_links":{"self":[{"href":"https:\/\/violmax.pl\/index.php\/wp-json\/wp\/v2\/product\/7503"}],"collection":[{"href":"https:\/\/violmax.pl\/index.php\/wp-json\/wp\/v2\/product"}],"about":[{"href":"https:\/\/violmax.pl\/index.php\/wp-json\/wp\/v2\/types\/product"}],"replies":[{"embeddable":true,"href":"https:\/\/violmax.pl\/index.php\/wp-json\/wp\/v2\/comments?post=7503"}],"wp:featuredmedia":[{"embeddable":true,"href":"https:\/\/violmax.pl\/index.php\/wp-json\/wp\/v2\/media\/7474"}],"wp:attachment":[{"href":"https:\/\/violmax.pl\/index.php\/wp-json\/wp\/v2\/media?parent=7503"}],"curies":[{"name":"wp","href":"https:\/\/api.w.org\/{rel}","templated":true}]}}