{"id":7491,"date":"2021-03-17T14:41:32","date_gmt":"2021-03-17T13:41:32","guid":{"rendered":"http:\/\/violmax.pl\/?post_type=product&#038;p=7491"},"modified":"2025-12-02T13:20:04","modified_gmt":"2025-12-02T12:20:04","slug":"kolobrzeg-kufel-do-piwa-bremen-670-ml-dar-pomorza","status":"publish","type":"product","link":"https:\/\/violmax.pl\/index.php\/produkt\/kolobrzeg-kufel-do-piwa-bremen-670-ml-dar-pomorza\/","title":{"rendered":"KO\u0141OBRZEG, KUFEL DO PIWA &#8220;BREMEN&#8221; 0,67 LITRA, \u017bAGLOWIEC &#8220;DAR POMORZA&#8221; ODLEW"},"content":{"rendered":"<p><img loading=\"lazy\" class=\"alignnone size-medium wp-image-7477\" src=\"http:\/\/violmax.pl\/wp-content\/uploads\/2021\/03\/Kolobrzeg_kufel_do_piwa_bremen_670_ml_dar_pomorza-300x300.png\" alt=\"\" width=\"300\" height=\"300\" srcset=\"https:\/\/violmax.pl\/wp-content\/uploads\/2021\/03\/Kolobrzeg_kufel_do_piwa_bremen_670_ml_dar_pomorza-300x300.png 300w, https:\/\/violmax.pl\/wp-content\/uploads\/2021\/03\/Kolobrzeg_kufel_do_piwa_bremen_670_ml_dar_pomorza-150x150.png 150w, https:\/\/violmax.pl\/wp-content\/uploads\/2021\/03\/Kolobrzeg_kufel_do_piwa_bremen_670_ml_dar_pomorza-768x768.png 768w, https:\/\/violmax.pl\/wp-content\/uploads\/2021\/03\/Kolobrzeg_kufel_do_piwa_bremen_670_ml_dar_pomorza-680x680.png 680w, https:\/\/violmax.pl\/wp-content\/uploads\/2021\/03\/Kolobrzeg_kufel_do_piwa_bremen_670_ml_dar_pomorza-100x100.png 100w, https:\/\/violmax.pl\/wp-content\/uploads\/2021\/03\/Kolobrzeg_kufel_do_piwa_bremen_670_ml_dar_pomorza.png 900w\" sizes=\"(max-width: 300px) 100vw, 300px\" \/><\/p>\n<p>Kufel do piwa \u201dBremen\u201d o litra\u017cu 0,67 litra. Kufel jest wykonany z wysokiej jako\u015bci szk\u0142a. Na \u015brodku umieszczony zosta\u0142 pi\u0119kny i okaza\u0142y odlew z metalu, z motywem \u017caglowca &#8220;Dar Pomorza&#8221;.\u00a0 Na pami\u0105tce zosta\u0142a umieszczona tak\u017ce szarfa z metalu, z nazw\u0105 miejscowo\u015bci &#8221;Ko\u0142obrzeg&#8221;. Bardzo wygodny, klasyczny kufel do piwa, kt\u00f3ry dzi\u0119ki takiemu okaza\u0142emu zdobieniu nabra\u0142 oryginalno\u015bci. Idealna pami\u0105tka z Ko\u0142obrzegu.<\/p>\n","protected":false},"excerpt":{"rendered":"<p><img loading=\"lazy\" class=\"alignnone size-full wp-image-5364\" src=\"http:\/\/violmax.pl\/wp-content\/uploads\/2020\/10\/VIOLMAX_POLSKA-3.jpg\" alt=\"\" width=\"300\" height=\"28\" \/><\/p>\n<p>&nbsp;<\/p>\n<p>Kufel do piwa \u201dBremen\u201d o litra\u017cu 0,67 litra. Kufel jest wykonany z wysokiej jako\u015bci szk\u0142a. Na \u015brodku umieszczony zosta\u0142 pi\u0119kny i okaza\u0142y odlew z metalu, z motywem \u017caglowca &#8220;Dar Pomorza&#8221;.\u00a0 Na pami\u0105tce zosta\u0142a umieszczona tak\u017ce szarfa z metalu, z nazw\u0105 miejscowo\u015bci &#8221;Ko\u0142obrzeg&#8221;. Bardzo wygodny, klasyczny kufel do piwa, kt\u00f3ry dzi\u0119ki takiemu okaza\u0142emu zdobieniu nabra\u0142 oryginalno\u015bci. Idealna pami\u0105tka z Ko\u0142obrzegu.<\/p>\n<p><strong><em>Minimalna ilo\u015b\u0107 zam\u00f3wienia &#8211; 6 sztuk (1 opakowanie)<\/em><br \/>\n<\/strong><\/p>\n<p><strong><em>Towar sprzedawany na opakowania<\/em><\/strong><\/p>\n<h3><span style=\"color: #ff0000;\">PRZY DODAWANIU DO KOSZYKA, NALE\u017bY DODAWA\u0106 KROTNO\u015a\u0106\u00a0 6 SZT &#8211; 1 OPAKOWANIE<\/span><\/h3>\n<h3><strong>CENA ZA SZTUK\u0118.<\/strong><\/h3>\n","protected":false},"featured_media":7477,"comment_status":"open","ping_status":"closed","template":"","meta":[],"_links":{"self":[{"href":"https:\/\/violmax.pl\/index.php\/wp-json\/wp\/v2\/product\/7491"}],"collection":[{"href":"https:\/\/violmax.pl\/index.php\/wp-json\/wp\/v2\/product"}],"about":[{"href":"https:\/\/violmax.pl\/index.php\/wp-json\/wp\/v2\/types\/product"}],"replies":[{"embeddable":true,"href":"https:\/\/violmax.pl\/index.php\/wp-json\/wp\/v2\/comments?post=7491"}],"wp:featuredmedia":[{"embeddable":true,"href":"https:\/\/violmax.pl\/index.php\/wp-json\/wp\/v2\/media\/7477"}],"wp:attachment":[{"href":"https:\/\/violmax.pl\/index.php\/wp-json\/wp\/v2\/media?parent=7491"}],"curies":[{"name":"wp","href":"https:\/\/api.w.org\/{rel}","templated":true}]}}