{"id":7386,"date":"2021-03-13T19:37:37","date_gmt":"2021-03-13T18:37:37","guid":{"rendered":"http:\/\/violmax.pl\/?post_type=product&#038;p=7386"},"modified":"2025-12-02T13:20:08","modified_gmt":"2025-12-02T12:20:08","slug":"niechorze-kufel-do-piwa-bremen-670-ml-szron-pogoria","status":"publish","type":"product","link":"https:\/\/violmax.pl\/index.php\/produkt\/niechorze-kufel-do-piwa-bremen-670-ml-szron-pogoria\/","title":{"rendered":"NIECHORZE, KUFEL DO PIWA &#8220;BREMEN&#8221; 0,67 LITRA SZRON + \u017bAGLOWIEC &#8220;POGORIA&#8221;"},"content":{"rendered":"<p><img loading=\"lazy\" class=\"alignnone size-medium wp-image-7377\" src=\"http:\/\/violmax.pl\/wp-content\/uploads\/2021\/03\/Niechorze_kufel_do_piwa_bremen_670_ml_szron_pogoria-300x300.png\" alt=\"\" width=\"300\" height=\"300\" srcset=\"https:\/\/violmax.pl\/wp-content\/uploads\/2021\/03\/Niechorze_kufel_do_piwa_bremen_670_ml_szron_pogoria-300x300.png 300w, https:\/\/violmax.pl\/wp-content\/uploads\/2021\/03\/Niechorze_kufel_do_piwa_bremen_670_ml_szron_pogoria-150x150.png 150w, https:\/\/violmax.pl\/wp-content\/uploads\/2021\/03\/Niechorze_kufel_do_piwa_bremen_670_ml_szron_pogoria-768x768.png 768w, https:\/\/violmax.pl\/wp-content\/uploads\/2021\/03\/Niechorze_kufel_do_piwa_bremen_670_ml_szron_pogoria-680x680.png 680w, https:\/\/violmax.pl\/wp-content\/uploads\/2021\/03\/Niechorze_kufel_do_piwa_bremen_670_ml_szron_pogoria-100x100.png 100w, https:\/\/violmax.pl\/wp-content\/uploads\/2021\/03\/Niechorze_kufel_do_piwa_bremen_670_ml_szron_pogoria.png 900w\" sizes=\"(max-width: 300px) 100vw, 300px\" \/><\/p>\n<p>Kufel do piwa \u201eBremen\u201d o litra\u017cu 0,67 . Ozdobiony jest metalowy odlewem w kolorze \u017caglowca &#8220;Pogoria&#8221;. Produkt z wysokiej jako\u015bci szk\u0142a. Wypiaskowany jest do po\u0142owy jego wysoko\u015bci, co sprawia wra\u017cenie jak by by\u0142 zmro\u017cony. Znakomicie sprawdzi si\u0119 jako kufel do codziennego u\u017cytku lub jako \u015bwietna pami\u0105tka znad morza. Idealny na prezent dla lubuj\u0105cych si\u0119 w piwie lub os\u00f3b, kt\u00f3re ceni\u0105 sobie pami\u0105tki ze smakiem. Ozdobi ka\u017cde wn\u0119trze i zachwyci go\u015bci. Idealna pami\u0105tka z Niechorza.<\/p>\n","protected":false},"excerpt":{"rendered":"<div class=\"woocommerce-product-details__short-description\">\n<div class=\"woocommerce-product-details__short-description\">\n<p><img loading=\"lazy\" class=\"alignnone size-full wp-image-5364\" src=\"http:\/\/violmax.pl\/wp-content\/uploads\/2020\/10\/VIOLMAX_POLSKA-3.jpg\" alt=\"\" width=\"300\" height=\"28\" \/><\/p>\n<p>Kufel do piwa \u201eBremen\u201d o litra\u017cu 0,67 . Ozdobiony jest metalowy odlewem w kolorze \u017caglowca &#8220;Pogoria&#8221;. Produkt z wysokiej jako\u015bci szk\u0142a. Wypiaskowany jest do po\u0142owy jego wysoko\u015bci, co sprawia wra\u017cenie jak by by\u0142 zmro\u017cony. Znakomicie sprawdzi si\u0119 jako kufel do codziennego u\u017cytku lub jako \u015bwietna pami\u0105tka znad morza. Idealny na prezent dla lubuj\u0105cych si\u0119 w piwie lub os\u00f3b, kt\u00f3re ceni\u0105 sobie pami\u0105tki ze smakiem. Ozdobi ka\u017cde wn\u0119trze i zachwyci go\u015bci. Idealna pami\u0105tka z Niechorza.<\/p>\n<p><strong><em>Minimalna ilo\u015b\u0107 zam\u00f3wienia \u2013 6 sztuk (1 opakowanie)<\/em><br \/>\n<\/strong><\/p>\n<p><strong><em>Towar sprzedawany na opakowania<\/em><\/strong><\/p>\n<h3><span style=\"color: #ff0000;\">PRZY DODAWANIU DO KOSZYKA, NALE\u017bY DODAWA\u0106 KROTNO\u015a\u0106\u00a0 6 SZT &#8211; 1 OPAKOWANIE<\/span><\/h3>\n<h3><strong>CENA ZA SZTUK\u0118.<\/strong><\/h3>\n<\/div>\n<\/div>\n","protected":false},"featured_media":7377,"comment_status":"open","ping_status":"closed","template":"","meta":[],"_links":{"self":[{"href":"https:\/\/violmax.pl\/index.php\/wp-json\/wp\/v2\/product\/7386"}],"collection":[{"href":"https:\/\/violmax.pl\/index.php\/wp-json\/wp\/v2\/product"}],"about":[{"href":"https:\/\/violmax.pl\/index.php\/wp-json\/wp\/v2\/types\/product"}],"replies":[{"embeddable":true,"href":"https:\/\/violmax.pl\/index.php\/wp-json\/wp\/v2\/comments?post=7386"}],"wp:featuredmedia":[{"embeddable":true,"href":"https:\/\/violmax.pl\/index.php\/wp-json\/wp\/v2\/media\/7377"}],"wp:attachment":[{"href":"https:\/\/violmax.pl\/index.php\/wp-json\/wp\/v2\/media?parent=7386"}],"curies":[{"name":"wp","href":"https:\/\/api.w.org\/{rel}","templated":true}]}}