{"id":7253,"date":"2021-03-05T21:19:39","date_gmt":"2021-03-05T20:19:39","guid":{"rendered":"http:\/\/violmax.pl\/?post_type=product&#038;p=7253"},"modified":"2025-12-02T13:20:14","modified_gmt":"2025-12-02T12:20:14","slug":"wisla-kieliszek-do-koniaku-lav-390-ml-centrum-szron","status":"publish","type":"product","link":"https:\/\/violmax.pl\/index.php\/produkt\/wisla-kieliszek-do-koniaku-lav-390-ml-centrum-szron\/","title":{"rendered":"WIS\u0141A, KIELISZEK DO KONIAKU &#8220;LAV  390&#8221; ml, CENTRUM MIASTA SZRON"},"content":{"rendered":"<p>&nbsp;<\/p>\n<p><img loading=\"lazy\" class=\"alignnone size-medium wp-image-7210\" src=\"http:\/\/violmax.pl\/wp-content\/uploads\/2021\/03\/Wisla_kieliszek_do_koniaku_lav_250_ml_centrum_szron-300x240.png\" alt=\"\" width=\"300\" height=\"240\" srcset=\"https:\/\/violmax.pl\/wp-content\/uploads\/2021\/03\/Wisla_kieliszek_do_koniaku_lav_250_ml_centrum_szron-300x240.png 300w, https:\/\/violmax.pl\/wp-content\/uploads\/2021\/03\/Wisla_kieliszek_do_koniaku_lav_250_ml_centrum_szron-768x614.png 768w, https:\/\/violmax.pl\/wp-content\/uploads\/2021\/03\/Wisla_kieliszek_do_koniaku_lav_250_ml_centrum_szron-320x256.png 320w, https:\/\/violmax.pl\/wp-content\/uploads\/2021\/03\/Wisla_kieliszek_do_koniaku_lav_250_ml_centrum_szron-680x544.png 680w, https:\/\/violmax.pl\/wp-content\/uploads\/2021\/03\/Wisla_kieliszek_do_koniaku_lav_250_ml_centrum_szron.png 900w\" sizes=\"(max-width: 300px) 100vw, 300px\" \/><\/p>\n<p>&nbsp;<\/p>\n<p>Kieliszek do koniaku o pojemno\u015bci 390 ml. Do po\u0142owy jest precyzyjnie wypiaskowany. Z jednej strony jest wypiaskowana nazwa miasta Wis\u0142a, z drugiej widzimy motyw centrum miasta. Wygodny kieliszek, kt\u00f3ry sprawdzi si\u0119 w codziennym u\u017cytku jak i jako ozdoba do wszystkich wn\u0119trz. Idealna pami\u0105tka z Wis\u0142y , oraz \u015bwietny prezent dla ka\u017cdego. Nadaje si\u0119 do mycia w zmywarkach.<\/p>\n","protected":false},"excerpt":{"rendered":"<p><img loading=\"lazy\" class=\"alignnone size-full wp-image-5364\" src=\"http:\/\/violmax.pl\/wp-content\/uploads\/2020\/10\/VIOLMAX_POLSKA-3.jpg\" alt=\"\" width=\"300\" height=\"28\" \/><\/p>\n<p>&nbsp;<\/p>\n<p>Kieliszek do koniaku o pojemno\u015bci 390 ml. Do po\u0142owy jest precyzyjnie wypiaskowany. Z jednej strony jest wypiaskowana nazwa miasta Wis\u0142a, z drugiej widzimy motyw centrum miasta. Wygodny kieliszek, kt\u00f3ry sprawdzi si\u0119 w codziennym u\u017cytku jak i jako ozdoba do wszystkich wn\u0119trz. Idealna pami\u0105tka z Wis\u0142y , oraz \u015bwietny prezent dla ka\u017cdego. Nadaje si\u0119 do mycia w zmywarkach.<\/p>\n<p><strong><em>Minimalna ilo\u015b\u0107 zam\u00f3wienia &#8211; 6 sztuk (1 opakowanie)<\/em><br \/>\n<\/strong><\/p>\n<p><strong><em>Towar sprzedawany na opakowania<\/em><\/strong><\/p>\n<h3><span style=\"color: #ff0000;\">PRZY DODAWANIU DO KOSZYKA, NALE\u017bY DODAWA\u0106 KROTNO\u015a\u0106\u00a0 LICZBY 6 &#8211; (1 opak)\u00a0 np: 6 ; 12 ; 18 itd<\/span><\/h3>\n<h3><strong>CENA ZA SZTUK\u0118.<\/strong><\/h3>\n","protected":false},"featured_media":7210,"comment_status":"open","ping_status":"closed","template":"","meta":[],"_links":{"self":[{"href":"https:\/\/violmax.pl\/index.php\/wp-json\/wp\/v2\/product\/7253"}],"collection":[{"href":"https:\/\/violmax.pl\/index.php\/wp-json\/wp\/v2\/product"}],"about":[{"href":"https:\/\/violmax.pl\/index.php\/wp-json\/wp\/v2\/types\/product"}],"replies":[{"embeddable":true,"href":"https:\/\/violmax.pl\/index.php\/wp-json\/wp\/v2\/comments?post=7253"}],"wp:featuredmedia":[{"embeddable":true,"href":"https:\/\/violmax.pl\/index.php\/wp-json\/wp\/v2\/media\/7210"}],"wp:attachment":[{"href":"https:\/\/violmax.pl\/index.php\/wp-json\/wp\/v2\/media?parent=7253"}],"curies":[{"name":"wp","href":"https:\/\/api.w.org\/{rel}","templated":true}]}}