{"id":7226,"date":"2021-03-05T20:25:42","date_gmt":"2021-03-05T19:25:42","guid":{"rendered":"http:\/\/violmax.pl\/?post_type=product&#038;p=7226"},"modified":"2025-12-02T13:20:16","modified_gmt":"2025-12-02T12:20:16","slug":"wisla-szklanka-do-piwa-stopka-500-ml-schronisko-szron","status":"publish","type":"product","link":"https:\/\/violmax.pl\/index.php\/produkt\/wisla-szklanka-do-piwa-stopka-500-ml-schronisko-szron\/","title":{"rendered":"WIS\u0141A, SZKLANKA DO PIWA &#8220;MA\u0141GOSIA&#8221; 0,5 LITRA, CHATA SZRON"},"content":{"rendered":"<p><img loading=\"lazy\" class=\"alignnone size-medium wp-image-7221\" src=\"http:\/\/violmax.pl\/wp-content\/uploads\/2021\/03\/Wisla_szklanka_do_piwa_stopka_500_ml_schronisko_szron-300x300.png\" alt=\"\" width=\"300\" height=\"300\" srcset=\"https:\/\/violmax.pl\/wp-content\/uploads\/2021\/03\/Wisla_szklanka_do_piwa_stopka_500_ml_schronisko_szron-300x300.png 300w, https:\/\/violmax.pl\/wp-content\/uploads\/2021\/03\/Wisla_szklanka_do_piwa_stopka_500_ml_schronisko_szron-150x150.png 150w, https:\/\/violmax.pl\/wp-content\/uploads\/2021\/03\/Wisla_szklanka_do_piwa_stopka_500_ml_schronisko_szron-768x768.png 768w, https:\/\/violmax.pl\/wp-content\/uploads\/2021\/03\/Wisla_szklanka_do_piwa_stopka_500_ml_schronisko_szron-680x680.png 680w, https:\/\/violmax.pl\/wp-content\/uploads\/2021\/03\/Wisla_szklanka_do_piwa_stopka_500_ml_schronisko_szron-100x100.png 100w, https:\/\/violmax.pl\/wp-content\/uploads\/2021\/03\/Wisla_szklanka_do_piwa_stopka_500_ml_schronisko_szron.png 900w\" sizes=\"(max-width: 300px) 100vw, 300px\" \/><\/p>\n<p>&nbsp;<\/p>\n<p>Szklanka do piwa &#8220;MA\u0141GOSIA&#8221; o pojemno\u015bci 0,5 litra z wypiaskowanym motywem charakterystycznym dla Wis\u0142y oraz do po\u0142owy w szronie. Na szklance widnieje napis \u201dWis\u0142a\u201d oraz chata g\u00f3ralska. Zwyk\u0142a szklanka dzi\u0119ki precyzyjnemu piaskowaniu nabra\u0142a oryginalno\u015bci. Idealna pami\u0105tka z g\u00f3r. Nadaje si\u0119 do mycia w zmywarkach.<\/p>\n","protected":false},"excerpt":{"rendered":"<div class=\"woocommerce-product-details__short-description\">\n<div class=\"woocommerce-product-details__short-description\">\n<div class=\"woocommerce-product-details__short-description\">\n<p><img loading=\"lazy\" class=\"alignnone size-full wp-image-5364\" src=\"http:\/\/violmax.pl\/wp-content\/uploads\/2020\/10\/VIOLMAX_POLSKA-3.jpg\" alt=\"\" width=\"300\" height=\"28\" \/><\/p>\n<p>&nbsp;<\/p>\n<p>Szklanka do piwa &#8220;MA\u0141GOSIA&#8221; o pojemno\u015bci 0,5 litra z wypiaskowanym motywem charakterystycznym dla Wis\u0142y oraz do po\u0142owy w szronie. Na szklance widnieje napis \u201dWis\u0142a\u201d oraz chata g\u00f3ralska. Zwyk\u0142a szklanka dzi\u0119ki precyzyjnemu piaskowaniu nabra\u0142a oryginalno\u015bci. Idealna pami\u0105tka z g\u00f3r. Nadaje si\u0119 do mycia w zmywarkach.<\/p>\n<p><strong><em>Minimalna ilo\u015b\u0107 zam\u00f3wienia \u2013 6 sztuk (1 opakowanie)<\/em><br \/>\n<\/strong><\/p>\n<p><strong><em>Towar sprzedawany na opakowania<\/em><\/strong><\/p>\n<h3><span style=\"color: #ff0000;\">PRZY DODAWANIU DO KOSZYKA, NALE\u017bY DODAWA\u0106 KROTNO\u015a\u0106\u00a0 LICZBY 6 &#8211; (1 opak)\u00a0 np: 6 ; 12 ; 18 itd<\/span><\/h3>\n<h3><strong>CENA ZA SZTUK\u0118.<\/strong><\/h3>\n<\/div>\n<\/div>\n<\/div>\n","protected":false},"featured_media":7221,"comment_status":"open","ping_status":"closed","template":"","meta":[],"_links":{"self":[{"href":"https:\/\/violmax.pl\/index.php\/wp-json\/wp\/v2\/product\/7226"}],"collection":[{"href":"https:\/\/violmax.pl\/index.php\/wp-json\/wp\/v2\/product"}],"about":[{"href":"https:\/\/violmax.pl\/index.php\/wp-json\/wp\/v2\/types\/product"}],"replies":[{"embeddable":true,"href":"https:\/\/violmax.pl\/index.php\/wp-json\/wp\/v2\/comments?post=7226"}],"wp:featuredmedia":[{"embeddable":true,"href":"https:\/\/violmax.pl\/index.php\/wp-json\/wp\/v2\/media\/7221"}],"wp:attachment":[{"href":"https:\/\/violmax.pl\/index.php\/wp-json\/wp\/v2\/media?parent=7226"}],"curies":[{"name":"wp","href":"https:\/\/api.w.org\/{rel}","templated":true}]}}