{"id":7120,"date":"2021-02-26T19:22:44","date_gmt":"2021-02-26T18:22:44","guid":{"rendered":"http:\/\/violmax.pl\/?post_type=product&#038;p=7120"},"modified":"2025-12-02T13:21:06","modified_gmt":"2025-12-02T12:21:06","slug":"niechorze-szklanka-do-piwa-stopka-500-ml-kotwica-czerwona","status":"publish","type":"product","link":"https:\/\/violmax.pl\/index.php\/produkt\/niechorze-szklanka-do-piwa-stopka-500-ml-kotwica-czerwona\/","title":{"rendered":"NIECHORZE, SZKLANKA DO PIWA &#8220;MA\u0141GOSIA&#8221; 500 ML, KOTWICA CZERWONA"},"content":{"rendered":"<p><img loading=\"lazy\" class=\"alignnone size-medium wp-image-7087\" src=\"http:\/\/violmax.pl\/wp-content\/uploads\/2021\/02\/Niechorze_szklanka_do_piwa_stopka_500_ml_kotwica_czerwona-240x300.png\" alt=\"\" width=\"240\" height=\"300\" srcset=\"https:\/\/violmax.pl\/wp-content\/uploads\/2021\/02\/Niechorze_szklanka_do_piwa_stopka_500_ml_kotwica_czerwona-240x300.png 240w, https:\/\/violmax.pl\/wp-content\/uploads\/2021\/02\/Niechorze_szklanka_do_piwa_stopka_500_ml_kotwica_czerwona-680x850.png 680w, https:\/\/violmax.pl\/wp-content\/uploads\/2021\/02\/Niechorze_szklanka_do_piwa_stopka_500_ml_kotwica_czerwona.png 720w\" sizes=\"(max-width: 240px) 100vw, 240px\" \/><\/p>\n<p>&nbsp;<\/p>\n<p>Szklanka do piwa &#8220;MA\u0141GOSIA&#8221; o litra\u017cu 0,5 l. Ozdobiona\u00a0 jest metalowym odlewem kotwicy w kolorze czerwonym oraz napisem Niechorze. Pi\u0119kna szklanka do piwa na stopce, dedykowana szczeg\u00f3lnie kobietom. Wygodnie trzyma si\u0119 w d\u0142oni. Elegancka pami\u0105tka z Niechorza.<\/p>\n","protected":false},"excerpt":{"rendered":"<p><img loading=\"lazy\" class=\"alignnone size-medium wp-image-3492\" src=\"http:\/\/violmax.pl\/wp-content\/uploads\/2020\/05\/VIOLMAX_POLSKA-300x28.jpg\" alt=\"\" width=\"300\" height=\"28\" \/><\/p>\n<p>&nbsp;<\/p>\n<p>Szklanka do piwa &#8220;MA\u0141GOSIA&#8221; o litra\u017cu 0,5 l. Ozdobiona\u00a0 jest metalowym odlewem kotwicy w kolorze czerwonym oraz napisem Niechorze. Pi\u0119kna szklanka do piwa na stopce, dedykowana szczeg\u00f3lnie kobietom. Wygodnie trzyma si\u0119 w d\u0142oni. Elegancka pami\u0105tka z Niechorza.<\/p>\n<p><strong><em>Minimalna ilo\u015b\u0107 zam\u00f3wienia &#8211; 6 sztuk (1 opakowanie)<\/em><br \/>\n<\/strong><\/p>\n<p><strong><em>Towar sprzedawany na opakowania<\/em><\/strong><\/p>\n<h3><span style=\"color: #ff0000;\">PRZY DODAWANIU DO KOSZYKA, NALE\u017bY DODAWA\u0106 KROTNO\u015a\u0106\u00a0 LICZBY 6 &#8211; (1 opak)\u00a0 np: 6 ; 12 ; 18 itd<\/span><\/h3>\n<h3><strong>CENA ZA SZTUK\u0118.<\/strong><\/h3>\n<h2><strong>\u00a0<\/strong><\/h2>\n","protected":false},"featured_media":7087,"comment_status":"open","ping_status":"closed","template":"","meta":[],"_links":{"self":[{"href":"https:\/\/violmax.pl\/index.php\/wp-json\/wp\/v2\/product\/7120"}],"collection":[{"href":"https:\/\/violmax.pl\/index.php\/wp-json\/wp\/v2\/product"}],"about":[{"href":"https:\/\/violmax.pl\/index.php\/wp-json\/wp\/v2\/types\/product"}],"replies":[{"embeddable":true,"href":"https:\/\/violmax.pl\/index.php\/wp-json\/wp\/v2\/comments?post=7120"}],"wp:featuredmedia":[{"embeddable":true,"href":"https:\/\/violmax.pl\/index.php\/wp-json\/wp\/v2\/media\/7087"}],"wp:attachment":[{"href":"https:\/\/violmax.pl\/index.php\/wp-json\/wp\/v2\/media?parent=7120"}],"curies":[{"name":"wp","href":"https:\/\/api.w.org\/{rel}","templated":true}]}}